{"id":8923,"date":"2026-04-08T17:48:17","date_gmt":"2026-04-08T17:48:17","guid":{"rendered":"https:\/\/klamotslawek.pl\/?post_type=product&#038;p=8923"},"modified":"2026-04-08T17:48:17","modified_gmt":"2026-04-08T17:48:17","slug":"duza-szlifierka-katowa-metabo-486","status":"publish","type":"product","link":"https:\/\/klamotslawek.pl\/?product=duza-szlifierka-katowa-metabo-486","title":{"rendered":"du\u017ca szlifierka k\u0105towa Metabo \/  486"},"content":{"rendered":"<p>&nbsp;<\/p>\n<p>&nbsp;<\/p>\n<p>Sprzedam du\u017c\u0105 szlifierk\u0119 k\u0105tow\u0105 marki Metabo.<br \/>\nUrz\u0105dzenie jest przeznaczone do ci\u0119cia, szlifowania i frezowania r\u00f3\u017cnych materia\u0142\u00f3w.<br \/>\nJest to profesjonalne elektronarz\u0119dzie wykorzystywane w budownictwie i przemy\u015ble. Stan wizualny zgodny ze zdj\u0119ciami , sprawna w 100% , mo\u017cliwa wysy\u0142ka kurierem<\/p>\n","protected":false},"excerpt":{"rendered":"<p>&nbsp; &nbsp; Sprzedam du\u017c\u0105 szlifierk\u0119 k\u0105tow\u0105 marki Metabo. Urz\u0105dzenie jest przeznaczone do ci\u0119cia, szlifowania i frezowania r\u00f3\u017cnych materia\u0142\u00f3w. Jest to profesjonalne elektronarz\u0119dzie wykorzystywane w budownictwie i przemy\u015ble. Stan wizualny zgodny ze zdj\u0119ciami , sprawna w 100% , mo\u017cliwa wysy\u0142ka kurierem<\/p>\n","protected":false},"featured_media":8928,"comment_status":"open","ping_status":"closed","template":"","meta":{"_kadence_starter_templates_imported_post":false,"_kad_post_transparent":"default","_kad_post_title":"","_kad_post_layout":"default","_kad_post_sidebar_id":"","_kad_post_content_style":"default","_kad_post_vertical_padding":"default","_kad_post_feature":"","_kad_post_feature_position":"","_kad_post_header":false,"_kad_post_footer":false,"_kad_post_classname":""},"product_brand":[],"product_cat":[26],"product_tag":[],"class_list":{"0":"post-8923","1":"product","2":"type-product","3":"status-publish","4":"has-post-thumbnail","6":"product_cat-narzedzia","8":"first","9":"instock","10":"taxable","11":"shipping-taxable","12":"purchasable","13":"product-type-simple","14":"entry","15":"content-bg","16":"loop-entry"},"_links":{"self":[{"href":"https:\/\/klamotslawek.pl\/index.php?rest_route=\/wp\/v2\/product\/8923","targetHints":{"allow":["GET"]}}],"collection":[{"href":"https:\/\/klamotslawek.pl\/index.php?rest_route=\/wp\/v2\/product"}],"about":[{"href":"https:\/\/klamotslawek.pl\/index.php?rest_route=\/wp\/v2\/types\/product"}],"replies":[{"embeddable":true,"href":"https:\/\/klamotslawek.pl\/index.php?rest_route=%2Fwp%2Fv2%2Fcomments&post=8923"}],"wp:featuredmedia":[{"embeddable":true,"href":"https:\/\/klamotslawek.pl\/index.php?rest_route=\/wp\/v2\/media\/8928"}],"wp:attachment":[{"href":"https:\/\/klamotslawek.pl\/index.php?rest_route=%2Fwp%2Fv2%2Fmedia&parent=8923"}],"wp:term":[{"taxonomy":"product_brand","embeddable":true,"href":"https:\/\/klamotslawek.pl\/index.php?rest_route=%2Fwp%2Fv2%2Fproduct_brand&post=8923"},{"taxonomy":"product_cat","embeddable":true,"href":"https:\/\/klamotslawek.pl\/index.php?rest_route=%2Fwp%2Fv2%2Fproduct_cat&post=8923"},{"taxonomy":"product_tag","embeddable":true,"href":"https:\/\/klamotslawek.pl\/index.php?rest_route=%2Fwp%2Fv2%2Fproduct_tag&post=8923"}],"curies":[{"name":"wp","href":"https:\/\/api.w.org\/{rel}","templated":true}]}}