{"id":8891,"date":"2026-04-08T17:12:07","date_gmt":"2026-04-08T17:12:07","guid":{"rendered":"https:\/\/klamotslawek.pl\/?post_type=product&#038;p=8891"},"modified":"2026-04-08T17:12:07","modified_gmt":"2026-04-08T17:12:07","slug":"rower-damski-kola-28-563","status":"publish","type":"product","link":"https:\/\/klamotslawek.pl\/?product=rower-damski-kola-28-563","title":{"rendered":"rower damski , ko\u0142a 28 \/ 563"},"content":{"rendered":"<p>&nbsp;<\/p>\n<p>&nbsp;<\/p>\n<p>Sprzedam u\u017cywany rower miejski charakteryzuj\u0105cy si\u0119 damsk\u0105 ram\u0105 typu &#8222;\u0142ab\u0119d\u017a&#8221; w kolorze niebieskim.<br \/>\nRower miejski \/ holenderski.<br \/>\nRower posiada przedni koszyk na zakupy, tylny baga\u017cnik, os\u0142ony na ko\u0142a (sp\u00f3dnice) oraz o\u015bwietlenie.<br \/>\nIdealny do codziennych dojazd\u00f3w w terenie zabudowanym. Stan wizualny roweru zgodny ze zdj\u0119ciami , sprawny gotowy do u\u017cytkowania , proponuj\u0119 odbi\u00f3r osobisty , jazd\u0119 pr\u00f3bn\u0105 , mo\u017cliwy transport , wysy\u0142ka<\/p>\n","protected":false},"excerpt":{"rendered":"<p>&nbsp; &nbsp; Sprzedam u\u017cywany rower miejski charakteryzuj\u0105cy si\u0119 damsk\u0105 ram\u0105 typu &#8222;\u0142ab\u0119d\u017a&#8221; w kolorze niebieskim. Rower miejski \/ holenderski. Rower posiada przedni koszyk na zakupy, tylny baga\u017cnik, os\u0142ony na ko\u0142a (sp\u00f3dnice) oraz o\u015bwietlenie. Idealny do codziennych dojazd\u00f3w w terenie zabudowanym. Stan wizualny roweru zgodny ze zdj\u0119ciami , sprawny gotowy do u\u017cytkowania , proponuj\u0119 odbi\u00f3r osobisty&#8230;<\/p>\n","protected":false},"featured_media":8892,"comment_status":"open","ping_status":"closed","template":"","meta":{"_kadence_starter_templates_imported_post":false,"_kad_post_transparent":"default","_kad_post_title":"","_kad_post_layout":"default","_kad_post_sidebar_id":"","_kad_post_content_style":"default","_kad_post_vertical_padding":"default","_kad_post_feature":"","_kad_post_feature_position":"","_kad_post_header":false,"_kad_post_footer":false,"_kad_post_classname":""},"product_brand":[],"product_cat":[23],"product_tag":[],"class_list":{"0":"post-8891","1":"product","2":"type-product","3":"status-publish","4":"has-post-thumbnail","6":"product_cat-rowery","8":"first","9":"instock","10":"taxable","11":"shipping-taxable","12":"purchasable","13":"product-type-simple","14":"entry","15":"content-bg","16":"loop-entry"},"_links":{"self":[{"href":"https:\/\/klamotslawek.pl\/index.php?rest_route=\/wp\/v2\/product\/8891","targetHints":{"allow":["GET"]}}],"collection":[{"href":"https:\/\/klamotslawek.pl\/index.php?rest_route=\/wp\/v2\/product"}],"about":[{"href":"https:\/\/klamotslawek.pl\/index.php?rest_route=\/wp\/v2\/types\/product"}],"replies":[{"embeddable":true,"href":"https:\/\/klamotslawek.pl\/index.php?rest_route=%2Fwp%2Fv2%2Fcomments&post=8891"}],"wp:featuredmedia":[{"embeddable":true,"href":"https:\/\/klamotslawek.pl\/index.php?rest_route=\/wp\/v2\/media\/8892"}],"wp:attachment":[{"href":"https:\/\/klamotslawek.pl\/index.php?rest_route=%2Fwp%2Fv2%2Fmedia&parent=8891"}],"wp:term":[{"taxonomy":"product_brand","embeddable":true,"href":"https:\/\/klamotslawek.pl\/index.php?rest_route=%2Fwp%2Fv2%2Fproduct_brand&post=8891"},{"taxonomy":"product_cat","embeddable":true,"href":"https:\/\/klamotslawek.pl\/index.php?rest_route=%2Fwp%2Fv2%2Fproduct_cat&post=8891"},{"taxonomy":"product_tag","embeddable":true,"href":"https:\/\/klamotslawek.pl\/index.php?rest_route=%2Fwp%2Fv2%2Fproduct_tag&post=8891"}],"curies":[{"name":"wp","href":"https:\/\/api.w.org\/{rel}","templated":true}]}}