{"id":8884,"date":"2026-04-08T17:05:57","date_gmt":"2026-04-08T17:05:57","guid":{"rendered":"https:\/\/klamotslawek.pl\/?post_type=product&#038;p=8884"},"modified":"2026-04-08T17:05:57","modified_gmt":"2026-04-08T17:05:57","slug":"rower-damski-kola-28-561","status":"publish","type":"product","link":"https:\/\/klamotslawek.pl\/?product=rower-damski-kola-28-561","title":{"rendered":"rower damski , ko\u0142a 28 \/  561"},"content":{"rendered":"<p>&nbsp;<\/p>\n<p>&nbsp;<\/p>\n<p>&nbsp;<\/p>\n<p>Sprzedam rower miejski marki Comeback z ko\u0142ami o rozmiarze 28 cali.<br \/>\nRower miejski (city bike) typu damka.<br \/>\nRozmiar 28 cali, typowy dla rower\u00f3w miejskich i trekkingowych.<br \/>\nWyposa\u017cenie: Rower posiada zamontowany baga\u017cnik tylny oraz b\u0142otniki. Rower sprawny , gotowy do u\u017cytkowania , stan wizualny zgodny ze zdjeciami , proponuje odbi\u00f3r osobisty , jazd\u0119 pr\u00f3bn\u0105 , mo\u017cliwy transport<\/p>\n","protected":false},"excerpt":{"rendered":"<p>&nbsp; &nbsp; &nbsp; Sprzedam rower miejski marki Comeback z ko\u0142ami o rozmiarze 28 cali. Rower miejski (city bike) typu damka. Rozmiar 28 cali, typowy dla rower\u00f3w miejskich i trekkingowych. Wyposa\u017cenie: Rower posiada zamontowany baga\u017cnik tylny oraz b\u0142otniki. Rower sprawny , gotowy do u\u017cytkowania , stan wizualny zgodny ze zdjeciami , proponuje odbi\u00f3r osobisty , jazd\u0119&#8230;<\/p>\n","protected":false},"featured_media":8885,"comment_status":"open","ping_status":"closed","template":"","meta":{"_kadence_starter_templates_imported_post":false,"_kad_post_transparent":"default","_kad_post_title":"","_kad_post_layout":"default","_kad_post_sidebar_id":"","_kad_post_content_style":"default","_kad_post_vertical_padding":"default","_kad_post_feature":"","_kad_post_feature_position":"","_kad_post_header":false,"_kad_post_footer":false,"_kad_post_classname":""},"product_brand":[],"product_cat":[23],"product_tag":[],"class_list":{"0":"post-8884","1":"product","2":"type-product","3":"status-publish","4":"has-post-thumbnail","6":"product_cat-rowery","8":"first","9":"instock","10":"taxable","11":"shipping-taxable","12":"purchasable","13":"product-type-simple","14":"entry","15":"content-bg","16":"loop-entry"},"_links":{"self":[{"href":"https:\/\/klamotslawek.pl\/index.php?rest_route=\/wp\/v2\/product\/8884","targetHints":{"allow":["GET"]}}],"collection":[{"href":"https:\/\/klamotslawek.pl\/index.php?rest_route=\/wp\/v2\/product"}],"about":[{"href":"https:\/\/klamotslawek.pl\/index.php?rest_route=\/wp\/v2\/types\/product"}],"replies":[{"embeddable":true,"href":"https:\/\/klamotslawek.pl\/index.php?rest_route=%2Fwp%2Fv2%2Fcomments&post=8884"}],"wp:featuredmedia":[{"embeddable":true,"href":"https:\/\/klamotslawek.pl\/index.php?rest_route=\/wp\/v2\/media\/8885"}],"wp:attachment":[{"href":"https:\/\/klamotslawek.pl\/index.php?rest_route=%2Fwp%2Fv2%2Fmedia&parent=8884"}],"wp:term":[{"taxonomy":"product_brand","embeddable":true,"href":"https:\/\/klamotslawek.pl\/index.php?rest_route=%2Fwp%2Fv2%2Fproduct_brand&post=8884"},{"taxonomy":"product_cat","embeddable":true,"href":"https:\/\/klamotslawek.pl\/index.php?rest_route=%2Fwp%2Fv2%2Fproduct_cat&post=8884"},{"taxonomy":"product_tag","embeddable":true,"href":"https:\/\/klamotslawek.pl\/index.php?rest_route=%2Fwp%2Fv2%2Fproduct_tag&post=8884"}],"curies":[{"name":"wp","href":"https:\/\/api.w.org\/{rel}","templated":true}]}}