{"id":8810,"date":"2026-03-30T15:20:30","date_gmt":"2026-03-30T15:20:30","guid":{"rendered":"https:\/\/klamotslawek.pl\/?post_type=product&#038;p=8810"},"modified":"2026-03-30T15:20:30","modified_gmt":"2026-03-30T15:20:30","slug":"maszyna-do-szycia-necchi-559-599","status":"publish","type":"product","link":"https:\/\/klamotslawek.pl\/?product=maszyna-do-szycia-necchi-559-599","title":{"rendered":"Maszyna do szycia Necchi 559 \/  599"},"content":{"rendered":"<p>&nbsp;<\/p>\n<p>&nbsp;<\/p>\n<p>&nbsp;<\/p>\n<p>Maszyna do szycia Necchi 559\/ w u\u017cywanym stanie. Doskona\u0142y wyb\u00f3r dla os\u00f3b poszukuj\u0105cych solidnego narz\u0119dzia do szycia. Model ten oferuje szerok\u0105 gam\u0119 funkcji i udogodnie\u0144, kt\u00f3re u\u0142atwi\u0105 codzienn\u0105 prac\u0119 przy szyciu. Niezawodna i trwa\u0142a konstrukcja sprawia, \u017ce b\u0119dzie s\u0142u\u017cy\u0107 przez wiele lat.<br \/>\nNa sprzeda\u017c bardzo solidna i niezawodna maszyna do szycia Necchi . Sprz\u0119t w bardzo dobrym stanie, u\u017cyty tylko kilka razy co za tym idzie w \u017caden spos\u00f3b nie zu\u017cyty ! , maszyna w pe\u0142ni sprawna i gotowa do pracy.Stan wizualny maszyny zgodny ze zdj\u0119ciami<\/p>\n<p>Najwa\u017cniejsze zalety:<\/p>\n<p>Ca\u0142a metalowa konstrukcja \u2013 bardzo solidna, stabilna i trwa\u0142a<br \/>\nMocna i wytrzyma\u0142a \u2013 nie jest to lekka, plastikowa maszyna<br \/>\n\u015acieg prosty, zygzak oraz \u015bciegi u\u017cytkowe i dekoracyjne a tak\u017ce funkcja owerlok!<br \/>\nRegulacja d\u0142ugo\u015bci i szeroko\u015bci \u015bciegu<br \/>\nObszywanie dziurek na guziki<br \/>\nRegulacja napr\u0119\u017cenia nici<br \/>\nP\u0142ynna regulacja pr\u0119dko\u015bci peda\u0142em<br \/>\nRadzi sobie zar\u00f3wno z cienkimi, jak i bardzo grubymi materia\u0142ami (np. jeans, sk\u00f3ra , tapicerka , paski )<\/p>\n<p>Maszyna pracuje r\u00f3wno i cicho, idealna do domowych napraw, szycia ubra\u0144, zas\u0142on czy innych wielkich projekt\u00f3w krawieckich.<\/p>\n<p>Mo\u017cliwo\u015b\u0107 sprawdzenia na miejscu po wcze\u015bniejszym kontakcie lub oczywi\u015bcie wysy\u0142ka .<\/p>\n<p>&nbsp;<\/p>\n","protected":false},"excerpt":{"rendered":"<p>&nbsp; &nbsp; &nbsp; Maszyna do szycia Necchi 559\/ w u\u017cywanym stanie. Doskona\u0142y wyb\u00f3r dla os\u00f3b poszukuj\u0105cych solidnego narz\u0119dzia do szycia. Model ten oferuje szerok\u0105 gam\u0119 funkcji i udogodnie\u0144, kt\u00f3re u\u0142atwi\u0105 codzienn\u0105 prac\u0119 przy szyciu. Niezawodna i trwa\u0142a konstrukcja sprawia, \u017ce b\u0119dzie s\u0142u\u017cy\u0107 przez wiele lat. Na sprzeda\u017c bardzo solidna i niezawodna maszyna do szycia Necchi&#8230;<\/p>\n","protected":false},"featured_media":8811,"comment_status":"open","ping_status":"closed","template":"","meta":{"_kadence_starter_templates_imported_post":false,"_kad_post_transparent":"default","_kad_post_title":"","_kad_post_layout":"default","_kad_post_sidebar_id":"","_kad_post_content_style":"default","_kad_post_vertical_padding":"default","_kad_post_feature":"","_kad_post_feature_position":"","_kad_post_header":false,"_kad_post_footer":false,"_kad_post_classname":""},"product_brand":[],"product_cat":[27],"product_tag":[],"class_list":{"0":"post-8810","1":"product","2":"type-product","3":"status-publish","4":"has-post-thumbnail","6":"product_cat-rozne","8":"first","9":"instock","10":"taxable","11":"shipping-taxable","12":"purchasable","13":"product-type-simple","14":"entry","15":"content-bg","16":"loop-entry"},"_links":{"self":[{"href":"https:\/\/klamotslawek.pl\/index.php?rest_route=\/wp\/v2\/product\/8810","targetHints":{"allow":["GET"]}}],"collection":[{"href":"https:\/\/klamotslawek.pl\/index.php?rest_route=\/wp\/v2\/product"}],"about":[{"href":"https:\/\/klamotslawek.pl\/index.php?rest_route=\/wp\/v2\/types\/product"}],"replies":[{"embeddable":true,"href":"https:\/\/klamotslawek.pl\/index.php?rest_route=%2Fwp%2Fv2%2Fcomments&post=8810"}],"wp:featuredmedia":[{"embeddable":true,"href":"https:\/\/klamotslawek.pl\/index.php?rest_route=\/wp\/v2\/media\/8811"}],"wp:attachment":[{"href":"https:\/\/klamotslawek.pl\/index.php?rest_route=%2Fwp%2Fv2%2Fmedia&parent=8810"}],"wp:term":[{"taxonomy":"product_brand","embeddable":true,"href":"https:\/\/klamotslawek.pl\/index.php?rest_route=%2Fwp%2Fv2%2Fproduct_brand&post=8810"},{"taxonomy":"product_cat","embeddable":true,"href":"https:\/\/klamotslawek.pl\/index.php?rest_route=%2Fwp%2Fv2%2Fproduct_cat&post=8810"},{"taxonomy":"product_tag","embeddable":true,"href":"https:\/\/klamotslawek.pl\/index.php?rest_route=%2Fwp%2Fv2%2Fproduct_tag&post=8810"}],"curies":[{"name":"wp","href":"https:\/\/api.w.org\/{rel}","templated":true}]}}