{"id":8798,"date":"2026-03-30T15:12:02","date_gmt":"2026-03-30T15:12:02","guid":{"rendered":"https:\/\/klamotslawek.pl\/?post_type=product&#038;p=8798"},"modified":"2026-03-30T16:02:30","modified_gmt":"2026-03-30T16:02:30","slug":"maszyna-do-szycia-pfaff-hobbymatic-919-1","status":"publish","type":"product","link":"https:\/\/klamotslawek.pl\/?product=maszyna-do-szycia-pfaff-hobbymatic-919-1","title":{"rendered":"Maszyna do szycia Pfaff Hobbymatic 919-1"},"content":{"rendered":"<p>&nbsp;<\/p>\n<p>&nbsp;<\/p>\n<p>Maszyna do szycia Pfaff Hobbymatic 919-1 , u\u017cywana. Doskona\u0142a opcja dla mi\u0142o\u015bnik\u00f3w szycia. Solidna konstrukcja i \u0142atwe w obs\u0142udze. Idealna do r\u00f3\u017cnych projekt\u00f3w krawieckich . Maszyna w 100% sprawna , szyje bez zarzut\u00f3w , stan wizualny maszyny zgodny ze zdj\u0119ciami , proponuj\u0119 odbi\u00f3r osobisty , mo\u017cliwa wysy\u0142ka kurierem , transport<\/p>\n","protected":false},"excerpt":{"rendered":"<p>&nbsp; &nbsp; Maszyna do szycia Pfaff Hobbymatic 919-1 , u\u017cywana. Doskona\u0142a opcja dla mi\u0142o\u015bnik\u00f3w szycia. Solidna konstrukcja i \u0142atwe w obs\u0142udze. Idealna do r\u00f3\u017cnych projekt\u00f3w krawieckich . Maszyna w 100% sprawna , szyje bez zarzut\u00f3w , stan wizualny maszyny zgodny ze zdj\u0119ciami , proponuj\u0119 odbi\u00f3r osobisty , mo\u017cliwa wysy\u0142ka kurierem , transport<\/p>\n","protected":false},"featured_media":8801,"comment_status":"open","ping_status":"closed","template":"","meta":{"_kadence_starter_templates_imported_post":false,"_kad_post_transparent":"default","_kad_post_title":"","_kad_post_layout":"default","_kad_post_sidebar_id":"","_kad_post_content_style":"default","_kad_post_vertical_padding":"default","_kad_post_feature":"","_kad_post_feature_position":"","_kad_post_header":false,"_kad_post_footer":false,"_kad_post_classname":""},"product_brand":[],"product_cat":[27],"product_tag":[],"class_list":{"0":"post-8798","1":"product","2":"type-product","3":"status-publish","4":"has-post-thumbnail","6":"product_cat-rozne","8":"first","9":"instock","10":"taxable","11":"shipping-taxable","12":"purchasable","13":"product-type-simple","14":"entry","15":"content-bg","16":"loop-entry"},"_links":{"self":[{"href":"https:\/\/klamotslawek.pl\/index.php?rest_route=\/wp\/v2\/product\/8798","targetHints":{"allow":["GET"]}}],"collection":[{"href":"https:\/\/klamotslawek.pl\/index.php?rest_route=\/wp\/v2\/product"}],"about":[{"href":"https:\/\/klamotslawek.pl\/index.php?rest_route=\/wp\/v2\/types\/product"}],"replies":[{"embeddable":true,"href":"https:\/\/klamotslawek.pl\/index.php?rest_route=%2Fwp%2Fv2%2Fcomments&post=8798"}],"wp:featuredmedia":[{"embeddable":true,"href":"https:\/\/klamotslawek.pl\/index.php?rest_route=\/wp\/v2\/media\/8801"}],"wp:attachment":[{"href":"https:\/\/klamotslawek.pl\/index.php?rest_route=%2Fwp%2Fv2%2Fmedia&parent=8798"}],"wp:term":[{"taxonomy":"product_brand","embeddable":true,"href":"https:\/\/klamotslawek.pl\/index.php?rest_route=%2Fwp%2Fv2%2Fproduct_brand&post=8798"},{"taxonomy":"product_cat","embeddable":true,"href":"https:\/\/klamotslawek.pl\/index.php?rest_route=%2Fwp%2Fv2%2Fproduct_cat&post=8798"},{"taxonomy":"product_tag","embeddable":true,"href":"https:\/\/klamotslawek.pl\/index.php?rest_route=%2Fwp%2Fv2%2Fproduct_tag&post=8798"}],"curies":[{"name":"wp","href":"https:\/\/api.w.org\/{rel}","templated":true}]}}