{"id":8776,"date":"2026-03-30T08:53:07","date_gmt":"2026-03-30T08:53:07","guid":{"rendered":"https:\/\/klamotslawek.pl\/?post_type=product&#038;p=8776"},"modified":"2026-03-30T08:53:07","modified_gmt":"2026-03-30T08:53:07","slug":"szlifierka-katowa-aeg-593","status":"publish","type":"product","link":"https:\/\/klamotslawek.pl\/?product=szlifierka-katowa-aeg-593","title":{"rendered":"szlifierka k\u0105towa AEG  \/ 593"},"content":{"rendered":"<p>&nbsp;<\/p>\n<p>&nbsp;<\/p>\n<p>U\u017cywana szlifierka k\u0105towa AEG o du\u017cej mocy 1900 W. Urz\u0105dzenie w stanie u\u017cywanym, z widocznymi \u015bladami u\u017cytkowania , sprawne w 100% , dzia\u0142a bez zarzut\u00f3w , stan wizualny zgodny ze zdj\u0119ciami ,Przydatne narz\u0119dzie do prac remontowych i budowlanych.<br \/>\nszlifierka k\u0105towa marki AEG, model WSBA1900.<br \/>\nMoc: 1900 W<br \/>\n\u015arednica tarczy: 230 mm<br \/>\nPr\u0119dko\u015b\u0107 obrotowa: 6600 obr.\/min<br \/>\nNapi\u0119cie: 220 V<br \/>\nmo\u017cliwa wysy\u0142ka kurierem , &#8212; pobranie<\/p>\n","protected":false},"excerpt":{"rendered":"<p>&nbsp; &nbsp; U\u017cywana szlifierka k\u0105towa AEG o du\u017cej mocy 1900 W. Urz\u0105dzenie w stanie u\u017cywanym, z widocznymi \u015bladami u\u017cytkowania , sprawne w 100% , dzia\u0142a bez zarzut\u00f3w , stan wizualny zgodny ze zdj\u0119ciami ,Przydatne narz\u0119dzie do prac remontowych i budowlanych. szlifierka k\u0105towa marki AEG, model WSBA1900. Moc: 1900 W \u015arednica tarczy: 230 mm Pr\u0119dko\u015b\u0107 obrotowa:&#8230;<\/p>\n","protected":false},"featured_media":8779,"comment_status":"open","ping_status":"closed","template":"","meta":{"_kadence_starter_templates_imported_post":false,"_kad_post_transparent":"default","_kad_post_title":"","_kad_post_layout":"default","_kad_post_sidebar_id":"","_kad_post_content_style":"default","_kad_post_vertical_padding":"default","_kad_post_feature":"","_kad_post_feature_position":"","_kad_post_header":false,"_kad_post_footer":false,"_kad_post_classname":""},"product_brand":[],"product_cat":[26],"product_tag":[],"class_list":{"0":"post-8776","1":"product","2":"type-product","3":"status-publish","4":"has-post-thumbnail","6":"product_cat-narzedzia","8":"first","9":"instock","10":"taxable","11":"shipping-taxable","12":"purchasable","13":"product-type-simple","14":"entry","15":"content-bg","16":"loop-entry"},"_links":{"self":[{"href":"https:\/\/klamotslawek.pl\/index.php?rest_route=\/wp\/v2\/product\/8776","targetHints":{"allow":["GET"]}}],"collection":[{"href":"https:\/\/klamotslawek.pl\/index.php?rest_route=\/wp\/v2\/product"}],"about":[{"href":"https:\/\/klamotslawek.pl\/index.php?rest_route=\/wp\/v2\/types\/product"}],"replies":[{"embeddable":true,"href":"https:\/\/klamotslawek.pl\/index.php?rest_route=%2Fwp%2Fv2%2Fcomments&post=8776"}],"wp:featuredmedia":[{"embeddable":true,"href":"https:\/\/klamotslawek.pl\/index.php?rest_route=\/wp\/v2\/media\/8779"}],"wp:attachment":[{"href":"https:\/\/klamotslawek.pl\/index.php?rest_route=%2Fwp%2Fv2%2Fmedia&parent=8776"}],"wp:term":[{"taxonomy":"product_brand","embeddable":true,"href":"https:\/\/klamotslawek.pl\/index.php?rest_route=%2Fwp%2Fv2%2Fproduct_brand&post=8776"},{"taxonomy":"product_cat","embeddable":true,"href":"https:\/\/klamotslawek.pl\/index.php?rest_route=%2Fwp%2Fv2%2Fproduct_cat&post=8776"},{"taxonomy":"product_tag","embeddable":true,"href":"https:\/\/klamotslawek.pl\/index.php?rest_route=%2Fwp%2Fv2%2Fproduct_tag&post=8776"}],"curies":[{"name":"wp","href":"https:\/\/api.w.org\/{rel}","templated":true}]}}