{"id":8754,"date":"2026-03-29T16:08:26","date_gmt":"2026-03-29T16:08:26","guid":{"rendered":"https:\/\/klamotslawek.pl\/?post_type=product&#038;p=8754"},"modified":"2026-03-29T16:08:26","modified_gmt":"2026-03-29T16:08:26","slug":"lodowka-turystyczna-607","status":"publish","type":"product","link":"https:\/\/klamotslawek.pl\/?product=lodowka-turystyczna-607","title":{"rendered":"lod\u00f3wka turystyczna \/ 607"},"content":{"rendered":"<p>&nbsp;<\/p>\n<p>&nbsp;<\/p>\n<p>&nbsp;<\/p>\n<p>Sprzedam przeno\u015bn\u0105 lod\u00f3wk\u0119 turystyczn\u0105 marki Norauto z funkcj\u0105 ch\u0142odzenia , pojemno\u015b\u0107 40 litr\u00f3w.<br \/>\nPosiada teleskopow\u0105 r\u0105czk\u0119 i k\u00f3\u0142ka u\u0142atwiaj\u0105ce transport.<br \/>\nZasilana jest zazwyczaj z gniazda zapalniczki samochodowej (12V).<br \/>\nPrzeznaczona do przechowywania \u017cywno\u015bci i napoj\u00f3w w niskiej temperaturze podczas podr\u00f3\u017cy. Wymiar : 38\/655 cm , wysoko\u015b\u0107 44 cm , lod\u00f3wka w 100 % sprawna , stan wizualny zgodny ze zdj\u0119ciami , proponuj\u0119 odbi\u00f3r osobisty , mo\u017cliwa wysy\u0142ka kurierem , transport<\/p>\n","protected":false},"excerpt":{"rendered":"<p>&nbsp; &nbsp; &nbsp; Sprzedam przeno\u015bn\u0105 lod\u00f3wk\u0119 turystyczn\u0105 marki Norauto z funkcj\u0105 ch\u0142odzenia , pojemno\u015b\u0107 40 litr\u00f3w. Posiada teleskopow\u0105 r\u0105czk\u0119 i k\u00f3\u0142ka u\u0142atwiaj\u0105ce transport. Zasilana jest zazwyczaj z gniazda zapalniczki samochodowej (12V). Przeznaczona do przechowywania \u017cywno\u015bci i napoj\u00f3w w niskiej temperaturze podczas podr\u00f3\u017cy. Wymiar : 38\/655 cm , wysoko\u015b\u0107 44 cm , lod\u00f3wka w 100 %&#8230;<\/p>\n","protected":false},"featured_media":8755,"comment_status":"open","ping_status":"closed","template":"","meta":{"_kadence_starter_templates_imported_post":false,"_kad_post_transparent":"default","_kad_post_title":"","_kad_post_layout":"default","_kad_post_sidebar_id":"","_kad_post_content_style":"default","_kad_post_vertical_padding":"default","_kad_post_feature":"","_kad_post_feature_position":"","_kad_post_header":false,"_kad_post_footer":false,"_kad_post_classname":""},"product_brand":[],"product_cat":[27],"product_tag":[],"class_list":{"0":"post-8754","1":"product","2":"type-product","3":"status-publish","4":"has-post-thumbnail","6":"product_cat-rozne","8":"first","9":"instock","10":"taxable","11":"shipping-taxable","12":"purchasable","13":"product-type-simple","14":"entry","15":"content-bg","16":"loop-entry"},"_links":{"self":[{"href":"https:\/\/klamotslawek.pl\/index.php?rest_route=\/wp\/v2\/product\/8754","targetHints":{"allow":["GET"]}}],"collection":[{"href":"https:\/\/klamotslawek.pl\/index.php?rest_route=\/wp\/v2\/product"}],"about":[{"href":"https:\/\/klamotslawek.pl\/index.php?rest_route=\/wp\/v2\/types\/product"}],"replies":[{"embeddable":true,"href":"https:\/\/klamotslawek.pl\/index.php?rest_route=%2Fwp%2Fv2%2Fcomments&post=8754"}],"wp:featuredmedia":[{"embeddable":true,"href":"https:\/\/klamotslawek.pl\/index.php?rest_route=\/wp\/v2\/media\/8755"}],"wp:attachment":[{"href":"https:\/\/klamotslawek.pl\/index.php?rest_route=%2Fwp%2Fv2%2Fmedia&parent=8754"}],"wp:term":[{"taxonomy":"product_brand","embeddable":true,"href":"https:\/\/klamotslawek.pl\/index.php?rest_route=%2Fwp%2Fv2%2Fproduct_brand&post=8754"},{"taxonomy":"product_cat","embeddable":true,"href":"https:\/\/klamotslawek.pl\/index.php?rest_route=%2Fwp%2Fv2%2Fproduct_cat&post=8754"},{"taxonomy":"product_tag","embeddable":true,"href":"https:\/\/klamotslawek.pl\/index.php?rest_route=%2Fwp%2Fv2%2Fproduct_tag&post=8754"}],"curies":[{"name":"wp","href":"https:\/\/api.w.org\/{rel}","templated":true}]}}