{"id":8728,"date":"2026-03-29T15:30:45","date_gmt":"2026-03-29T15:30:45","guid":{"rendered":"https:\/\/klamotslawek.pl\/?post_type=product&#038;p=8728"},"modified":"2026-03-29T15:30:45","modified_gmt":"2026-03-29T15:30:45","slug":"rower-damka-kola-28-559","status":"publish","type":"product","link":"https:\/\/klamotslawek.pl\/?product=rower-damka-kola-28-559","title":{"rendered":"rower damka , ko\u0142a 28 \/ 559"},"content":{"rendered":"<p>&nbsp;<\/p>\n<p>&nbsp;<\/p>\n<p>Sprzedam damski rower , ko\u0142a 28 , aluminiowy , lekki , sprawny , gotowy do u\u017cytkowania , stan wizualny roweru zgodny ze zdj\u0119ciami , proponuj\u0119 odbi\u00f3r osobisty , jazd\u0119 pr\u00f3bn\u0105 , mo\u017cliwy transport , wysy\u0142ka kurierem<\/p>\n","protected":false},"excerpt":{"rendered":"<p>&nbsp; &nbsp; Sprzedam damski rower , ko\u0142a 28 , aluminiowy , lekki , sprawny , gotowy do u\u017cytkowania , stan wizualny roweru zgodny ze zdj\u0119ciami , proponuj\u0119 odbi\u00f3r osobisty , jazd\u0119 pr\u00f3bn\u0105 , mo\u017cliwy transport , wysy\u0142ka kurierem<\/p>\n","protected":false},"featured_media":8730,"comment_status":"open","ping_status":"closed","template":"","meta":{"_kadence_starter_templates_imported_post":false,"_kad_post_transparent":"default","_kad_post_title":"","_kad_post_layout":"default","_kad_post_sidebar_id":"","_kad_post_content_style":"default","_kad_post_vertical_padding":"default","_kad_post_feature":"","_kad_post_feature_position":"","_kad_post_header":false,"_kad_post_footer":false,"_kad_post_classname":""},"product_brand":[],"product_cat":[23],"product_tag":[],"class_list":{"0":"post-8728","1":"product","2":"type-product","3":"status-publish","4":"has-post-thumbnail","6":"product_cat-rowery","8":"first","9":"instock","10":"taxable","11":"shipping-taxable","12":"purchasable","13":"product-type-simple","14":"entry","15":"content-bg","16":"loop-entry"},"_links":{"self":[{"href":"https:\/\/klamotslawek.pl\/index.php?rest_route=\/wp\/v2\/product\/8728","targetHints":{"allow":["GET"]}}],"collection":[{"href":"https:\/\/klamotslawek.pl\/index.php?rest_route=\/wp\/v2\/product"}],"about":[{"href":"https:\/\/klamotslawek.pl\/index.php?rest_route=\/wp\/v2\/types\/product"}],"replies":[{"embeddable":true,"href":"https:\/\/klamotslawek.pl\/index.php?rest_route=%2Fwp%2Fv2%2Fcomments&post=8728"}],"wp:featuredmedia":[{"embeddable":true,"href":"https:\/\/klamotslawek.pl\/index.php?rest_route=\/wp\/v2\/media\/8730"}],"wp:attachment":[{"href":"https:\/\/klamotslawek.pl\/index.php?rest_route=%2Fwp%2Fv2%2Fmedia&parent=8728"}],"wp:term":[{"taxonomy":"product_brand","embeddable":true,"href":"https:\/\/klamotslawek.pl\/index.php?rest_route=%2Fwp%2Fv2%2Fproduct_brand&post=8728"},{"taxonomy":"product_cat","embeddable":true,"href":"https:\/\/klamotslawek.pl\/index.php?rest_route=%2Fwp%2Fv2%2Fproduct_cat&post=8728"},{"taxonomy":"product_tag","embeddable":true,"href":"https:\/\/klamotslawek.pl\/index.php?rest_route=%2Fwp%2Fv2%2Fproduct_tag&post=8728"}],"curies":[{"name":"wp","href":"https:\/\/api.w.org\/{rel}","templated":true}]}}