{"id":8671,"date":"2026-03-25T09:25:47","date_gmt":"2026-03-25T09:25:47","guid":{"rendered":"https:\/\/klamotslawek.pl\/?post_type=product&#038;p=8671"},"modified":"2026-03-25T09:25:47","modified_gmt":"2026-03-25T09:25:47","slug":"ekspres-do-kawy-saeco-philips","status":"publish","type":"product","link":"https:\/\/klamotslawek.pl\/?product=ekspres-do-kawy-saeco-philips","title":{"rendered":"Ekspres do kawy Saeco (Philips)"},"content":{"rendered":"<p>&nbsp;<\/p>\n<p>&nbsp;<\/p>\n<p>Ekspres do kawy Saeco (Philips) u\u017cywany. Doskona\u0142e urz\u0105dzenie do przygotowania pysznej kawy w domowym zaciszu. Wysoka jako\u015b\u0107 marki Saeco gwarantuje niezawodno\u015b\u0107 i satysfakcj\u0119 z picia ulubionego napoju. Przyjazny w obs\u0142udze, idealny dla mi\u0142o\u015bnik\u00f3w kawowych rytua\u0142\u00f3w. Stan wizualny ekspresu zgodny ze zdj\u0119ciami , , sprawny , bezawaryjny<\/p>\n","protected":false},"excerpt":{"rendered":"<p>&nbsp; &nbsp; Ekspres do kawy Saeco (Philips) u\u017cywany. Doskona\u0142e urz\u0105dzenie do przygotowania pysznej kawy w domowym zaciszu. Wysoka jako\u015b\u0107 marki Saeco gwarantuje niezawodno\u015b\u0107 i satysfakcj\u0119 z picia ulubionego napoju. Przyjazny w obs\u0142udze, idealny dla mi\u0142o\u015bnik\u00f3w kawowych rytua\u0142\u00f3w. Stan wizualny ekspresu zgodny ze zdj\u0119ciami , , sprawny , bezawaryjny<\/p>\n","protected":false},"featured_media":8672,"comment_status":"open","ping_status":"closed","template":"","meta":{"_kadence_starter_templates_imported_post":false,"_kad_post_transparent":"default","_kad_post_title":"","_kad_post_layout":"default","_kad_post_sidebar_id":"","_kad_post_content_style":"default","_kad_post_vertical_padding":"default","_kad_post_feature":"","_kad_post_feature_position":"","_kad_post_header":false,"_kad_post_footer":false,"_kad_post_classname":""},"product_brand":[],"product_cat":[27],"product_tag":[],"class_list":{"0":"post-8671","1":"product","2":"type-product","3":"status-publish","4":"has-post-thumbnail","6":"product_cat-rozne","8":"first","9":"instock","10":"taxable","11":"shipping-taxable","12":"purchasable","13":"product-type-simple","14":"entry","15":"content-bg","16":"loop-entry"},"_links":{"self":[{"href":"https:\/\/klamotslawek.pl\/index.php?rest_route=\/wp\/v2\/product\/8671","targetHints":{"allow":["GET"]}}],"collection":[{"href":"https:\/\/klamotslawek.pl\/index.php?rest_route=\/wp\/v2\/product"}],"about":[{"href":"https:\/\/klamotslawek.pl\/index.php?rest_route=\/wp\/v2\/types\/product"}],"replies":[{"embeddable":true,"href":"https:\/\/klamotslawek.pl\/index.php?rest_route=%2Fwp%2Fv2%2Fcomments&post=8671"}],"wp:featuredmedia":[{"embeddable":true,"href":"https:\/\/klamotslawek.pl\/index.php?rest_route=\/wp\/v2\/media\/8672"}],"wp:attachment":[{"href":"https:\/\/klamotslawek.pl\/index.php?rest_route=%2Fwp%2Fv2%2Fmedia&parent=8671"}],"wp:term":[{"taxonomy":"product_brand","embeddable":true,"href":"https:\/\/klamotslawek.pl\/index.php?rest_route=%2Fwp%2Fv2%2Fproduct_brand&post=8671"},{"taxonomy":"product_cat","embeddable":true,"href":"https:\/\/klamotslawek.pl\/index.php?rest_route=%2Fwp%2Fv2%2Fproduct_cat&post=8671"},{"taxonomy":"product_tag","embeddable":true,"href":"https:\/\/klamotslawek.pl\/index.php?rest_route=%2Fwp%2Fv2%2Fproduct_tag&post=8671"}],"curies":[{"name":"wp","href":"https:\/\/api.w.org\/{rel}","templated":true}]}}