{"id":8655,"date":"2026-03-25T08:42:08","date_gmt":"2026-03-25T08:42:08","guid":{"rendered":"https:\/\/klamotslawek.pl\/?post_type=product&#038;p=8655"},"modified":"2026-03-25T08:42:08","modified_gmt":"2026-03-25T08:42:08","slug":"kwietnik-536","status":"publish","type":"product","link":"https:\/\/klamotslawek.pl\/?product=kwietnik-536","title":{"rendered":"kwietnik \/ 536"},"content":{"rendered":"<p>&nbsp;<\/p>\n<p>&nbsp;<\/p>\n<p>&nbsp;<\/p>\n<p>Sprzedam praktyczny, tr\u00f3jpoziomowy kwietnik &#8211; stojak naro\u017cny wykonany z metalu i rattanu. Idealny do przechowywania kwiat\u00f3w, dekoracji lub drobnych przedmiot\u00f3w. Solidna konstrukcja i elegancki design sprawi\u0105, \u017ce b\u0119dzie pi\u0119kn\u0105 ozdob\u0105 w ka\u017cdym wn\u0119trzu. Wymiar wysoko\u015b\u0107 125 cm , naro\u017cnik 33\/33 cm , g\u0142\u0119boko\u015b\u0107 p\u00f3\u0142ek 26 cm , mo\u017cliwa wysy\u0142ka , transport<\/p>\n","protected":false},"excerpt":{"rendered":"<p>&nbsp; &nbsp; &nbsp; Sprzedam praktyczny, tr\u00f3jpoziomowy kwietnik &#8211; stojak naro\u017cny wykonany z metalu i rattanu. Idealny do przechowywania kwiat\u00f3w, dekoracji lub drobnych przedmiot\u00f3w. Solidna konstrukcja i elegancki design sprawi\u0105, \u017ce b\u0119dzie pi\u0119kn\u0105 ozdob\u0105 w ka\u017cdym wn\u0119trzu. Wymiar wysoko\u015b\u0107 125 cm , naro\u017cnik 33\/33 cm , g\u0142\u0119boko\u015b\u0107 p\u00f3\u0142ek 26 cm , mo\u017cliwa wysy\u0142ka , transport<\/p>\n","protected":false},"featured_media":8656,"comment_status":"open","ping_status":"closed","template":"","meta":{"_kadence_starter_templates_imported_post":false,"_kad_post_transparent":"default","_kad_post_title":"","_kad_post_layout":"default","_kad_post_sidebar_id":"","_kad_post_content_style":"default","_kad_post_vertical_padding":"default","_kad_post_feature":"","_kad_post_feature_position":"","_kad_post_header":false,"_kad_post_footer":false,"_kad_post_classname":""},"product_brand":[],"product_cat":[27],"product_tag":[],"class_list":{"0":"post-8655","1":"product","2":"type-product","3":"status-publish","4":"has-post-thumbnail","6":"product_cat-rozne","8":"first","9":"instock","10":"taxable","11":"shipping-taxable","12":"purchasable","13":"product-type-simple","14":"entry","15":"content-bg","16":"loop-entry"},"_links":{"self":[{"href":"https:\/\/klamotslawek.pl\/index.php?rest_route=\/wp\/v2\/product\/8655","targetHints":{"allow":["GET"]}}],"collection":[{"href":"https:\/\/klamotslawek.pl\/index.php?rest_route=\/wp\/v2\/product"}],"about":[{"href":"https:\/\/klamotslawek.pl\/index.php?rest_route=\/wp\/v2\/types\/product"}],"replies":[{"embeddable":true,"href":"https:\/\/klamotslawek.pl\/index.php?rest_route=%2Fwp%2Fv2%2Fcomments&post=8655"}],"wp:featuredmedia":[{"embeddable":true,"href":"https:\/\/klamotslawek.pl\/index.php?rest_route=\/wp\/v2\/media\/8656"}],"wp:attachment":[{"href":"https:\/\/klamotslawek.pl\/index.php?rest_route=%2Fwp%2Fv2%2Fmedia&parent=8655"}],"wp:term":[{"taxonomy":"product_brand","embeddable":true,"href":"https:\/\/klamotslawek.pl\/index.php?rest_route=%2Fwp%2Fv2%2Fproduct_brand&post=8655"},{"taxonomy":"product_cat","embeddable":true,"href":"https:\/\/klamotslawek.pl\/index.php?rest_route=%2Fwp%2Fv2%2Fproduct_cat&post=8655"},{"taxonomy":"product_tag","embeddable":true,"href":"https:\/\/klamotslawek.pl\/index.php?rest_route=%2Fwp%2Fv2%2Fproduct_tag&post=8655"}],"curies":[{"name":"wp","href":"https:\/\/api.w.org\/{rel}","templated":true}]}}