{"id":8627,"date":"2026-03-24T18:40:59","date_gmt":"2026-03-24T18:40:59","guid":{"rendered":"https:\/\/klamotslawek.pl\/?post_type=product&#038;p=8627"},"modified":"2026-03-24T18:40:59","modified_gmt":"2026-03-24T18:40:59","slug":"kwietnik-duzy-slon-ceramiczny-570","status":"publish","type":"product","link":"https:\/\/klamotslawek.pl\/?product=kwietnik-duzy-slon-ceramiczny-570","title":{"rendered":"kwietnik , du\u017cy s\u0142o\u0144 ceramiczny \/ 570"},"content":{"rendered":"<p>&nbsp;<\/p>\n<p>&nbsp;<\/p>\n<p>Stylowy, ceramiczny sto\u0142ek ogrodowy \/ kwietnik w niebiesko-bia\u0142ej kolorystyce. Zdobiony ornamentami i wzorami, nadaje si\u0119 do ogrodu lub na taras. Solidna konstrukcja zapewnia stabilno\u015b\u0107 i wytrzyma\u0142o\u015b\u0107. Elegancki dodatek do przestrzeni zewn\u0119trznej.<br \/>\nwymiar : wysoko\u015b\u0107 43 cm , p\u00f3\u0142ka 19\/17 cm , mo\u017cliwa wysy\u0142ka kurierem<\/p>\n","protected":false},"excerpt":{"rendered":"<p>&nbsp; &nbsp; Stylowy, ceramiczny sto\u0142ek ogrodowy \/ kwietnik w niebiesko-bia\u0142ej kolorystyce. Zdobiony ornamentami i wzorami, nadaje si\u0119 do ogrodu lub na taras. Solidna konstrukcja zapewnia stabilno\u015b\u0107 i wytrzyma\u0142o\u015b\u0107. Elegancki dodatek do przestrzeni zewn\u0119trznej. wymiar : wysoko\u015b\u0107 43 cm , p\u00f3\u0142ka 19\/17 cm , mo\u017cliwa wysy\u0142ka kurierem<\/p>\n","protected":false},"featured_media":8628,"comment_status":"open","ping_status":"closed","template":"","meta":{"_kadence_starter_templates_imported_post":false,"_kad_post_transparent":"default","_kad_post_title":"","_kad_post_layout":"default","_kad_post_sidebar_id":"","_kad_post_content_style":"default","_kad_post_vertical_padding":"default","_kad_post_feature":"","_kad_post_feature_position":"","_kad_post_header":false,"_kad_post_footer":false,"_kad_post_classname":""},"product_brand":[],"product_cat":[24],"product_tag":[],"class_list":{"0":"post-8627","1":"product","2":"type-product","3":"status-publish","4":"has-post-thumbnail","6":"product_cat-dekoracje","8":"first","9":"instock","10":"taxable","11":"shipping-taxable","12":"purchasable","13":"product-type-simple","14":"entry","15":"content-bg","16":"loop-entry"},"_links":{"self":[{"href":"https:\/\/klamotslawek.pl\/index.php?rest_route=\/wp\/v2\/product\/8627","targetHints":{"allow":["GET"]}}],"collection":[{"href":"https:\/\/klamotslawek.pl\/index.php?rest_route=\/wp\/v2\/product"}],"about":[{"href":"https:\/\/klamotslawek.pl\/index.php?rest_route=\/wp\/v2\/types\/product"}],"replies":[{"embeddable":true,"href":"https:\/\/klamotslawek.pl\/index.php?rest_route=%2Fwp%2Fv2%2Fcomments&post=8627"}],"wp:featuredmedia":[{"embeddable":true,"href":"https:\/\/klamotslawek.pl\/index.php?rest_route=\/wp\/v2\/media\/8628"}],"wp:attachment":[{"href":"https:\/\/klamotslawek.pl\/index.php?rest_route=%2Fwp%2Fv2%2Fmedia&parent=8627"}],"wp:term":[{"taxonomy":"product_brand","embeddable":true,"href":"https:\/\/klamotslawek.pl\/index.php?rest_route=%2Fwp%2Fv2%2Fproduct_brand&post=8627"},{"taxonomy":"product_cat","embeddable":true,"href":"https:\/\/klamotslawek.pl\/index.php?rest_route=%2Fwp%2Fv2%2Fproduct_cat&post=8627"},{"taxonomy":"product_tag","embeddable":true,"href":"https:\/\/klamotslawek.pl\/index.php?rest_route=%2Fwp%2Fv2%2Fproduct_tag&post=8627"}],"curies":[{"name":"wp","href":"https:\/\/api.w.org\/{rel}","templated":true}]}}