{"id":8494,"date":"2026-03-23T21:36:04","date_gmt":"2026-03-23T21:36:04","guid":{"rendered":"https:\/\/klamotslawek.pl\/?post_type=product&#038;p=8494"},"modified":"2026-03-23T21:36:04","modified_gmt":"2026-03-23T21:36:04","slug":"wiertarka-stolowa-marki-bullcraft-model-kb-3168-484","status":"publish","type":"product","link":"https:\/\/klamotslawek.pl\/?product=wiertarka-stolowa-marki-bullcraft-model-kb-3168-484","title":{"rendered":"wiertarka sto\u0142owa marki Bullcraft, model KB-3168 \/ 484"},"content":{"rendered":"<p>&nbsp;<\/p>\n<p>&nbsp;<\/p>\n<p>Sprzedam wiertarka sto\u0142owa marki Bullcraft, model KB-3168.<br \/>\nTyp: KB-3168<br \/>\nMoc silnika: 0,18 kW<br \/>\nNapi\u0119cie: 220V, 50Hz<br \/>\nw dobrym stanie technicznym , sprawna , dzia\u0142a bez zarzut\u00f3w , stan wizualny zgodny ze zdjeciami , proponuj\u0119 odbi\u00f3r osobisty mo\u017cliwa wysy\u0142ka kurierem<\/p>\n","protected":false},"excerpt":{"rendered":"<p>&nbsp; &nbsp; Sprzedam wiertarka sto\u0142owa marki Bullcraft, model KB-3168. Typ: KB-3168 Moc silnika: 0,18 kW Napi\u0119cie: 220V, 50Hz w dobrym stanie technicznym , sprawna , dzia\u0142a bez zarzut\u00f3w , stan wizualny zgodny ze zdjeciami , proponuj\u0119 odbi\u00f3r osobisty mo\u017cliwa wysy\u0142ka kurierem<\/p>\n","protected":false},"featured_media":8495,"comment_status":"open","ping_status":"closed","template":"","meta":{"_kadence_starter_templates_imported_post":false,"_kad_post_transparent":"default","_kad_post_title":"","_kad_post_layout":"default","_kad_post_sidebar_id":"","_kad_post_content_style":"default","_kad_post_vertical_padding":"default","_kad_post_feature":"","_kad_post_feature_position":"","_kad_post_header":false,"_kad_post_footer":false,"_kad_post_classname":""},"product_brand":[],"product_cat":[26],"product_tag":[],"class_list":{"0":"post-8494","1":"product","2":"type-product","3":"status-publish","4":"has-post-thumbnail","6":"product_cat-narzedzia","8":"first","9":"instock","10":"taxable","11":"shipping-taxable","12":"purchasable","13":"product-type-simple","14":"entry","15":"content-bg","16":"loop-entry"},"_links":{"self":[{"href":"https:\/\/klamotslawek.pl\/index.php?rest_route=\/wp\/v2\/product\/8494","targetHints":{"allow":["GET"]}}],"collection":[{"href":"https:\/\/klamotslawek.pl\/index.php?rest_route=\/wp\/v2\/product"}],"about":[{"href":"https:\/\/klamotslawek.pl\/index.php?rest_route=\/wp\/v2\/types\/product"}],"replies":[{"embeddable":true,"href":"https:\/\/klamotslawek.pl\/index.php?rest_route=%2Fwp%2Fv2%2Fcomments&post=8494"}],"wp:featuredmedia":[{"embeddable":true,"href":"https:\/\/klamotslawek.pl\/index.php?rest_route=\/wp\/v2\/media\/8495"}],"wp:attachment":[{"href":"https:\/\/klamotslawek.pl\/index.php?rest_route=%2Fwp%2Fv2%2Fmedia&parent=8494"}],"wp:term":[{"taxonomy":"product_brand","embeddable":true,"href":"https:\/\/klamotslawek.pl\/index.php?rest_route=%2Fwp%2Fv2%2Fproduct_brand&post=8494"},{"taxonomy":"product_cat","embeddable":true,"href":"https:\/\/klamotslawek.pl\/index.php?rest_route=%2Fwp%2Fv2%2Fproduct_cat&post=8494"},{"taxonomy":"product_tag","embeddable":true,"href":"https:\/\/klamotslawek.pl\/index.php?rest_route=%2Fwp%2Fv2%2Fproduct_tag&post=8494"}],"curies":[{"name":"wp","href":"https:\/\/api.w.org\/{rel}","templated":true}]}}