{"id":8281,"date":"2026-03-16T09:30:32","date_gmt":"2026-03-16T09:30:32","guid":{"rendered":"https:\/\/klamotslawek.pl\/?post_type=product&#038;p=8281"},"modified":"2026-03-16T09:30:32","modified_gmt":"2026-03-16T09:30:32","slug":"rower-mlodziezowy-kola-26-509","status":"publish","type":"product","link":"https:\/\/klamotslawek.pl\/?product=rower-mlodziezowy-kola-26-509","title":{"rendered":"rower m\u0142odzie\u017cowy , ko\u0142a 26 \/ 509"},"content":{"rendered":"<p>&nbsp;<\/p>\n<p>&nbsp;<\/p>\n<p>Sprzedam m\u0142odzie\u017cowy rower g\u00f3rski marki Geroni, model FXC 100.<br \/>\nRower MTB z pe\u0142n\u0105 amortyzacj\u0105 (Full Suspension).<br \/>\nKo\u0142a: 26 cali.<br \/>\nKolor: Czarno-czerwony.<br \/>\nAktywna jazda w trudnym terenie dla m\u0142odych os\u00f3b., gotowy do jazdy , stan wizualny roweru zgodny ze zdj\u0119ciami , proponuj\u0119 odbi\u00f3r osobisty , jazd\u0119 pr\u00f3bn\u0105 , oczywi\u015bcie na \u017cyczenie wysy\u0142ka kurierem<\/p>\n<p>&nbsp;<\/p>\n","protected":false},"excerpt":{"rendered":"<p>&nbsp; &nbsp; Sprzedam m\u0142odzie\u017cowy rower g\u00f3rski marki Geroni, model FXC 100. Rower MTB z pe\u0142n\u0105 amortyzacj\u0105 (Full Suspension). Ko\u0142a: 26 cali. Kolor: Czarno-czerwony. Aktywna jazda w trudnym terenie dla m\u0142odych os\u00f3b., gotowy do jazdy , stan wizualny roweru zgodny ze zdj\u0119ciami , proponuj\u0119 odbi\u00f3r osobisty , jazd\u0119 pr\u00f3bn\u0105 , oczywi\u015bcie na \u017cyczenie wysy\u0142ka kurierem &nbsp;<\/p>\n","protected":false},"featured_media":8282,"comment_status":"open","ping_status":"closed","template":"","meta":{"_kadence_starter_templates_imported_post":false,"_kad_post_transparent":"default","_kad_post_title":"","_kad_post_layout":"default","_kad_post_sidebar_id":"","_kad_post_content_style":"default","_kad_post_vertical_padding":"default","_kad_post_feature":"","_kad_post_feature_position":"","_kad_post_header":false,"_kad_post_footer":false,"_kad_post_classname":""},"product_brand":[],"product_cat":[23],"product_tag":[],"class_list":{"0":"post-8281","1":"product","2":"type-product","3":"status-publish","4":"has-post-thumbnail","6":"product_cat-rowery","8":"first","9":"instock","10":"taxable","11":"shipping-taxable","12":"purchasable","13":"product-type-simple","14":"entry","15":"content-bg","16":"loop-entry"},"_links":{"self":[{"href":"https:\/\/klamotslawek.pl\/index.php?rest_route=\/wp\/v2\/product\/8281","targetHints":{"allow":["GET"]}}],"collection":[{"href":"https:\/\/klamotslawek.pl\/index.php?rest_route=\/wp\/v2\/product"}],"about":[{"href":"https:\/\/klamotslawek.pl\/index.php?rest_route=\/wp\/v2\/types\/product"}],"replies":[{"embeddable":true,"href":"https:\/\/klamotslawek.pl\/index.php?rest_route=%2Fwp%2Fv2%2Fcomments&post=8281"}],"wp:featuredmedia":[{"embeddable":true,"href":"https:\/\/klamotslawek.pl\/index.php?rest_route=\/wp\/v2\/media\/8282"}],"wp:attachment":[{"href":"https:\/\/klamotslawek.pl\/index.php?rest_route=%2Fwp%2Fv2%2Fmedia&parent=8281"}],"wp:term":[{"taxonomy":"product_brand","embeddable":true,"href":"https:\/\/klamotslawek.pl\/index.php?rest_route=%2Fwp%2Fv2%2Fproduct_brand&post=8281"},{"taxonomy":"product_cat","embeddable":true,"href":"https:\/\/klamotslawek.pl\/index.php?rest_route=%2Fwp%2Fv2%2Fproduct_cat&post=8281"},{"taxonomy":"product_tag","embeddable":true,"href":"https:\/\/klamotslawek.pl\/index.php?rest_route=%2Fwp%2Fv2%2Fproduct_tag&post=8281"}],"curies":[{"name":"wp","href":"https:\/\/api.w.org\/{rel}","templated":true}]}}