{"id":8273,"date":"2026-03-15T22:02:57","date_gmt":"2026-03-15T22:02:57","guid":{"rendered":"https:\/\/klamotslawek.pl\/?post_type=product&#038;p=8273"},"modified":"2026-03-15T22:02:57","modified_gmt":"2026-03-15T22:02:57","slug":"duzy-transporter-dla-psa-496","status":"publish","type":"product","link":"https:\/\/klamotslawek.pl\/?product=duzy-transporter-dla-psa-496","title":{"rendered":"du\u017cy transporter dla psa \/ 496"},"content":{"rendered":"<p>&nbsp;<\/p>\n<p>&nbsp;<\/p>\n<p>&nbsp;<\/p>\n<p>Sprzedam du\u017cy transporter dla psa.<br \/>\nBezpieczny transport zwierz\u0105t samochodem lub samolotem.<br \/>\nMateria\u0142: Wytrzyma\u0142e tworzywo sztuczne z metalowymi drzwiczkami. Boczne kratki zapewniaj\u0105ce odpowiedni przep\u0142yw powietrza.<br \/>\nWymiary: 100\/68 cm , wysoko\u015b\u0107 76 cm dla du\u017cych ps\u00f3w .Stan oceniam na dobry , nie zniszczony nie pop\u0119kany , stan wizualny zgodny ze zdj\u0119ciami ,proponuj\u0119 odbi\u00f3r osobisty , mo\u017cliwy transport<\/p>\n","protected":false},"excerpt":{"rendered":"<p>&nbsp; &nbsp; &nbsp; Sprzedam du\u017cy transporter dla psa. Bezpieczny transport zwierz\u0105t samochodem lub samolotem. Materia\u0142: Wytrzyma\u0142e tworzywo sztuczne z metalowymi drzwiczkami. Boczne kratki zapewniaj\u0105ce odpowiedni przep\u0142yw powietrza. Wymiary: 100\/68 cm , wysoko\u015b\u0107 76 cm dla du\u017cych ps\u00f3w .Stan oceniam na dobry , nie zniszczony nie pop\u0119kany , stan wizualny zgodny ze zdj\u0119ciami ,proponuj\u0119 odbi\u00f3r osobisty&#8230;<\/p>\n","protected":false},"featured_media":8274,"comment_status":"open","ping_status":"closed","template":"","meta":{"_kadence_starter_templates_imported_post":false,"_kad_post_transparent":"default","_kad_post_title":"","_kad_post_layout":"default","_kad_post_sidebar_id":"","_kad_post_content_style":"default","_kad_post_vertical_padding":"default","_kad_post_feature":"","_kad_post_feature_position":"","_kad_post_header":false,"_kad_post_footer":false,"_kad_post_classname":""},"product_brand":[],"product_cat":[27],"product_tag":[],"class_list":{"0":"post-8273","1":"product","2":"type-product","3":"status-publish","4":"has-post-thumbnail","6":"product_cat-rozne","8":"first","9":"instock","10":"taxable","11":"shipping-taxable","12":"purchasable","13":"product-type-simple","14":"entry","15":"content-bg","16":"loop-entry"},"_links":{"self":[{"href":"https:\/\/klamotslawek.pl\/index.php?rest_route=\/wp\/v2\/product\/8273","targetHints":{"allow":["GET"]}}],"collection":[{"href":"https:\/\/klamotslawek.pl\/index.php?rest_route=\/wp\/v2\/product"}],"about":[{"href":"https:\/\/klamotslawek.pl\/index.php?rest_route=\/wp\/v2\/types\/product"}],"replies":[{"embeddable":true,"href":"https:\/\/klamotslawek.pl\/index.php?rest_route=%2Fwp%2Fv2%2Fcomments&post=8273"}],"wp:featuredmedia":[{"embeddable":true,"href":"https:\/\/klamotslawek.pl\/index.php?rest_route=\/wp\/v2\/media\/8274"}],"wp:attachment":[{"href":"https:\/\/klamotslawek.pl\/index.php?rest_route=%2Fwp%2Fv2%2Fmedia&parent=8273"}],"wp:term":[{"taxonomy":"product_brand","embeddable":true,"href":"https:\/\/klamotslawek.pl\/index.php?rest_route=%2Fwp%2Fv2%2Fproduct_brand&post=8273"},{"taxonomy":"product_cat","embeddable":true,"href":"https:\/\/klamotslawek.pl\/index.php?rest_route=%2Fwp%2Fv2%2Fproduct_cat&post=8273"},{"taxonomy":"product_tag","embeddable":true,"href":"https:\/\/klamotslawek.pl\/index.php?rest_route=%2Fwp%2Fv2%2Fproduct_tag&post=8273"}],"curies":[{"name":"wp","href":"https:\/\/api.w.org\/{rel}","templated":true}]}}