{"id":8263,"date":"2026-03-15T22:00:27","date_gmt":"2026-03-15T22:00:27","guid":{"rendered":"https:\/\/klamotslawek.pl\/?post_type=product&#038;p=8263"},"modified":"2026-03-15T22:00:27","modified_gmt":"2026-03-15T22:00:27","slug":"piecyk-juno-497","status":"publish","type":"product","link":"https:\/\/klamotslawek.pl\/?product=piecyk-juno-497","title":{"rendered":"piecyk juno \/ 497"},"content":{"rendered":"<p>&nbsp;<\/p>\n<p>&nbsp;<\/p>\n<p>Sprzedam piecyk wolnostoj\u0105cy marki Juno .<br \/>\nJest to wolnostoj\u0105cy piec grzewczy, na drewno , w\u0119giel.<br \/>\nUrz\u0105dzenie posiada charakterystyczn\u0105 obudow\u0119 w jasnym kolorze z br\u0105zow\u0105 kratk\u0105 wentylacyjn\u0105 na g\u00f3rze.<br \/>\nZastosowanie: Piecyk s\u0142u\u017cy\u0142 do ogrzewania pomieszcze\u0144 mieszkalnych.<br \/>\nwymiar : 34\/55 cm wysoko\u015b\u0107 69 cm<br \/>\nproponuj\u0119 odbi\u00f3r osobisty , mo\u017cliwa wysy\u0142ka kurierem , transport<\/p>\n","protected":false},"excerpt":{"rendered":"<p>&nbsp; &nbsp; Sprzedam piecyk wolnostoj\u0105cy marki Juno . Jest to wolnostoj\u0105cy piec grzewczy, na drewno , w\u0119giel. Urz\u0105dzenie posiada charakterystyczn\u0105 obudow\u0119 w jasnym kolorze z br\u0105zow\u0105 kratk\u0105 wentylacyjn\u0105 na g\u00f3rze. Zastosowanie: Piecyk s\u0142u\u017cy\u0142 do ogrzewania pomieszcze\u0144 mieszkalnych. wymiar : 34\/55 cm wysoko\u015b\u0107 69 cm proponuj\u0119 odbi\u00f3r osobisty , mo\u017cliwa wysy\u0142ka kurierem , transport<\/p>\n","protected":false},"featured_media":8264,"comment_status":"open","ping_status":"closed","template":"","meta":{"_kadence_starter_templates_imported_post":false,"_kad_post_transparent":"default","_kad_post_title":"","_kad_post_layout":"default","_kad_post_sidebar_id":"","_kad_post_content_style":"default","_kad_post_vertical_padding":"default","_kad_post_feature":"","_kad_post_feature_position":"","_kad_post_header":false,"_kad_post_footer":false,"_kad_post_classname":""},"product_brand":[],"product_cat":[27],"product_tag":[],"class_list":{"0":"post-8263","1":"product","2":"type-product","3":"status-publish","4":"has-post-thumbnail","6":"product_cat-rozne","8":"first","9":"instock","10":"taxable","11":"shipping-taxable","12":"purchasable","13":"product-type-simple","14":"entry","15":"content-bg","16":"loop-entry"},"_links":{"self":[{"href":"https:\/\/klamotslawek.pl\/index.php?rest_route=\/wp\/v2\/product\/8263","targetHints":{"allow":["GET"]}}],"collection":[{"href":"https:\/\/klamotslawek.pl\/index.php?rest_route=\/wp\/v2\/product"}],"about":[{"href":"https:\/\/klamotslawek.pl\/index.php?rest_route=\/wp\/v2\/types\/product"}],"replies":[{"embeddable":true,"href":"https:\/\/klamotslawek.pl\/index.php?rest_route=%2Fwp%2Fv2%2Fcomments&post=8263"}],"wp:featuredmedia":[{"embeddable":true,"href":"https:\/\/klamotslawek.pl\/index.php?rest_route=\/wp\/v2\/media\/8264"}],"wp:attachment":[{"href":"https:\/\/klamotslawek.pl\/index.php?rest_route=%2Fwp%2Fv2%2Fmedia&parent=8263"}],"wp:term":[{"taxonomy":"product_brand","embeddable":true,"href":"https:\/\/klamotslawek.pl\/index.php?rest_route=%2Fwp%2Fv2%2Fproduct_brand&post=8263"},{"taxonomy":"product_cat","embeddable":true,"href":"https:\/\/klamotslawek.pl\/index.php?rest_route=%2Fwp%2Fv2%2Fproduct_cat&post=8263"},{"taxonomy":"product_tag","embeddable":true,"href":"https:\/\/klamotslawek.pl\/index.php?rest_route=%2Fwp%2Fv2%2Fproduct_tag&post=8263"}],"curies":[{"name":"wp","href":"https:\/\/api.w.org\/{rel}","templated":true}]}}