{"id":8221,"date":"2026-03-15T11:58:38","date_gmt":"2026-03-15T11:58:38","guid":{"rendered":"https:\/\/klamotslawek.pl\/?post_type=product&#038;p=8221"},"modified":"2026-03-15T11:58:38","modified_gmt":"2026-03-15T11:58:38","slug":"drewniany-niciak-przybornik-463","status":"publish","type":"product","link":"https:\/\/klamotslawek.pl\/?product=drewniany-niciak-przybornik-463","title":{"rendered":"drewniany  niciak . przybornik \/ 463"},"content":{"rendered":"<p>&nbsp;<\/p>\n<p>&nbsp;<\/p>\n<p>&nbsp;<\/p>\n<p>Sprzedam drewniany niciak, b\u0119d\u0105cy klasycznym meblem przeznaczonym do przechowywania akcesori\u00f3w do szycia i rob\u00f3tek r\u0119cznych.<br \/>\nS\u0142u\u017cy jako organizer na nici, ig\u0142y, no\u017cyczki oraz inne drobne narz\u0119dzia krawieckie.<br \/>\nPosiada rozk\u0142adany mechanizm harmonijkowy, kt\u00f3ry umo\u017cliwia \u0142atwy dost\u0119p do przegr\u00f3dek na r\u00f3\u017cnych poziomach.<br \/>\nMebel ten charakteryzuje si\u0119 unikalnym wygl\u0105dem vintage, cz\u0119sto wykonanym z r\u00f3\u017cnych gatunk\u00f3w drewna i osadzonym na dekoracyjnych nogach , stan wizualny zgodny ze zdj\u0119ciami , nie zniszczony , wymiar :m wysoko\u015b\u0107 55 cm , wysoko\u015b\u0107 z r\u0105czk\u0105 70 cm , szeroko\u015b\u0107 27\/54 cm , mo\u017cliwy transport , wysy\u0142ka kurierem<\/p>\n","protected":false},"excerpt":{"rendered":"<p>&nbsp; &nbsp; &nbsp; Sprzedam drewniany niciak, b\u0119d\u0105cy klasycznym meblem przeznaczonym do przechowywania akcesori\u00f3w do szycia i rob\u00f3tek r\u0119cznych. S\u0142u\u017cy jako organizer na nici, ig\u0142y, no\u017cyczki oraz inne drobne narz\u0119dzia krawieckie. Posiada rozk\u0142adany mechanizm harmonijkowy, kt\u00f3ry umo\u017cliwia \u0142atwy dost\u0119p do przegr\u00f3dek na r\u00f3\u017cnych poziomach. Mebel ten charakteryzuje si\u0119 unikalnym wygl\u0105dem vintage, cz\u0119sto wykonanym z r\u00f3\u017cnych gatunk\u00f3w&#8230;<\/p>\n","protected":false},"featured_media":8222,"comment_status":"open","ping_status":"closed","template":"","meta":{"_kadence_starter_templates_imported_post":false,"_kad_post_transparent":"default","_kad_post_title":"","_kad_post_layout":"default","_kad_post_sidebar_id":"","_kad_post_content_style":"default","_kad_post_vertical_padding":"default","_kad_post_feature":"","_kad_post_feature_position":"","_kad_post_header":false,"_kad_post_footer":false,"_kad_post_classname":""},"product_brand":[],"product_cat":[24],"product_tag":[],"class_list":{"0":"post-8221","1":"product","2":"type-product","3":"status-publish","4":"has-post-thumbnail","6":"product_cat-dekoracje","8":"first","9":"instock","10":"taxable","11":"shipping-taxable","12":"purchasable","13":"product-type-simple","14":"entry","15":"content-bg","16":"loop-entry"},"_links":{"self":[{"href":"https:\/\/klamotslawek.pl\/index.php?rest_route=\/wp\/v2\/product\/8221","targetHints":{"allow":["GET"]}}],"collection":[{"href":"https:\/\/klamotslawek.pl\/index.php?rest_route=\/wp\/v2\/product"}],"about":[{"href":"https:\/\/klamotslawek.pl\/index.php?rest_route=\/wp\/v2\/types\/product"}],"replies":[{"embeddable":true,"href":"https:\/\/klamotslawek.pl\/index.php?rest_route=%2Fwp%2Fv2%2Fcomments&post=8221"}],"wp:featuredmedia":[{"embeddable":true,"href":"https:\/\/klamotslawek.pl\/index.php?rest_route=\/wp\/v2\/media\/8222"}],"wp:attachment":[{"href":"https:\/\/klamotslawek.pl\/index.php?rest_route=%2Fwp%2Fv2%2Fmedia&parent=8221"}],"wp:term":[{"taxonomy":"product_brand","embeddable":true,"href":"https:\/\/klamotslawek.pl\/index.php?rest_route=%2Fwp%2Fv2%2Fproduct_brand&post=8221"},{"taxonomy":"product_cat","embeddable":true,"href":"https:\/\/klamotslawek.pl\/index.php?rest_route=%2Fwp%2Fv2%2Fproduct_cat&post=8221"},{"taxonomy":"product_tag","embeddable":true,"href":"https:\/\/klamotslawek.pl\/index.php?rest_route=%2Fwp%2Fv2%2Fproduct_tag&post=8221"}],"curies":[{"name":"wp","href":"https:\/\/api.w.org\/{rel}","templated":true}]}}