{"id":8065,"date":"2026-03-12T10:51:27","date_gmt":"2026-03-12T10:51:27","guid":{"rendered":"https:\/\/klamotslawek.pl\/?post_type=product&#038;p=8065"},"modified":"2026-03-12T10:51:27","modified_gmt":"2026-03-12T10:51:27","slug":"maszyna-do-szycia-441","status":"publish","type":"product","link":"https:\/\/klamotslawek.pl\/?product=maszyna-do-szycia-441","title":{"rendered":"maszyna do szycia \/ 441"},"content":{"rendered":"<p>&nbsp;<\/p>\n<p>&nbsp;<\/p>\n<p>Sprzedam u\u017cywan\u0105 maszyn\u0119 do szycia. Doskona\u0142y sprz\u0119t do domowych napraw i kreatywnych projekt\u00f3w. Prosta w obs\u0142udze i w dobrym stanie. Idealna dla pocz\u0105tkuj\u0105cych krawc\u00f3w i do codziennego u\u017cytku. Maszyna w 100% sprawna , dzia\u0142a bez zarzut\u00f3w , stan wizualny zgodny ze zdj\u0119ciami , mo\u017cliwa wysy\u0142ka kurierem , transport<\/p>\n","protected":false},"excerpt":{"rendered":"<p>&nbsp; &nbsp; Sprzedam u\u017cywan\u0105 maszyn\u0119 do szycia. Doskona\u0142y sprz\u0119t do domowych napraw i kreatywnych projekt\u00f3w. Prosta w obs\u0142udze i w dobrym stanie. Idealna dla pocz\u0105tkuj\u0105cych krawc\u00f3w i do codziennego u\u017cytku. Maszyna w 100% sprawna , dzia\u0142a bez zarzut\u00f3w , stan wizualny zgodny ze zdj\u0119ciami , mo\u017cliwa wysy\u0142ka kurierem , transport<\/p>\n","protected":false},"featured_media":8067,"comment_status":"open","ping_status":"closed","template":"","meta":{"_kadence_starter_templates_imported_post":false,"_kad_post_transparent":"default","_kad_post_title":"","_kad_post_layout":"default","_kad_post_sidebar_id":"","_kad_post_content_style":"default","_kad_post_vertical_padding":"default","_kad_post_feature":"","_kad_post_feature_position":"","_kad_post_header":false,"_kad_post_footer":false,"_kad_post_classname":""},"product_brand":[],"product_cat":[27],"product_tag":[],"class_list":{"0":"post-8065","1":"product","2":"type-product","3":"status-publish","4":"has-post-thumbnail","6":"product_cat-rozne","8":"first","9":"instock","10":"taxable","11":"shipping-taxable","12":"purchasable","13":"product-type-simple","14":"entry","15":"content-bg","16":"loop-entry"},"_links":{"self":[{"href":"https:\/\/klamotslawek.pl\/index.php?rest_route=\/wp\/v2\/product\/8065","targetHints":{"allow":["GET"]}}],"collection":[{"href":"https:\/\/klamotslawek.pl\/index.php?rest_route=\/wp\/v2\/product"}],"about":[{"href":"https:\/\/klamotslawek.pl\/index.php?rest_route=\/wp\/v2\/types\/product"}],"replies":[{"embeddable":true,"href":"https:\/\/klamotslawek.pl\/index.php?rest_route=%2Fwp%2Fv2%2Fcomments&post=8065"}],"wp:featuredmedia":[{"embeddable":true,"href":"https:\/\/klamotslawek.pl\/index.php?rest_route=\/wp\/v2\/media\/8067"}],"wp:attachment":[{"href":"https:\/\/klamotslawek.pl\/index.php?rest_route=%2Fwp%2Fv2%2Fmedia&parent=8065"}],"wp:term":[{"taxonomy":"product_brand","embeddable":true,"href":"https:\/\/klamotslawek.pl\/index.php?rest_route=%2Fwp%2Fv2%2Fproduct_brand&post=8065"},{"taxonomy":"product_cat","embeddable":true,"href":"https:\/\/klamotslawek.pl\/index.php?rest_route=%2Fwp%2Fv2%2Fproduct_cat&post=8065"},{"taxonomy":"product_tag","embeddable":true,"href":"https:\/\/klamotslawek.pl\/index.php?rest_route=%2Fwp%2Fv2%2Fproduct_tag&post=8065"}],"curies":[{"name":"wp","href":"https:\/\/api.w.org\/{rel}","templated":true}]}}