{"id":8023,"date":"2026-03-12T10:02:58","date_gmt":"2026-03-12T10:02:58","guid":{"rendered":"https:\/\/klamotslawek.pl\/?post_type=product&#038;p=8023"},"modified":"2026-03-12T10:02:58","modified_gmt":"2026-03-12T10:02:58","slug":"lampa-podlogowa-383","status":"publish","type":"product","link":"https:\/\/klamotslawek.pl\/?product=lampa-podlogowa-383","title":{"rendered":"lampa pod\u0142ogowa \/ 383"},"content":{"rendered":"<p>&nbsp;<\/p>\n<p>&nbsp;<\/p>\n<p>&nbsp;<\/p>\n<p>&nbsp;<\/p>\n<p>Sprzedam &#8211; lamp\u0119 pod\u0142ogow\u0105 w stylu vintage\/retro. , \u015bwieci Materia\u0142 podstawy: Drewno, toczone w klasyczne wzory. Charakterystyczny, plisowany aba\u017cur z materia\u0142u, wyko\u0144czony dekoracyjn\u0105 lam\u00f3wk\u0105. Klasyczny styl retro, przypominaj\u0105cy o\u015bwietlenie z drugiej po\u0142owy XX wieku. Idealna jako dekoracyjny element wystroju wn\u0119trz typu vintage lub antyk\u00f3w. Stan wizualny lampy zgodny ze zdj\u0119ciami , wysoko\u015b\u0107 168 cm , aba\u017cur wysoko\u015b\u0107 53 cm , \u015brednica g\u00f3ra 34 cm , d\u00f3\u0142 76 cm Proponuj\u0119 odbi\u00f3r osobisty , mo\u017cliwa wysy\u0142ka kurierem , transport<\/p>\n","protected":false},"excerpt":{"rendered":"<p>&nbsp; &nbsp; &nbsp; &nbsp; Sprzedam &#8211; lamp\u0119 pod\u0142ogow\u0105 w stylu vintage\/retro. , \u015bwieci Materia\u0142 podstawy: Drewno, toczone w klasyczne wzory. Charakterystyczny, plisowany aba\u017cur z materia\u0142u, wyko\u0144czony dekoracyjn\u0105 lam\u00f3wk\u0105. Klasyczny styl retro, przypominaj\u0105cy o\u015bwietlenie z drugiej po\u0142owy XX wieku. Idealna jako dekoracyjny element wystroju wn\u0119trz typu vintage lub antyk\u00f3w. Stan wizualny lampy zgodny ze zdj\u0119ciami ,&#8230;<\/p>\n","protected":false},"featured_media":8025,"comment_status":"open","ping_status":"closed","template":"","meta":{"_kadence_starter_templates_imported_post":false,"_kad_post_transparent":"default","_kad_post_title":"","_kad_post_layout":"default","_kad_post_sidebar_id":"","_kad_post_content_style":"default","_kad_post_vertical_padding":"default","_kad_post_feature":"","_kad_post_feature_position":"","_kad_post_header":false,"_kad_post_footer":false,"_kad_post_classname":""},"product_brand":[],"product_cat":[24],"product_tag":[],"class_list":{"0":"post-8023","1":"product","2":"type-product","3":"status-publish","4":"has-post-thumbnail","6":"product_cat-dekoracje","8":"first","9":"instock","10":"taxable","11":"shipping-taxable","12":"purchasable","13":"product-type-simple","14":"entry","15":"content-bg","16":"loop-entry"},"_links":{"self":[{"href":"https:\/\/klamotslawek.pl\/index.php?rest_route=\/wp\/v2\/product\/8023","targetHints":{"allow":["GET"]}}],"collection":[{"href":"https:\/\/klamotslawek.pl\/index.php?rest_route=\/wp\/v2\/product"}],"about":[{"href":"https:\/\/klamotslawek.pl\/index.php?rest_route=\/wp\/v2\/types\/product"}],"replies":[{"embeddable":true,"href":"https:\/\/klamotslawek.pl\/index.php?rest_route=%2Fwp%2Fv2%2Fcomments&post=8023"}],"wp:featuredmedia":[{"embeddable":true,"href":"https:\/\/klamotslawek.pl\/index.php?rest_route=\/wp\/v2\/media\/8025"}],"wp:attachment":[{"href":"https:\/\/klamotslawek.pl\/index.php?rest_route=%2Fwp%2Fv2%2Fmedia&parent=8023"}],"wp:term":[{"taxonomy":"product_brand","embeddable":true,"href":"https:\/\/klamotslawek.pl\/index.php?rest_route=%2Fwp%2Fv2%2Fproduct_brand&post=8023"},{"taxonomy":"product_cat","embeddable":true,"href":"https:\/\/klamotslawek.pl\/index.php?rest_route=%2Fwp%2Fv2%2Fproduct_cat&post=8023"},{"taxonomy":"product_tag","embeddable":true,"href":"https:\/\/klamotslawek.pl\/index.php?rest_route=%2Fwp%2Fv2%2Fproduct_tag&post=8023"}],"curies":[{"name":"wp","href":"https:\/\/api.w.org\/{rel}","templated":true}]}}