{"id":7908,"date":"2026-03-11T10:25:03","date_gmt":"2026-03-11T10:25:03","guid":{"rendered":"https:\/\/klamotslawek.pl\/?post_type=product&#038;p=7908"},"modified":"2026-03-11T10:25:03","modified_gmt":"2026-03-11T10:25:03","slug":"radio-thomas-z-edycji-collectors-edition-419","status":"publish","type":"product","link":"https:\/\/klamotslawek.pl\/?product=radio-thomas-z-edycji-collectors-edition-419","title":{"rendered":"radio Thomas z edycji &#8222;Collector&#8217;s Edition&#8221;,  \/ 419"},"content":{"rendered":"<p>&nbsp;<\/p>\n<p>&nbsp;<\/p>\n<p>&nbsp;<\/p>\n<p>Sprzedam kolekcjonerskie radio Thomas z edycji &#8222;Collector&#8217;s Edition&#8221;, kt\u00f3re jest replik\u0105 klasycznych odbiornik\u00f3w w kszta\u0142cie katedry z lat 30. i 40. XX wieku.<br \/>\nObudowa wykonana jest z drewna, stylizowana na zabytkowe radia typu &#8222;cathedral&#8221;.<br \/>\nRadio posiada tuner AM\/FM, a niekt\u00f3re modele z tej serii wyposa\u017cone by\u0142y r\u00f3wnie\u017c w magnetofon kasetowy. z boku radia<br \/>\nstan wizualny radia zgodny ze zdj\u0119ciami , sprawne , mo\u017cliwa wysy\u0142ka kurierem<\/p>\n","protected":false},"excerpt":{"rendered":"<p>&nbsp; &nbsp; &nbsp; Sprzedam kolekcjonerskie radio Thomas z edycji &#8222;Collector&#8217;s Edition&#8221;, kt\u00f3re jest replik\u0105 klasycznych odbiornik\u00f3w w kszta\u0142cie katedry z lat 30. i 40. XX wieku. Obudowa wykonana jest z drewna, stylizowana na zabytkowe radia typu &#8222;cathedral&#8221;. Radio posiada tuner AM\/FM, a niekt\u00f3re modele z tej serii wyposa\u017cone by\u0142y r\u00f3wnie\u017c w magnetofon kasetowy. z boku&#8230;<\/p>\n","protected":false},"featured_media":7909,"comment_status":"open","ping_status":"closed","template":"","meta":{"_kadence_starter_templates_imported_post":false,"_kad_post_transparent":"default","_kad_post_title":"","_kad_post_layout":"default","_kad_post_sidebar_id":"","_kad_post_content_style":"default","_kad_post_vertical_padding":"default","_kad_post_feature":"","_kad_post_feature_position":"","_kad_post_header":false,"_kad_post_footer":false,"_kad_post_classname":""},"product_brand":[],"product_cat":[27],"product_tag":[],"class_list":{"0":"post-7908","1":"product","2":"type-product","3":"status-publish","4":"has-post-thumbnail","6":"product_cat-rozne","8":"first","9":"instock","10":"taxable","11":"shipping-taxable","12":"purchasable","13":"product-type-simple","14":"entry","15":"content-bg","16":"loop-entry"},"_links":{"self":[{"href":"https:\/\/klamotslawek.pl\/index.php?rest_route=\/wp\/v2\/product\/7908","targetHints":{"allow":["GET"]}}],"collection":[{"href":"https:\/\/klamotslawek.pl\/index.php?rest_route=\/wp\/v2\/product"}],"about":[{"href":"https:\/\/klamotslawek.pl\/index.php?rest_route=\/wp\/v2\/types\/product"}],"replies":[{"embeddable":true,"href":"https:\/\/klamotslawek.pl\/index.php?rest_route=%2Fwp%2Fv2%2Fcomments&post=7908"}],"wp:featuredmedia":[{"embeddable":true,"href":"https:\/\/klamotslawek.pl\/index.php?rest_route=\/wp\/v2\/media\/7909"}],"wp:attachment":[{"href":"https:\/\/klamotslawek.pl\/index.php?rest_route=%2Fwp%2Fv2%2Fmedia&parent=7908"}],"wp:term":[{"taxonomy":"product_brand","embeddable":true,"href":"https:\/\/klamotslawek.pl\/index.php?rest_route=%2Fwp%2Fv2%2Fproduct_brand&post=7908"},{"taxonomy":"product_cat","embeddable":true,"href":"https:\/\/klamotslawek.pl\/index.php?rest_route=%2Fwp%2Fv2%2Fproduct_cat&post=7908"},{"taxonomy":"product_tag","embeddable":true,"href":"https:\/\/klamotslawek.pl\/index.php?rest_route=%2Fwp%2Fv2%2Fproduct_tag&post=7908"}],"curies":[{"name":"wp","href":"https:\/\/api.w.org\/{rel}","templated":true}]}}