{"id":7721,"date":"2026-03-02T20:04:52","date_gmt":"2026-03-02T20:04:52","guid":{"rendered":"https:\/\/klamotslawek.pl\/?post_type=product&#038;p=7721"},"modified":"2026-03-02T20:04:52","modified_gmt":"2026-03-02T20:04:52","slug":"chodzik-rehabilitacyjny-335","status":"publish","type":"product","link":"https:\/\/klamotslawek.pl\/?product=chodzik-rehabilitacyjny-335","title":{"rendered":"chodzik rehabilitacyjny \/ 335"},"content":{"rendered":"<p>&nbsp;<\/p>\n<p>&nbsp;<\/p>\n<p>Sprzedam chodzik rehabilitacyjny, zwany r\u00f3wnie\u017c balkonikiem na k\u00f3\u0142kach lub podp\u00f3rk\u0105. Urz\u0105dzenie wspomagaj\u0105ce poruszanie si\u0119 dla os\u00f3b starszych lub niepe\u0142nosprawnych, zar\u00f3wno wewn\u0105trz pomieszcze\u0144, jak i na zewn\u0105trz. Wyposa\u017cony w cztery ko\u0142a, hamulce oraz torb\u0119 na zakupy.<br \/>\nPosiada wbudowane siedzisko , umo\u017cliwiaj\u0105ce odpoczynek podczas spaceru. Stan wizualny zgodny ze zdj\u0119ciami , mo\u017cliwa wysy\u0142ka kurierem<\/p>\n","protected":false},"excerpt":{"rendered":"<p>&nbsp; &nbsp; Sprzedam chodzik rehabilitacyjny, zwany r\u00f3wnie\u017c balkonikiem na k\u00f3\u0142kach lub podp\u00f3rk\u0105. Urz\u0105dzenie wspomagaj\u0105ce poruszanie si\u0119 dla os\u00f3b starszych lub niepe\u0142nosprawnych, zar\u00f3wno wewn\u0105trz pomieszcze\u0144, jak i na zewn\u0105trz. Wyposa\u017cony w cztery ko\u0142a, hamulce oraz torb\u0119 na zakupy. Posiada wbudowane siedzisko , umo\u017cliwiaj\u0105ce odpoczynek podczas spaceru. Stan wizualny zgodny ze zdj\u0119ciami , mo\u017cliwa wysy\u0142ka kurierem<\/p>\n","protected":false},"featured_media":7723,"comment_status":"open","ping_status":"closed","template":"","meta":{"_kadence_starter_templates_imported_post":false,"_kad_post_transparent":"default","_kad_post_title":"","_kad_post_layout":"default","_kad_post_sidebar_id":"","_kad_post_content_style":"default","_kad_post_vertical_padding":"default","_kad_post_feature":"","_kad_post_feature_position":"","_kad_post_header":false,"_kad_post_footer":false,"_kad_post_classname":""},"product_brand":[],"product_cat":[27],"product_tag":[],"class_list":{"0":"post-7721","1":"product","2":"type-product","3":"status-publish","4":"has-post-thumbnail","6":"product_cat-rozne","8":"first","9":"instock","10":"taxable","11":"shipping-taxable","12":"purchasable","13":"product-type-simple","14":"entry","15":"content-bg","16":"loop-entry"},"_links":{"self":[{"href":"https:\/\/klamotslawek.pl\/index.php?rest_route=\/wp\/v2\/product\/7721","targetHints":{"allow":["GET"]}}],"collection":[{"href":"https:\/\/klamotslawek.pl\/index.php?rest_route=\/wp\/v2\/product"}],"about":[{"href":"https:\/\/klamotslawek.pl\/index.php?rest_route=\/wp\/v2\/types\/product"}],"replies":[{"embeddable":true,"href":"https:\/\/klamotslawek.pl\/index.php?rest_route=%2Fwp%2Fv2%2Fcomments&post=7721"}],"wp:featuredmedia":[{"embeddable":true,"href":"https:\/\/klamotslawek.pl\/index.php?rest_route=\/wp\/v2\/media\/7723"}],"wp:attachment":[{"href":"https:\/\/klamotslawek.pl\/index.php?rest_route=%2Fwp%2Fv2%2Fmedia&parent=7721"}],"wp:term":[{"taxonomy":"product_brand","embeddable":true,"href":"https:\/\/klamotslawek.pl\/index.php?rest_route=%2Fwp%2Fv2%2Fproduct_brand&post=7721"},{"taxonomy":"product_cat","embeddable":true,"href":"https:\/\/klamotslawek.pl\/index.php?rest_route=%2Fwp%2Fv2%2Fproduct_cat&post=7721"},{"taxonomy":"product_tag","embeddable":true,"href":"https:\/\/klamotslawek.pl\/index.php?rest_route=%2Fwp%2Fv2%2Fproduct_tag&post=7721"}],"curies":[{"name":"wp","href":"https:\/\/api.w.org\/{rel}","templated":true}]}}