{"id":7699,"date":"2026-03-02T19:32:47","date_gmt":"2026-03-02T19:32:47","guid":{"rendered":"https:\/\/klamotslawek.pl\/?post_type=product&#038;p=7699"},"modified":"2026-03-02T19:32:47","modified_gmt":"2026-03-02T19:32:47","slug":"wazon-ceramiczny-355","status":"publish","type":"product","link":"https:\/\/klamotslawek.pl\/?product=wazon-ceramiczny-355","title":{"rendered":"wazon ceramiczny \/ 355"},"content":{"rendered":"<p>&nbsp;<\/p>\n<p>&nbsp;<\/p>\n<p>, vintage&#8217;owy wazon ceramiczny marki Scheurich-Keramik z Niemiec Zachodnich.<br \/>\nMarka\/Producent: Scheurich-Keramik.<br \/>\nPochodzenie: Niemcy Zachodnie (W. Germany).<br \/>\nCeramika artystyczna z charakterystycznym szkliwieniem.<br \/>\nDekoracyjny element wn\u0119trz lub przedmiot kolekcjonerski. stan wizualny zgodny ze zdj\u0119ciami , mo\u017cliwa wysy\u0142ka kurierem , wysoko\u015b\u0107 43 cm<\/p>\n","protected":false},"excerpt":{"rendered":"<p>&nbsp; &nbsp; , vintage&#8217;owy wazon ceramiczny marki Scheurich-Keramik z Niemiec Zachodnich. Marka\/Producent: Scheurich-Keramik. Pochodzenie: Niemcy Zachodnie (W. Germany). Ceramika artystyczna z charakterystycznym szkliwieniem. Dekoracyjny element wn\u0119trz lub przedmiot kolekcjonerski. stan wizualny zgodny ze zdj\u0119ciami , mo\u017cliwa wysy\u0142ka kurierem , wysoko\u015b\u0107 43 cm<\/p>\n","protected":false},"featured_media":7700,"comment_status":"open","ping_status":"closed","template":"","meta":{"_kadence_starter_templates_imported_post":false,"_kad_post_transparent":"default","_kad_post_title":"","_kad_post_layout":"default","_kad_post_sidebar_id":"","_kad_post_content_style":"default","_kad_post_vertical_padding":"default","_kad_post_feature":"","_kad_post_feature_position":"","_kad_post_header":false,"_kad_post_footer":false,"_kad_post_classname":""},"product_brand":[],"product_cat":[24],"product_tag":[],"class_list":{"0":"post-7699","1":"product","2":"type-product","3":"status-publish","4":"has-post-thumbnail","6":"product_cat-dekoracje","8":"first","9":"instock","10":"taxable","11":"shipping-taxable","12":"purchasable","13":"product-type-simple","14":"entry","15":"content-bg","16":"loop-entry"},"_links":{"self":[{"href":"https:\/\/klamotslawek.pl\/index.php?rest_route=\/wp\/v2\/product\/7699","targetHints":{"allow":["GET"]}}],"collection":[{"href":"https:\/\/klamotslawek.pl\/index.php?rest_route=\/wp\/v2\/product"}],"about":[{"href":"https:\/\/klamotslawek.pl\/index.php?rest_route=\/wp\/v2\/types\/product"}],"replies":[{"embeddable":true,"href":"https:\/\/klamotslawek.pl\/index.php?rest_route=%2Fwp%2Fv2%2Fcomments&post=7699"}],"wp:featuredmedia":[{"embeddable":true,"href":"https:\/\/klamotslawek.pl\/index.php?rest_route=\/wp\/v2\/media\/7700"}],"wp:attachment":[{"href":"https:\/\/klamotslawek.pl\/index.php?rest_route=%2Fwp%2Fv2%2Fmedia&parent=7699"}],"wp:term":[{"taxonomy":"product_brand","embeddable":true,"href":"https:\/\/klamotslawek.pl\/index.php?rest_route=%2Fwp%2Fv2%2Fproduct_brand&post=7699"},{"taxonomy":"product_cat","embeddable":true,"href":"https:\/\/klamotslawek.pl\/index.php?rest_route=%2Fwp%2Fv2%2Fproduct_cat&post=7699"},{"taxonomy":"product_tag","embeddable":true,"href":"https:\/\/klamotslawek.pl\/index.php?rest_route=%2Fwp%2Fv2%2Fproduct_tag&post=7699"}],"curies":[{"name":"wp","href":"https:\/\/api.w.org\/{rel}","templated":true}]}}