{"id":7661,"date":"2026-03-02T17:49:21","date_gmt":"2026-03-02T17:49:21","guid":{"rendered":"https:\/\/klamotslawek.pl\/?post_type=product&#038;p=7661"},"modified":"2026-03-02T17:50:33","modified_gmt":"2026-03-02T17:50:33","slug":"mocne-kolumny-kenwood-ls-150-321","status":"publish","type":"product","link":"https:\/\/klamotslawek.pl\/?product=mocne-kolumny-kenwood-ls-150-321","title":{"rendered":"Mocne kolumny Kenwood LS- 150 \/ 321"},"content":{"rendered":"<p>&nbsp;<\/p>\n<p>&nbsp;<\/p>\n<p>Sprzedam par\u0119 kolumn firmy Kenwood widocznych na zdj\u0119ciach.<br \/>\nKolumny s\u0105 sprawne technicznie i w bardzo dobrym stanie wizualnym -zdj\u0119cia. Stan wizualny zgodny ze zdj\u0119ciami<br \/>\nG\u0142o\u015bniki s\u0105 sprawne graj\u0105 czysto nie wymagaj\u0105 napraw s\u0105 w bardzo dobrym stanie.<br \/>\nKolumny graj\u0105 czysto i dynamicznie mocnym g\u0142\u0119bokim basem i czystymi sopranami ,d\u017awi\u0119k jest bardzo dobrej jako\u015bci.<br \/>\nKolumny \u015bwietnie si\u0119 prezentuj\u0105 ,w komplecie s\u0105 maskownice &#8211; zdj\u0119cia .<br \/>\nWymiary kolumn to wys -70 ,szer-25 i g\u0142-25 cm. op\u00f3r 8 om i moc 80 wat ka\u017cda.<br \/>\nMo\u017cliwa jest wysy\u0142ka kurierem<\/p>\n","protected":false},"excerpt":{"rendered":"<p>&nbsp; &nbsp; Sprzedam par\u0119 kolumn firmy Kenwood widocznych na zdj\u0119ciach. Kolumny s\u0105 sprawne technicznie i w bardzo dobrym stanie wizualnym -zdj\u0119cia. Stan wizualny zgodny ze zdj\u0119ciami G\u0142o\u015bniki s\u0105 sprawne graj\u0105 czysto nie wymagaj\u0105 napraw s\u0105 w bardzo dobrym stanie. Kolumny graj\u0105 czysto i dynamicznie mocnym g\u0142\u0119bokim basem i czystymi sopranami ,d\u017awi\u0119k jest bardzo dobrej jako\u015bci&#8230;.<\/p>\n","protected":false},"featured_media":7662,"comment_status":"open","ping_status":"closed","template":"","meta":{"_kadence_starter_templates_imported_post":false,"_kad_post_transparent":"default","_kad_post_title":"","_kad_post_layout":"default","_kad_post_sidebar_id":"","_kad_post_content_style":"default","_kad_post_vertical_padding":"default","_kad_post_feature":"","_kad_post_feature_position":"","_kad_post_header":false,"_kad_post_footer":false,"_kad_post_classname":""},"product_brand":[],"product_cat":[27],"product_tag":[],"class_list":{"0":"post-7661","1":"product","2":"type-product","3":"status-publish","4":"has-post-thumbnail","6":"product_cat-rozne","8":"first","9":"instock","10":"taxable","11":"shipping-taxable","12":"purchasable","13":"product-type-simple","14":"entry","15":"content-bg","16":"loop-entry"},"_links":{"self":[{"href":"https:\/\/klamotslawek.pl\/index.php?rest_route=\/wp\/v2\/product\/7661","targetHints":{"allow":["GET"]}}],"collection":[{"href":"https:\/\/klamotslawek.pl\/index.php?rest_route=\/wp\/v2\/product"}],"about":[{"href":"https:\/\/klamotslawek.pl\/index.php?rest_route=\/wp\/v2\/types\/product"}],"replies":[{"embeddable":true,"href":"https:\/\/klamotslawek.pl\/index.php?rest_route=%2Fwp%2Fv2%2Fcomments&post=7661"}],"wp:featuredmedia":[{"embeddable":true,"href":"https:\/\/klamotslawek.pl\/index.php?rest_route=\/wp\/v2\/media\/7662"}],"wp:attachment":[{"href":"https:\/\/klamotslawek.pl\/index.php?rest_route=%2Fwp%2Fv2%2Fmedia&parent=7661"}],"wp:term":[{"taxonomy":"product_brand","embeddable":true,"href":"https:\/\/klamotslawek.pl\/index.php?rest_route=%2Fwp%2Fv2%2Fproduct_brand&post=7661"},{"taxonomy":"product_cat","embeddable":true,"href":"https:\/\/klamotslawek.pl\/index.php?rest_route=%2Fwp%2Fv2%2Fproduct_cat&post=7661"},{"taxonomy":"product_tag","embeddable":true,"href":"https:\/\/klamotslawek.pl\/index.php?rest_route=%2Fwp%2Fv2%2Fproduct_tag&post=7661"}],"curies":[{"name":"wp","href":"https:\/\/api.w.org\/{rel}","templated":true}]}}