{"id":7607,"date":"2026-03-02T16:39:11","date_gmt":"2026-03-02T16:39:11","guid":{"rendered":"https:\/\/klamotslawek.pl\/?post_type=product&#038;p=7607"},"modified":"2026-03-02T16:39:11","modified_gmt":"2026-03-02T16:39:11","slug":"mosiezna-lampa-podlogowa-z-abazurem-328","status":"publish","type":"product","link":"https:\/\/klamotslawek.pl\/?product=mosiezna-lampa-podlogowa-z-abazurem-328","title":{"rendered":"Mosi\u0119\u017cna lampa pod\u0142ogowa z aba\u017curem \/ 328"},"content":{"rendered":"<p>&nbsp;<\/p>\n<p>&nbsp;<\/p>\n<p>Klasyczna lampa pod\u0142ogowa charakteryzuje si\u0119 mosi\u0119\u017cn\u0105 podstaw\u0105 i eleganckim, plisowanym aba\u017curem. Styl: Retro\/Vintage, cz\u0119sto spotykany w projektach z lat 50. i 60. Mosi\u0119\u017cne elementy konstrukcyjne. Posiada charakterystyczny aba\u017cur z fr\u0119dzlami, kt\u00f3ry nadaje wn\u0119trzu niepowtarzalny charakter. Stan wizualny lampy zgodny ze zdj\u0119ciami , \u015bwieci , wysoko\u015b\u0107 lampy 162 cm , aba\u017cur wysoko\u015b\u0107 46 cm , proponuj\u0119 odbi\u00f3r osobisty , mo\u017cliwa wysy\u0142ka kurierem , transport<\/p>\n","protected":false},"excerpt":{"rendered":"<p>&nbsp; &nbsp; Klasyczna lampa pod\u0142ogowa charakteryzuje si\u0119 mosi\u0119\u017cn\u0105 podstaw\u0105 i eleganckim, plisowanym aba\u017curem. Styl: Retro\/Vintage, cz\u0119sto spotykany w projektach z lat 50. i 60. Mosi\u0119\u017cne elementy konstrukcyjne. Posiada charakterystyczny aba\u017cur z fr\u0119dzlami, kt\u00f3ry nadaje wn\u0119trzu niepowtarzalny charakter. Stan wizualny lampy zgodny ze zdj\u0119ciami , \u015bwieci , wysoko\u015b\u0107 lampy 162 cm , aba\u017cur wysoko\u015b\u0107 46 cm&#8230;<\/p>\n","protected":false},"featured_media":7608,"comment_status":"open","ping_status":"closed","template":"","meta":{"_kadence_starter_templates_imported_post":false,"_kad_post_transparent":"default","_kad_post_title":"","_kad_post_layout":"default","_kad_post_sidebar_id":"","_kad_post_content_style":"default","_kad_post_vertical_padding":"default","_kad_post_feature":"","_kad_post_feature_position":"","_kad_post_header":false,"_kad_post_footer":false,"_kad_post_classname":""},"product_brand":[],"product_cat":[27],"product_tag":[],"class_list":{"0":"post-7607","1":"product","2":"type-product","3":"status-publish","4":"has-post-thumbnail","6":"product_cat-rozne","8":"first","9":"instock","10":"taxable","11":"shipping-taxable","12":"purchasable","13":"product-type-simple","14":"entry","15":"content-bg","16":"loop-entry"},"_links":{"self":[{"href":"https:\/\/klamotslawek.pl\/index.php?rest_route=\/wp\/v2\/product\/7607","targetHints":{"allow":["GET"]}}],"collection":[{"href":"https:\/\/klamotslawek.pl\/index.php?rest_route=\/wp\/v2\/product"}],"about":[{"href":"https:\/\/klamotslawek.pl\/index.php?rest_route=\/wp\/v2\/types\/product"}],"replies":[{"embeddable":true,"href":"https:\/\/klamotslawek.pl\/index.php?rest_route=%2Fwp%2Fv2%2Fcomments&post=7607"}],"wp:featuredmedia":[{"embeddable":true,"href":"https:\/\/klamotslawek.pl\/index.php?rest_route=\/wp\/v2\/media\/7608"}],"wp:attachment":[{"href":"https:\/\/klamotslawek.pl\/index.php?rest_route=%2Fwp%2Fv2%2Fmedia&parent=7607"}],"wp:term":[{"taxonomy":"product_brand","embeddable":true,"href":"https:\/\/klamotslawek.pl\/index.php?rest_route=%2Fwp%2Fv2%2Fproduct_brand&post=7607"},{"taxonomy":"product_cat","embeddable":true,"href":"https:\/\/klamotslawek.pl\/index.php?rest_route=%2Fwp%2Fv2%2Fproduct_cat&post=7607"},{"taxonomy":"product_tag","embeddable":true,"href":"https:\/\/klamotslawek.pl\/index.php?rest_route=%2Fwp%2Fv2%2Fproduct_tag&post=7607"}],"curies":[{"name":"wp","href":"https:\/\/api.w.org\/{rel}","templated":true}]}}