{"id":7558,"date":"2026-03-02T15:00:24","date_gmt":"2026-03-02T15:00:24","guid":{"rendered":"https:\/\/klamotslawek.pl\/?post_type=product&#038;p=7558"},"modified":"2026-03-02T15:00:24","modified_gmt":"2026-03-02T15:00:24","slug":"radio-z-odtwarzaczem-plyt-gramofonowych-370","status":"publish","type":"product","link":"https:\/\/klamotslawek.pl\/?product=radio-z-odtwarzaczem-plyt-gramofonowych-370","title":{"rendered":"radio z odtwarzaczem p\u0142yt gramofonowych \/ 370"},"content":{"rendered":"<p>&nbsp;<\/p>\n<p>&nbsp;<\/p>\n<p>Sprzedam radio z odtw. p\u0142yt gramofonowych .\u0141\u0105czy w sobie gramofon o trzech pr\u0119dko\u015bciach, odtwarzacz CD, odtwarzacz kaset oraz radio AM\/FM.<br \/>\nPosiada obudow\u0119 z drewna o \u015brednim odcieniu bejcy.<br \/>\nStylizowane na wz\u00f3r urz\u0105dze\u0144 retro z ubieg\u0142ego wieku.<br \/>\nSprawne , stan wizualny radia zgodny ze zdj\u0119ciami mo\u017cliwa wysy\u0142ka kurierem<\/p>\n","protected":false},"excerpt":{"rendered":"<p>&nbsp; &nbsp; Sprzedam radio z odtw. p\u0142yt gramofonowych .\u0141\u0105czy w sobie gramofon o trzech pr\u0119dko\u015bciach, odtwarzacz CD, odtwarzacz kaset oraz radio AM\/FM. Posiada obudow\u0119 z drewna o \u015brednim odcieniu bejcy. Stylizowane na wz\u00f3r urz\u0105dze\u0144 retro z ubieg\u0142ego wieku. Sprawne , stan wizualny radia zgodny ze zdj\u0119ciami mo\u017cliwa wysy\u0142ka kurierem<\/p>\n","protected":false},"featured_media":7559,"comment_status":"open","ping_status":"closed","template":"","meta":{"_kadence_starter_templates_imported_post":false,"_kad_post_transparent":"default","_kad_post_title":"","_kad_post_layout":"default","_kad_post_sidebar_id":"","_kad_post_content_style":"default","_kad_post_vertical_padding":"default","_kad_post_feature":"","_kad_post_feature_position":"","_kad_post_header":false,"_kad_post_footer":false,"_kad_post_classname":""},"product_brand":[],"product_cat":[27],"product_tag":[],"class_list":{"0":"post-7558","1":"product","2":"type-product","3":"status-publish","4":"has-post-thumbnail","6":"product_cat-rozne","8":"first","9":"instock","10":"taxable","11":"shipping-taxable","12":"purchasable","13":"product-type-simple","14":"entry","15":"content-bg","16":"loop-entry"},"_links":{"self":[{"href":"https:\/\/klamotslawek.pl\/index.php?rest_route=\/wp\/v2\/product\/7558","targetHints":{"allow":["GET"]}}],"collection":[{"href":"https:\/\/klamotslawek.pl\/index.php?rest_route=\/wp\/v2\/product"}],"about":[{"href":"https:\/\/klamotslawek.pl\/index.php?rest_route=\/wp\/v2\/types\/product"}],"replies":[{"embeddable":true,"href":"https:\/\/klamotslawek.pl\/index.php?rest_route=%2Fwp%2Fv2%2Fcomments&post=7558"}],"wp:featuredmedia":[{"embeddable":true,"href":"https:\/\/klamotslawek.pl\/index.php?rest_route=\/wp\/v2\/media\/7559"}],"wp:attachment":[{"href":"https:\/\/klamotslawek.pl\/index.php?rest_route=%2Fwp%2Fv2%2Fmedia&parent=7558"}],"wp:term":[{"taxonomy":"product_brand","embeddable":true,"href":"https:\/\/klamotslawek.pl\/index.php?rest_route=%2Fwp%2Fv2%2Fproduct_brand&post=7558"},{"taxonomy":"product_cat","embeddable":true,"href":"https:\/\/klamotslawek.pl\/index.php?rest_route=%2Fwp%2Fv2%2Fproduct_cat&post=7558"},{"taxonomy":"product_tag","embeddable":true,"href":"https:\/\/klamotslawek.pl\/index.php?rest_route=%2Fwp%2Fv2%2Fproduct_tag&post=7558"}],"curies":[{"name":"wp","href":"https:\/\/api.w.org\/{rel}","templated":true}]}}