{"id":7326,"date":"2026-02-03T21:34:16","date_gmt":"2026-02-03T21:34:16","guid":{"rendered":"https:\/\/klamotslawek.pl\/?post_type=product&#038;p=7326"},"modified":"2026-02-03T21:34:17","modified_gmt":"2026-02-03T21:34:17","slug":"kwietnik-bambusowy-222","status":"publish","type":"product","link":"https:\/\/klamotslawek.pl\/?product=kwietnik-bambusowy-222","title":{"rendered":"kwietnik bambusowy \/ 222"},"content":{"rendered":"<p>&nbsp;<\/p>\n<p>&nbsp;<\/p>\n<p>&nbsp;<\/p>\n<p>Stylowy, r\u0119cznie wykonany kwietnik \/ stojak z bambusa. Posiada sze\u015bciok\u0105tny kszta\u0142t i ozdobne, \u0142ukowe elementy. Mo\u017ce s\u0142u\u017cy\u0107 jako podstawka pod kwiaty lub dekoracj\u0119 , zachowa\u0142 sw\u00f3j unikatowy charakter.<br \/>\nWymiar : blat 25\/28 cm , wysoko\u015b\u0107 58 cm , mo\u017cliwa wysy\u0142ka kurierem , transport<\/p>\n","protected":false},"excerpt":{"rendered":"<p>&nbsp; &nbsp; &nbsp; Stylowy, r\u0119cznie wykonany kwietnik \/ stojak z bambusa. Posiada sze\u015bciok\u0105tny kszta\u0142t i ozdobne, \u0142ukowe elementy. Mo\u017ce s\u0142u\u017cy\u0107 jako podstawka pod kwiaty lub dekoracj\u0119 , zachowa\u0142 sw\u00f3j unikatowy charakter. Wymiar : blat 25\/28 cm , wysoko\u015b\u0107 58 cm , mo\u017cliwa wysy\u0142ka kurierem , transport<\/p>\n","protected":false},"featured_media":7331,"comment_status":"open","ping_status":"closed","template":"","meta":{"_kadence_starter_templates_imported_post":false,"_kad_post_transparent":"default","_kad_post_title":"","_kad_post_layout":"default","_kad_post_sidebar_id":"","_kad_post_content_style":"default","_kad_post_vertical_padding":"default","_kad_post_feature":"","_kad_post_feature_position":"","_kad_post_header":false,"_kad_post_footer":false,"_kad_post_classname":""},"product_brand":[],"product_cat":[27],"product_tag":[],"class_list":{"0":"post-7326","1":"product","2":"type-product","3":"status-publish","4":"has-post-thumbnail","6":"product_cat-rozne","8":"first","9":"instock","10":"taxable","11":"shipping-taxable","12":"purchasable","13":"product-type-simple","14":"entry","15":"content-bg","16":"loop-entry"},"_links":{"self":[{"href":"https:\/\/klamotslawek.pl\/index.php?rest_route=\/wp\/v2\/product\/7326","targetHints":{"allow":["GET"]}}],"collection":[{"href":"https:\/\/klamotslawek.pl\/index.php?rest_route=\/wp\/v2\/product"}],"about":[{"href":"https:\/\/klamotslawek.pl\/index.php?rest_route=\/wp\/v2\/types\/product"}],"replies":[{"embeddable":true,"href":"https:\/\/klamotslawek.pl\/index.php?rest_route=%2Fwp%2Fv2%2Fcomments&post=7326"}],"wp:featuredmedia":[{"embeddable":true,"href":"https:\/\/klamotslawek.pl\/index.php?rest_route=\/wp\/v2\/media\/7331"}],"wp:attachment":[{"href":"https:\/\/klamotslawek.pl\/index.php?rest_route=%2Fwp%2Fv2%2Fmedia&parent=7326"}],"wp:term":[{"taxonomy":"product_brand","embeddable":true,"href":"https:\/\/klamotslawek.pl\/index.php?rest_route=%2Fwp%2Fv2%2Fproduct_brand&post=7326"},{"taxonomy":"product_cat","embeddable":true,"href":"https:\/\/klamotslawek.pl\/index.php?rest_route=%2Fwp%2Fv2%2Fproduct_cat&post=7326"},{"taxonomy":"product_tag","embeddable":true,"href":"https:\/\/klamotslawek.pl\/index.php?rest_route=%2Fwp%2Fv2%2Fproduct_tag&post=7326"}],"curies":[{"name":"wp","href":"https:\/\/api.w.org\/{rel}","templated":true}]}}