{"id":7273,"date":"2026-02-03T20:15:54","date_gmt":"2026-02-03T20:15:54","guid":{"rendered":"https:\/\/klamotslawek.pl\/?post_type=product&#038;p=7273"},"modified":"2026-02-03T20:15:55","modified_gmt":"2026-02-03T20:15:55","slug":"mobilny-barek-na-kolkach-225","status":"publish","type":"product","link":"https:\/\/klamotslawek.pl\/?product=mobilny-barek-na-kolkach-225","title":{"rendered":"Mobilny barek na k\u00f3\u0142kach \/ 225"},"content":{"rendered":"<p>&nbsp;<\/p>\n<p>&nbsp;<\/p>\n<p>Sprzedam mobilny stylizowany barek na k\u00f3\u0142kach w z\u0142otej lekkiej aluminiowej konstrukcji.<\/p>\n<p>Szklane hartowane dwie p\u00f3\u0142ki.<\/p>\n<p>Stan zachowania jak na zdj\u0119ciach<\/p>\n<p>wymiar : p\u00f3\u0142ki 35\/64 cm , wysoko\u015b\u0107 do g\u00f3rnej p\u00f3\u0142ki 65 cm , wysoko\u015b\u0107 z r\u0105czk\u0105 77 cm , proponuj\u0119 odbi\u00f3r osobisty , mo\u017cliwa wysy\u0142ka kurierem , transport .<\/p>\n<p>&nbsp;<\/p>\n","protected":false},"excerpt":{"rendered":"<p>&nbsp; &nbsp; Sprzedam mobilny stylizowany barek na k\u00f3\u0142kach w z\u0142otej lekkiej aluminiowej konstrukcji. Szklane hartowane dwie p\u00f3\u0142ki. Stan zachowania jak na zdj\u0119ciach wymiar : p\u00f3\u0142ki 35\/64 cm , wysoko\u015b\u0107 do g\u00f3rnej p\u00f3\u0142ki 65 cm , wysoko\u015b\u0107 z r\u0105czk\u0105 77 cm , proponuj\u0119 odbi\u00f3r osobisty , mo\u017cliwa wysy\u0142ka kurierem , transport . &nbsp;<\/p>\n","protected":false},"featured_media":7274,"comment_status":"open","ping_status":"closed","template":"","meta":{"_kadence_starter_templates_imported_post":false,"_kad_post_transparent":"default","_kad_post_title":"","_kad_post_layout":"default","_kad_post_sidebar_id":"","_kad_post_content_style":"default","_kad_post_vertical_padding":"default","_kad_post_feature":"","_kad_post_feature_position":"","_kad_post_header":false,"_kad_post_footer":false,"_kad_post_classname":""},"product_brand":[],"product_cat":[27],"product_tag":[],"class_list":{"0":"post-7273","1":"product","2":"type-product","3":"status-publish","4":"has-post-thumbnail","6":"product_cat-rozne","8":"first","9":"instock","10":"taxable","11":"shipping-taxable","12":"purchasable","13":"product-type-simple","14":"entry","15":"content-bg","16":"loop-entry"},"_links":{"self":[{"href":"https:\/\/klamotslawek.pl\/index.php?rest_route=\/wp\/v2\/product\/7273","targetHints":{"allow":["GET"]}}],"collection":[{"href":"https:\/\/klamotslawek.pl\/index.php?rest_route=\/wp\/v2\/product"}],"about":[{"href":"https:\/\/klamotslawek.pl\/index.php?rest_route=\/wp\/v2\/types\/product"}],"replies":[{"embeddable":true,"href":"https:\/\/klamotslawek.pl\/index.php?rest_route=%2Fwp%2Fv2%2Fcomments&post=7273"}],"wp:featuredmedia":[{"embeddable":true,"href":"https:\/\/klamotslawek.pl\/index.php?rest_route=\/wp\/v2\/media\/7274"}],"wp:attachment":[{"href":"https:\/\/klamotslawek.pl\/index.php?rest_route=%2Fwp%2Fv2%2Fmedia&parent=7273"}],"wp:term":[{"taxonomy":"product_brand","embeddable":true,"href":"https:\/\/klamotslawek.pl\/index.php?rest_route=%2Fwp%2Fv2%2Fproduct_brand&post=7273"},{"taxonomy":"product_cat","embeddable":true,"href":"https:\/\/klamotslawek.pl\/index.php?rest_route=%2Fwp%2Fv2%2Fproduct_cat&post=7273"},{"taxonomy":"product_tag","embeddable":true,"href":"https:\/\/klamotslawek.pl\/index.php?rest_route=%2Fwp%2Fv2%2Fproduct_tag&post=7273"}],"curies":[{"name":"wp","href":"https:\/\/api.w.org\/{rel}","templated":true}]}}