{"id":7258,"date":"2026-02-03T19:16:19","date_gmt":"2026-02-03T19:16:19","guid":{"rendered":"https:\/\/klamotslawek.pl\/?post_type=product&#038;p=7258"},"modified":"2026-02-03T19:16:19","modified_gmt":"2026-02-03T19:16:19","slug":"wieszak-wolnostojacy-giety-216","status":"publish","type":"product","link":"https:\/\/klamotslawek.pl\/?product=wieszak-wolnostojacy-giety-216","title":{"rendered":"wieszak wolnostoj\u0105cy , gi\u0119ty \/ 216"},"content":{"rendered":"<p>&nbsp;<\/p>\n<p>&nbsp;<\/p>\n<p>Sprzedam , stoj\u0105cy wieszak w kolorze czarnym, o charakterystycznym, zagi\u0119tym kszta\u0142cie. Wykonany z drewna , mo\u017ce s\u0142u\u017cy\u0107 do zawieszenia ubra\u0144 lub innych przedmiot\u00f3w. Nosi \u015blady u\u017cytkowania, ale jest w dobrym stanie , stan wizualny zgodny ze zdj\u0119ciami , wysoko\u015b\u0107 182 cm , proponuj\u0119 odbi\u00f3r osobisty , mo\u017cliwa wysy\u0142ka kurierem , transport<\/p>\n","protected":false},"excerpt":{"rendered":"<p>&nbsp; &nbsp; Sprzedam , stoj\u0105cy wieszak w kolorze czarnym, o charakterystycznym, zagi\u0119tym kszta\u0142cie. Wykonany z drewna , mo\u017ce s\u0142u\u017cy\u0107 do zawieszenia ubra\u0144 lub innych przedmiot\u00f3w. Nosi \u015blady u\u017cytkowania, ale jest w dobrym stanie , stan wizualny zgodny ze zdj\u0119ciami , wysoko\u015b\u0107 182 cm , proponuj\u0119 odbi\u00f3r osobisty , mo\u017cliwa wysy\u0142ka kurierem , transport<\/p>\n","protected":false},"featured_media":7259,"comment_status":"open","ping_status":"closed","template":"","meta":{"_kadence_starter_templates_imported_post":false,"_kad_post_transparent":"default","_kad_post_title":"","_kad_post_layout":"default","_kad_post_sidebar_id":"","_kad_post_content_style":"default","_kad_post_vertical_padding":"default","_kad_post_feature":"","_kad_post_feature_position":"","_kad_post_header":false,"_kad_post_footer":false,"_kad_post_classname":""},"product_brand":[],"product_cat":[27],"product_tag":[],"class_list":{"0":"post-7258","1":"product","2":"type-product","3":"status-publish","4":"has-post-thumbnail","6":"product_cat-rozne","8":"first","9":"instock","10":"taxable","11":"shipping-taxable","12":"purchasable","13":"product-type-simple","14":"entry","15":"content-bg","16":"loop-entry"},"_links":{"self":[{"href":"https:\/\/klamotslawek.pl\/index.php?rest_route=\/wp\/v2\/product\/7258","targetHints":{"allow":["GET"]}}],"collection":[{"href":"https:\/\/klamotslawek.pl\/index.php?rest_route=\/wp\/v2\/product"}],"about":[{"href":"https:\/\/klamotslawek.pl\/index.php?rest_route=\/wp\/v2\/types\/product"}],"replies":[{"embeddable":true,"href":"https:\/\/klamotslawek.pl\/index.php?rest_route=%2Fwp%2Fv2%2Fcomments&post=7258"}],"wp:featuredmedia":[{"embeddable":true,"href":"https:\/\/klamotslawek.pl\/index.php?rest_route=\/wp\/v2\/media\/7259"}],"wp:attachment":[{"href":"https:\/\/klamotslawek.pl\/index.php?rest_route=%2Fwp%2Fv2%2Fmedia&parent=7258"}],"wp:term":[{"taxonomy":"product_brand","embeddable":true,"href":"https:\/\/klamotslawek.pl\/index.php?rest_route=%2Fwp%2Fv2%2Fproduct_brand&post=7258"},{"taxonomy":"product_cat","embeddable":true,"href":"https:\/\/klamotslawek.pl\/index.php?rest_route=%2Fwp%2Fv2%2Fproduct_cat&post=7258"},{"taxonomy":"product_tag","embeddable":true,"href":"https:\/\/klamotslawek.pl\/index.php?rest_route=%2Fwp%2Fv2%2Fproduct_tag&post=7258"}],"curies":[{"name":"wp","href":"https:\/\/api.w.org\/{rel}","templated":true}]}}