{"id":7114,"date":"2026-01-26T20:55:37","date_gmt":"2026-01-26T20:55:37","guid":{"rendered":"https:\/\/klamotslawek.pl\/?post_type=product&#038;p=7114"},"modified":"2026-01-26T20:55:37","modified_gmt":"2026-01-26T20:55:37","slug":"dmuchawa-odkurzacz-do-lisci-black-decker-gw-150-717","status":"publish","type":"product","link":"https:\/\/klamotslawek.pl\/?product=dmuchawa-odkurzacz-do-lisci-black-decker-gw-150-717","title":{"rendered":"dmuchawa\/odkurzacz do li\u015bci Black &#038; Decker GW 150 \/ 717"},"content":{"rendered":"<p>&nbsp;<\/p>\n<p>&nbsp;<\/p>\n<p>&nbsp;<\/p>\n<p>Sprzedam &#8211; dmuchawa\/odkurzacz do li\u015bci Black &amp; Decker GW 150.<br \/>\nTyp: dmuchawa\/odkurzacz do li\u015bci<br \/>\nMarka: Black &amp; Decker<br \/>\nModel: GW 150<br \/>\nPrzeznaczenie: prace ogrodowe, sprz\u0105tanie li\u015bci<br \/>\nSprawna w 100% , stan wizualny zgodny ze zdj\u0119ciami , mo\u017cliwa wysy\u0142ka kurierem &#8211; pobranie<\/p>\n","protected":false},"excerpt":{"rendered":"<p>&nbsp; &nbsp; &nbsp; Sprzedam &#8211; dmuchawa\/odkurzacz do li\u015bci Black &amp; Decker GW 150. Typ: dmuchawa\/odkurzacz do li\u015bci Marka: Black &amp; Decker Model: GW 150 Przeznaczenie: prace ogrodowe, sprz\u0105tanie li\u015bci Sprawna w 100% , stan wizualny zgodny ze zdj\u0119ciami , mo\u017cliwa wysy\u0142ka kurierem &#8211; pobranie<\/p>\n","protected":false},"featured_media":7115,"comment_status":"open","ping_status":"closed","template":"","meta":{"_kadence_starter_templates_imported_post":false,"_kad_post_transparent":"default","_kad_post_title":"","_kad_post_layout":"default","_kad_post_sidebar_id":"","_kad_post_content_style":"default","_kad_post_vertical_padding":"default","_kad_post_feature":"","_kad_post_feature_position":"","_kad_post_header":false,"_kad_post_footer":false,"_kad_post_classname":""},"product_brand":[],"product_cat":[26],"product_tag":[],"class_list":{"0":"post-7114","1":"product","2":"type-product","3":"status-publish","4":"has-post-thumbnail","6":"product_cat-narzedzia","8":"first","9":"instock","10":"taxable","11":"shipping-taxable","12":"purchasable","13":"product-type-simple","14":"entry","15":"content-bg","16":"loop-entry"},"_links":{"self":[{"href":"https:\/\/klamotslawek.pl\/index.php?rest_route=\/wp\/v2\/product\/7114","targetHints":{"allow":["GET"]}}],"collection":[{"href":"https:\/\/klamotslawek.pl\/index.php?rest_route=\/wp\/v2\/product"}],"about":[{"href":"https:\/\/klamotslawek.pl\/index.php?rest_route=\/wp\/v2\/types\/product"}],"replies":[{"embeddable":true,"href":"https:\/\/klamotslawek.pl\/index.php?rest_route=%2Fwp%2Fv2%2Fcomments&post=7114"}],"wp:featuredmedia":[{"embeddable":true,"href":"https:\/\/klamotslawek.pl\/index.php?rest_route=\/wp\/v2\/media\/7115"}],"wp:attachment":[{"href":"https:\/\/klamotslawek.pl\/index.php?rest_route=%2Fwp%2Fv2%2Fmedia&parent=7114"}],"wp:term":[{"taxonomy":"product_brand","embeddable":true,"href":"https:\/\/klamotslawek.pl\/index.php?rest_route=%2Fwp%2Fv2%2Fproduct_brand&post=7114"},{"taxonomy":"product_cat","embeddable":true,"href":"https:\/\/klamotslawek.pl\/index.php?rest_route=%2Fwp%2Fv2%2Fproduct_cat&post=7114"},{"taxonomy":"product_tag","embeddable":true,"href":"https:\/\/klamotslawek.pl\/index.php?rest_route=%2Fwp%2Fv2%2Fproduct_tag&post=7114"}],"curies":[{"name":"wp","href":"https:\/\/api.w.org\/{rel}","templated":true}]}}