{"id":7110,"date":"2026-01-26T20:17:43","date_gmt":"2026-01-26T20:17:43","guid":{"rendered":"https:\/\/klamotslawek.pl\/?post_type=product&#038;p=7110"},"modified":"2026-01-26T20:17:43","modified_gmt":"2026-01-26T20:17:43","slug":"obraz-grobelin-polowanie","status":"publish","type":"product","link":"https:\/\/klamotslawek.pl\/?product=obraz-grobelin-polowanie","title":{"rendered":"obraz grobelin &#8211; polowanie"},"content":{"rendered":"<p>&nbsp;<\/p>\n<p>&nbsp;<\/p>\n<div class=\"WaaZC\">\n<div class=\"RJPOee EIJn2\">\n<div class=\"rPeykc uP58nb\" data-hveid=\"CAgQAQ\" data-ved=\"2ahUKEwi6o8iH6amSAxWCA9sEHd8gOnIQo_EKegQICBAB\"><span data-huuid=\"15437515295905577691\"><span role=\"heading\" aria-level=\"2\">Sprzedam obraz &#8211; oprawiony gobelin z motywem polowania konnego.<\/span><span class=\"pjBG2e\" data-cid=\"5133dfa6-7d78-4659-b06f-68b80e763f7e\"><span class=\"UV3uM\">\u00a0<\/span><\/span><\/span><\/p>\n<div class=\"NPrrbc\" data-cid=\"5133dfa6-7d78-4659-b06f-68b80e763f7e\" data-uuids=\"15437515295905577691\">\n<div class=\"BMebGe btku5b FR7ZSc OJeuxf\" tabindex=\"0\" role=\"button\" aria-label=\"Wy\u015bwietl powi\u0105zane materia\u0142y\" data-hveid=\"CAIQAQ\" data-ved=\"2ahUKEwi6o8iH6amSAxWCA9sEHd8gOnIQ3fYKegQIAhAB\">\n<div class=\"niO4u B6OMee\"><\/div>\n<\/div>\n<\/div>\n<\/div>\n<\/div>\n<\/div>\n<div class=\"WaaZC\">\n<div class=\"RJPOee EIJn2\">\n<ul data-hveid=\"CBkQAQ\" data-ved=\"2ahUKEwi6o8iH6amSAxWCA9sEHd8gOnIQm_YKegQIGRAB\">\n<li><span data-huuid=\"15437515295905578278\">Przedstawia scen\u0119 polowania z je\u017ad\u017acami w czerwonych kurtkach, psami my\u015bliwskimi i ko\u0144mi.<span class=\"pjBG2e\" data-cid=\"e025fd77-4777-4378-a8a4-9c8818b1f95e\"><span class=\"UV3uM\"> Stan oceniam na dobry , nie zniszczony , wymiar ramy 41\/100 cm , mo\u017cliwa wysy\u0142ka kurierem\u00a0<\/span><\/span><\/span><\/li>\n<\/ul>\n<\/div>\n<\/div>\n","protected":false},"excerpt":{"rendered":"<p>&nbsp; &nbsp; Sprzedam obraz &#8211; oprawiony gobelin z motywem polowania konnego.\u00a0 Przedstawia scen\u0119 polowania z je\u017ad\u017acami w czerwonych kurtkach, psami my\u015bliwskimi i ko\u0144mi. Stan oceniam na dobry , nie zniszczony , wymiar ramy 41\/100 cm , mo\u017cliwa wysy\u0142ka kurierem\u00a0<\/p>\n","protected":false},"featured_media":7111,"comment_status":"open","ping_status":"closed","template":"","meta":{"_kadence_starter_templates_imported_post":false,"_kad_post_transparent":"default","_kad_post_title":"","_kad_post_layout":"default","_kad_post_sidebar_id":"","_kad_post_content_style":"default","_kad_post_vertical_padding":"default","_kad_post_feature":"","_kad_post_feature_position":"","_kad_post_header":false,"_kad_post_footer":false,"_kad_post_classname":""},"product_brand":[],"product_cat":[24],"product_tag":[],"class_list":{"0":"post-7110","1":"product","2":"type-product","3":"status-publish","4":"has-post-thumbnail","6":"product_cat-dekoracje","8":"first","9":"instock","10":"taxable","11":"shipping-taxable","12":"purchasable","13":"product-type-simple","14":"entry","15":"content-bg","16":"loop-entry"},"_links":{"self":[{"href":"https:\/\/klamotslawek.pl\/index.php?rest_route=\/wp\/v2\/product\/7110","targetHints":{"allow":["GET"]}}],"collection":[{"href":"https:\/\/klamotslawek.pl\/index.php?rest_route=\/wp\/v2\/product"}],"about":[{"href":"https:\/\/klamotslawek.pl\/index.php?rest_route=\/wp\/v2\/types\/product"}],"replies":[{"embeddable":true,"href":"https:\/\/klamotslawek.pl\/index.php?rest_route=%2Fwp%2Fv2%2Fcomments&post=7110"}],"wp:featuredmedia":[{"embeddable":true,"href":"https:\/\/klamotslawek.pl\/index.php?rest_route=\/wp\/v2\/media\/7111"}],"wp:attachment":[{"href":"https:\/\/klamotslawek.pl\/index.php?rest_route=%2Fwp%2Fv2%2Fmedia&parent=7110"}],"wp:term":[{"taxonomy":"product_brand","embeddable":true,"href":"https:\/\/klamotslawek.pl\/index.php?rest_route=%2Fwp%2Fv2%2Fproduct_brand&post=7110"},{"taxonomy":"product_cat","embeddable":true,"href":"https:\/\/klamotslawek.pl\/index.php?rest_route=%2Fwp%2Fv2%2Fproduct_cat&post=7110"},{"taxonomy":"product_tag","embeddable":true,"href":"https:\/\/klamotslawek.pl\/index.php?rest_route=%2Fwp%2Fv2%2Fproduct_tag&post=7110"}],"curies":[{"name":"wp","href":"https:\/\/api.w.org\/{rel}","templated":true}]}}