{"id":7075,"date":"2026-01-26T17:47:10","date_gmt":"2026-01-26T17:47:10","guid":{"rendered":"https:\/\/klamotslawek.pl\/?post_type=product&#038;p=7075"},"modified":"2026-01-26T17:47:10","modified_gmt":"2026-01-26T17:47:10","slug":"bambusowy-stojak-na-kwiaty-770","status":"publish","type":"product","link":"https:\/\/klamotslawek.pl\/?product=bambusowy-stojak-na-kwiaty-770","title":{"rendered":"bambusowy stojak na kwiaty \/ 770"},"content":{"rendered":"<p>Sprzedam n=bambusowy stojak na kwiaty , doniczki w dobrym stanie , nie zniszczony , stan wizualny zgodny ze zdj\u0119ciami , wymiar : wysoko\u015b\u0107 71 cm , blat 28\/84 cm<\/p>\n","protected":false},"excerpt":{"rendered":"<p>Sprzedam n=bambusowy stojak na kwiaty , doniczki w dobrym stanie , nie zniszczony , stan wizualny zgodny ze zdj\u0119ciami , wymiar : wysoko\u015b\u0107 71 cm , blat 28\/84 cm<\/p>\n","protected":false},"featured_media":7076,"comment_status":"open","ping_status":"closed","template":"","meta":{"_kadence_starter_templates_imported_post":false,"_kad_post_transparent":"default","_kad_post_title":"","_kad_post_layout":"default","_kad_post_sidebar_id":"","_kad_post_content_style":"default","_kad_post_vertical_padding":"default","_kad_post_feature":"","_kad_post_feature_position":"","_kad_post_header":false,"_kad_post_footer":false,"_kad_post_classname":""},"product_brand":[],"product_cat":[27],"product_tag":[],"class_list":{"0":"post-7075","1":"product","2":"type-product","3":"status-publish","4":"has-post-thumbnail","6":"product_cat-rozne","8":"first","9":"instock","10":"taxable","11":"shipping-taxable","12":"purchasable","13":"product-type-simple","14":"entry","15":"content-bg","16":"loop-entry"},"_links":{"self":[{"href":"https:\/\/klamotslawek.pl\/index.php?rest_route=\/wp\/v2\/product\/7075","targetHints":{"allow":["GET"]}}],"collection":[{"href":"https:\/\/klamotslawek.pl\/index.php?rest_route=\/wp\/v2\/product"}],"about":[{"href":"https:\/\/klamotslawek.pl\/index.php?rest_route=\/wp\/v2\/types\/product"}],"replies":[{"embeddable":true,"href":"https:\/\/klamotslawek.pl\/index.php?rest_route=%2Fwp%2Fv2%2Fcomments&post=7075"}],"wp:featuredmedia":[{"embeddable":true,"href":"https:\/\/klamotslawek.pl\/index.php?rest_route=\/wp\/v2\/media\/7076"}],"wp:attachment":[{"href":"https:\/\/klamotslawek.pl\/index.php?rest_route=%2Fwp%2Fv2%2Fmedia&parent=7075"}],"wp:term":[{"taxonomy":"product_brand","embeddable":true,"href":"https:\/\/klamotslawek.pl\/index.php?rest_route=%2Fwp%2Fv2%2Fproduct_brand&post=7075"},{"taxonomy":"product_cat","embeddable":true,"href":"https:\/\/klamotslawek.pl\/index.php?rest_route=%2Fwp%2Fv2%2Fproduct_cat&post=7075"},{"taxonomy":"product_tag","embeddable":true,"href":"https:\/\/klamotslawek.pl\/index.php?rest_route=%2Fwp%2Fv2%2Fproduct_tag&post=7075"}],"curies":[{"name":"wp","href":"https:\/\/api.w.org\/{rel}","templated":true}]}}