{"id":6574,"date":"2025-12-02T11:33:34","date_gmt":"2025-12-02T11:33:34","guid":{"rendered":"https:\/\/klamotslawek.pl\/?post_type=product&#038;p=6574"},"modified":"2025-12-02T11:33:34","modified_gmt":"2025-12-02T11:33:34","slug":"wiertarka-reczna-bullcraft-typ-350-2-224","status":"publish","type":"product","link":"https:\/\/klamotslawek.pl\/?product=wiertarka-reczna-bullcraft-typ-350-2-224","title":{"rendered":"wiertarka r\u0119czna  Bullcraft Typ 350\/2   \/ 224"},"content":{"rendered":"<p>&nbsp;<\/p>\n<p>&nbsp;<\/p>\n<p>Sprzedam wiertark\u0119 r\u0119czn\u0105 Bullcraft Typ 350\/2, wyprodukowanej w Niemczech Zachodnich.<br \/>\nMarka: Bullcraft<br \/>\nModel: Typ 350\/2, Nr. 347\/485<br \/>\nDane elektryczne: 220V, 350 W, 1.7A, 50Hz<br \/>\nParametry pracy: Pr\u0119dko\u015b\u0107 bez obci\u0105\u017cenia 2300\/2700 1\/min, wiercenie w stali do 10 mm<br \/>\nwiertarka sprawna , dzia\u0142a bez zarzut\u00f3w<\/p>\n","protected":false},"excerpt":{"rendered":"<p>&nbsp; &nbsp; Sprzedam wiertark\u0119 r\u0119czn\u0105 Bullcraft Typ 350\/2, wyprodukowanej w Niemczech Zachodnich. Marka: Bullcraft Model: Typ 350\/2, Nr. 347\/485 Dane elektryczne: 220V, 350 W, 1.7A, 50Hz Parametry pracy: Pr\u0119dko\u015b\u0107 bez obci\u0105\u017cenia 2300\/2700 1\/min, wiercenie w stali do 10 mm wiertarka sprawna , dzia\u0142a bez zarzut\u00f3w<\/p>\n","protected":false},"featured_media":6580,"comment_status":"open","ping_status":"closed","template":"","meta":{"_kadence_starter_templates_imported_post":false,"_kad_post_transparent":"default","_kad_post_title":"","_kad_post_layout":"default","_kad_post_sidebar_id":"","_kad_post_content_style":"default","_kad_post_vertical_padding":"default","_kad_post_feature":"","_kad_post_feature_position":"","_kad_post_header":false,"_kad_post_footer":false,"_kad_post_classname":""},"product_brand":[],"product_cat":[26],"product_tag":[],"class_list":{"0":"post-6574","1":"product","2":"type-product","3":"status-publish","4":"has-post-thumbnail","6":"product_cat-narzedzia","8":"first","9":"instock","10":"taxable","11":"shipping-taxable","12":"purchasable","13":"product-type-simple","14":"entry","15":"content-bg","16":"loop-entry"},"_links":{"self":[{"href":"https:\/\/klamotslawek.pl\/index.php?rest_route=\/wp\/v2\/product\/6574","targetHints":{"allow":["GET"]}}],"collection":[{"href":"https:\/\/klamotslawek.pl\/index.php?rest_route=\/wp\/v2\/product"}],"about":[{"href":"https:\/\/klamotslawek.pl\/index.php?rest_route=\/wp\/v2\/types\/product"}],"replies":[{"embeddable":true,"href":"https:\/\/klamotslawek.pl\/index.php?rest_route=%2Fwp%2Fv2%2Fcomments&post=6574"}],"wp:featuredmedia":[{"embeddable":true,"href":"https:\/\/klamotslawek.pl\/index.php?rest_route=\/wp\/v2\/media\/6580"}],"wp:attachment":[{"href":"https:\/\/klamotslawek.pl\/index.php?rest_route=%2Fwp%2Fv2%2Fmedia&parent=6574"}],"wp:term":[{"taxonomy":"product_brand","embeddable":true,"href":"https:\/\/klamotslawek.pl\/index.php?rest_route=%2Fwp%2Fv2%2Fproduct_brand&post=6574"},{"taxonomy":"product_cat","embeddable":true,"href":"https:\/\/klamotslawek.pl\/index.php?rest_route=%2Fwp%2Fv2%2Fproduct_cat&post=6574"},{"taxonomy":"product_tag","embeddable":true,"href":"https:\/\/klamotslawek.pl\/index.php?rest_route=%2Fwp%2Fv2%2Fproduct_tag&post=6574"}],"curies":[{"name":"wp","href":"https:\/\/api.w.org\/{rel}","templated":true}]}}