{"id":6559,"date":"2025-12-02T11:10:27","date_gmt":"2025-12-02T11:10:27","guid":{"rendered":"https:\/\/klamotslawek.pl\/?post_type=product&#038;p=6559"},"modified":"2025-12-02T11:10:27","modified_gmt":"2025-12-02T11:10:27","slug":"szlifierka-tasmowa-trovex-trbs-850-275","status":"publish","type":"product","link":"https:\/\/klamotslawek.pl\/?product=szlifierka-tasmowa-trovex-trbs-850-275","title":{"rendered":"szlifierka ta\u015bmowa TROVEX TRBS 850. \/ 275"},"content":{"rendered":"<p><span style=\"font-family: var(--global-body-font-family);\">Sprzedam szlifierk\u0119 ta\u015bmow\u0105 TROVEX TRBS 850.<\/span><\/p>\n<div class=\"WaaZC\">\n<div class=\"RJPOee EIJn2\">\n<ul data-hveid=\"CAwQAQ\" data-ved=\"2ahUKEwjgjom44J6RAxW5VPEDHZ5-IQUQm_YKegQIDBAB\">\n<li><span data-huuid=\"16322372874294320684\"><strong>Model:<\/strong>\u00a0TRBS 850<\/span><\/li>\n<li><span data-huuid=\"16322372874294318326\"><strong>Moc:<\/strong> 850 W , 0-280min , 230V &#8211; 50Hz<\/span><\/li>\n<li>szlifierka sprawna , dzia\u0142a bez zarzut\u00f3w , stan wizualny szlifierki zgodny ze zdj\u0119ciami , mo\u017cliwa wysy\u0142ka kurierem<\/li>\n<\/ul>\n<\/div>\n<\/div>\n","protected":false},"excerpt":{"rendered":"<p>Sprzedam szlifierk\u0119 ta\u015bmow\u0105 TROVEX TRBS 850. Model:\u00a0TRBS 850 Moc: 850 W , 0-280min , 230V &#8211; 50Hz szlifierka sprawna , dzia\u0142a bez zarzut\u00f3w , stan wizualny szlifierki zgodny ze zdj\u0119ciami , mo\u017cliwa wysy\u0142ka kurierem<\/p>\n","protected":false},"featured_media":6561,"comment_status":"open","ping_status":"closed","template":"","meta":{"_kadence_starter_templates_imported_post":false,"_kad_post_transparent":"default","_kad_post_title":"","_kad_post_layout":"default","_kad_post_sidebar_id":"","_kad_post_content_style":"default","_kad_post_vertical_padding":"default","_kad_post_feature":"","_kad_post_feature_position":"","_kad_post_header":false,"_kad_post_footer":false,"_kad_post_classname":""},"product_brand":[],"product_cat":[26],"product_tag":[],"class_list":{"0":"post-6559","1":"product","2":"type-product","3":"status-publish","4":"has-post-thumbnail","6":"product_cat-narzedzia","8":"first","9":"instock","10":"taxable","11":"shipping-taxable","12":"purchasable","13":"product-type-simple","14":"entry","15":"content-bg","16":"loop-entry"},"_links":{"self":[{"href":"https:\/\/klamotslawek.pl\/index.php?rest_route=\/wp\/v2\/product\/6559","targetHints":{"allow":["GET"]}}],"collection":[{"href":"https:\/\/klamotslawek.pl\/index.php?rest_route=\/wp\/v2\/product"}],"about":[{"href":"https:\/\/klamotslawek.pl\/index.php?rest_route=\/wp\/v2\/types\/product"}],"replies":[{"embeddable":true,"href":"https:\/\/klamotslawek.pl\/index.php?rest_route=%2Fwp%2Fv2%2Fcomments&post=6559"}],"wp:featuredmedia":[{"embeddable":true,"href":"https:\/\/klamotslawek.pl\/index.php?rest_route=\/wp\/v2\/media\/6561"}],"wp:attachment":[{"href":"https:\/\/klamotslawek.pl\/index.php?rest_route=%2Fwp%2Fv2%2Fmedia&parent=6559"}],"wp:term":[{"taxonomy":"product_brand","embeddable":true,"href":"https:\/\/klamotslawek.pl\/index.php?rest_route=%2Fwp%2Fv2%2Fproduct_brand&post=6559"},{"taxonomy":"product_cat","embeddable":true,"href":"https:\/\/klamotslawek.pl\/index.php?rest_route=%2Fwp%2Fv2%2Fproduct_cat&post=6559"},{"taxonomy":"product_tag","embeddable":true,"href":"https:\/\/klamotslawek.pl\/index.php?rest_route=%2Fwp%2Fv2%2Fproduct_tag&post=6559"}],"curies":[{"name":"wp","href":"https:\/\/api.w.org\/{rel}","templated":true}]}}