{"id":6545,"date":"2025-12-02T10:36:44","date_gmt":"2025-12-02T10:36:44","guid":{"rendered":"https:\/\/klamotslawek.pl\/?post_type=product&#038;p=6545"},"modified":"2025-12-02T10:36:44","modified_gmt":"2025-12-02T10:36:44","slug":"transporter-dla-zwierzatka-279","status":"publish","type":"product","link":"https:\/\/klamotslawek.pl\/?product=transporter-dla-zwierzatka-279","title":{"rendered":"transporter dla zwierz\u0105tka \/ 279"},"content":{"rendered":"<p>&nbsp;<\/p>\n<p>&nbsp;<\/p>\n<p>Sprzedam wiklinowy transporter dla kota lub ma\u0142ego psa, kt\u00f3ry mo\u017ce s\u0142u\u017cy\u0107 r\u00f3wnie\u017c jako legowisko.<br \/>\nWykonany z naturalnej wikliny, cz\u0119sto pozyskiwanej z polskich gospodarstw.<br \/>\nPosiada metalowe drzwiczki\/kratk\u0119 zabezpieczaj\u0105c\u0105 zwierz\u0119 podczas transportu, kt\u00f3r\u0105 mo\u017cna zdj\u0105\u0107, gdy kosz pe\u0142ni funkcj\u0119 legowiska.<br \/>\nWyposa\u017cony w uchwyt u\u0142atwiaj\u0105cy przenoszenie. Stan wizualny zgodny ze zdj\u0119ciami , wysoko\u015b\u0107 transportera 38 cm , mo\u017cliwa wysy\u0142ka kurierem<\/p>\n","protected":false},"excerpt":{"rendered":"<p>&nbsp; &nbsp; Sprzedam wiklinowy transporter dla kota lub ma\u0142ego psa, kt\u00f3ry mo\u017ce s\u0142u\u017cy\u0107 r\u00f3wnie\u017c jako legowisko. Wykonany z naturalnej wikliny, cz\u0119sto pozyskiwanej z polskich gospodarstw. Posiada metalowe drzwiczki\/kratk\u0119 zabezpieczaj\u0105c\u0105 zwierz\u0119 podczas transportu, kt\u00f3r\u0105 mo\u017cna zdj\u0105\u0107, gdy kosz pe\u0142ni funkcj\u0119 legowiska. Wyposa\u017cony w uchwyt u\u0142atwiaj\u0105cy przenoszenie. Stan wizualny zgodny ze zdj\u0119ciami , wysoko\u015b\u0107 transportera 38 cm&#8230;<\/p>\n","protected":false},"featured_media":6546,"comment_status":"open","ping_status":"closed","template":"","meta":{"_kadence_starter_templates_imported_post":false,"_kad_post_transparent":"default","_kad_post_title":"","_kad_post_layout":"default","_kad_post_sidebar_id":"","_kad_post_content_style":"default","_kad_post_vertical_padding":"default","_kad_post_feature":"","_kad_post_feature_position":"","_kad_post_header":false,"_kad_post_footer":false,"_kad_post_classname":""},"product_brand":[],"product_cat":[27],"product_tag":[],"class_list":{"0":"post-6545","1":"product","2":"type-product","3":"status-publish","4":"has-post-thumbnail","6":"product_cat-rozne","8":"first","9":"instock","10":"taxable","11":"shipping-taxable","12":"purchasable","13":"product-type-simple","14":"entry","15":"content-bg","16":"loop-entry"},"_links":{"self":[{"href":"https:\/\/klamotslawek.pl\/index.php?rest_route=\/wp\/v2\/product\/6545","targetHints":{"allow":["GET"]}}],"collection":[{"href":"https:\/\/klamotslawek.pl\/index.php?rest_route=\/wp\/v2\/product"}],"about":[{"href":"https:\/\/klamotslawek.pl\/index.php?rest_route=\/wp\/v2\/types\/product"}],"replies":[{"embeddable":true,"href":"https:\/\/klamotslawek.pl\/index.php?rest_route=%2Fwp%2Fv2%2Fcomments&post=6545"}],"wp:featuredmedia":[{"embeddable":true,"href":"https:\/\/klamotslawek.pl\/index.php?rest_route=\/wp\/v2\/media\/6546"}],"wp:attachment":[{"href":"https:\/\/klamotslawek.pl\/index.php?rest_route=%2Fwp%2Fv2%2Fmedia&parent=6545"}],"wp:term":[{"taxonomy":"product_brand","embeddable":true,"href":"https:\/\/klamotslawek.pl\/index.php?rest_route=%2Fwp%2Fv2%2Fproduct_brand&post=6545"},{"taxonomy":"product_cat","embeddable":true,"href":"https:\/\/klamotslawek.pl\/index.php?rest_route=%2Fwp%2Fv2%2Fproduct_cat&post=6545"},{"taxonomy":"product_tag","embeddable":true,"href":"https:\/\/klamotslawek.pl\/index.php?rest_route=%2Fwp%2Fv2%2Fproduct_tag&post=6545"}],"curies":[{"name":"wp","href":"https:\/\/api.w.org\/{rel}","templated":true}]}}