{"id":6453,"date":"2025-12-01T19:29:59","date_gmt":"2025-12-01T19:29:59","guid":{"rendered":"https:\/\/klamotslawek.pl\/?post_type=product&#038;p=6453"},"modified":"2025-12-01T19:29:59","modified_gmt":"2025-12-01T19:29:59","slug":"barek-na-kolkach-419","status":"publish","type":"product","link":"https:\/\/klamotslawek.pl\/?product=barek-na-kolkach-419","title":{"rendered":"barek na k\u00f3\u0142kach \/ 419"},"content":{"rendered":"<p>&nbsp;<\/p>\n<p>&nbsp;<\/p>\n<div class=\"WaaZC\">\n<div class=\"RJPOee EIJn2\">\n<div class=\"rPeykc uP58nb MNX06c\" data-hveid=\"CAwQAQ\" data-ved=\"2ahUKEwjAk-Xbjp2RAxX4QvEDHcpzCAIQo_EKegQIDBAB\"><span data-huuid=\"6489239196022892074\">\u00a0 Sprzedam mebel to drewniany <strong>w\u00f3zek barowy<\/strong>, znany r\u00f3wnie\u017c jako stolik do serwowania.\u00a0<\/span><span data-huuid=\"6489239196022893711\">Jest to mobilny mebel na k\u00f3\u0142kach, przeznaczony do przechowywania i serwowania napoj\u00f3w oraz przek\u0105sek.<span class=\"pjBG2e\" data-cid=\"783590e7-13f3-4e1c-b0c5-3a432156ebc9\"><span class=\"UV3uM\">\u00a0<\/span><\/span><\/span><\/p>\n<div class=\"NPrrbc\" data-cid=\"783590e7-13f3-4e1c-b0c5-3a432156ebc9\" data-uuids=\"6489239196022892074,6489239196022893711\">\n<div class=\"BMebGe btku5b LwdV0e FR7ZSc OJeuxf\" tabindex=\"0\" role=\"button\" aria-label=\"Wy\u015bwietl powi\u0105zane materia\u0142y\" data-hveid=\"CAMQAQ\" data-ved=\"2ahUKEwjAk-Xbjp2RAxX4QvEDHcpzCAIQ3fYKegQIAxAB\">\n<div class=\"niO4u\"><\/div>\n<\/div>\n<\/div>\n<\/div>\n<\/div>\n<\/div>\n<div class=\"WaaZC\">\n<div class=\"RJPOee EIJn2\">\n<ul data-hveid=\"CBUQAQ\" data-ved=\"2ahUKEwjAk-Xbjp2RAxX4QvEDHcpzCAIQm_YKegQIFRAB\">\n<li><span data-huuid=\"6489239196022894526\">Jest to mebel mobilny, wyposa\u017cony w k\u00f3\u0142ka u\u0142atwiaj\u0105ce transport.<span class=\"pjBG2e\" data-cid=\"68bc9117-cb0f-4252-9fde-70df21b36c67\"><span class=\"UV3uM\">\u00a0<\/span><\/span><\/span>\n<div class=\"NPrrbc\" data-cid=\"68bc9117-cb0f-4252-9fde-70df21b36c67\" data-uuids=\"6489239196022894526\">\n<div class=\"BMebGe btku5b LwdV0e FR7ZSc OJeuxf\" tabindex=\"0\" role=\"button\" aria-label=\"Wy\u015bwietl powi\u0105zane materia\u0142y\" data-hveid=\"CA8QAQ\" data-ved=\"2ahUKEwjAk-Xbjp2RAxX4QvEDHcpzCAIQ3fYKegQIDxAB\">\n<div class=\"niO4u\"><\/div>\n<\/div>\n<\/div>\n<\/li>\n<li><span data-huuid=\"6489239196022893704\">Posiada dwie p\u00f3\u0142ki do przechowywania butelek, szk\u0142a i akcesori\u00f3w barowych.<span class=\"pjBG2e\" data-cid=\"191bfaac-a91f-41ef-a3a9-90c0fe91453a\"><span class=\"UV3uM\">\u00a0<\/span><\/span><\/span>\n<div class=\"NPrrbc\" data-cid=\"191bfaac-a91f-41ef-a3a9-90c0fe91453a\" data-uuids=\"6489239196022893704\">\n<div class=\"BMebGe btku5b LwdV0e FR7ZSc OJeuxf\" tabindex=\"0\" role=\"button\" aria-label=\"Wy\u015bwietl powi\u0105zane materia\u0142y\" data-hveid=\"CBAQAQ\" data-ved=\"2ahUKEwjAk-Xbjp2RAxX4QvEDHcpzCAIQ3fYKegQIEBAB\">\n<div class=\"niO4u\"><\/div>\n<\/div>\n<\/div>\n<\/li>\n<li><span data-huuid=\"6489239196022892882\">Wykonany jest z drewna, ma rze\u017abione kraw\u0119dzie i uchwyt do prowadzenia.<span class=\"pjBG2e\" data-cid=\"28892d4e-e0fd-4cda-b408-8a1f91ac4bcb\"><span class=\"UV3uM\">\u00a0<\/span><\/span><\/span><\/li>\n<li>Wymiar : 44\/71 cm , wysoko\u015b\u0107 71 cm , d\u0142ugo\u015b\u0107 z r\u0105czk\u0105 76 cm , proponuj\u0119 odbi\u00f3r osobisty , mo\u017cliwa wysy\u0142ka kurierem , transport<\/li>\n<\/ul>\n<\/div>\n<\/div>\n","protected":false},"excerpt":{"rendered":"<p>&nbsp; &nbsp; \u00a0 Sprzedam mebel to drewniany w\u00f3zek barowy, znany r\u00f3wnie\u017c jako stolik do serwowania.\u00a0Jest to mobilny mebel na k\u00f3\u0142kach, przeznaczony do przechowywania i serwowania napoj\u00f3w oraz przek\u0105sek.\u00a0 Jest to mebel mobilny, wyposa\u017cony w k\u00f3\u0142ka u\u0142atwiaj\u0105ce transport.\u00a0 Posiada dwie p\u00f3\u0142ki do przechowywania butelek, szk\u0142a i akcesori\u00f3w barowych.\u00a0 Wykonany jest z drewna, ma rze\u017abione kraw\u0119dzie i&#8230;<\/p>\n","protected":false},"featured_media":6454,"comment_status":"open","ping_status":"closed","template":"","meta":{"_kadence_starter_templates_imported_post":false,"_kad_post_transparent":"default","_kad_post_title":"","_kad_post_layout":"default","_kad_post_sidebar_id":"","_kad_post_content_style":"default","_kad_post_vertical_padding":"default","_kad_post_feature":"","_kad_post_feature_position":"","_kad_post_header":false,"_kad_post_footer":false,"_kad_post_classname":""},"product_brand":[],"product_cat":[24],"product_tag":[],"class_list":{"0":"post-6453","1":"product","2":"type-product","3":"status-publish","4":"has-post-thumbnail","6":"product_cat-dekoracje","8":"first","9":"instock","10":"taxable","11":"shipping-taxable","12":"purchasable","13":"product-type-simple","14":"entry","15":"content-bg","16":"loop-entry"},"_links":{"self":[{"href":"https:\/\/klamotslawek.pl\/index.php?rest_route=\/wp\/v2\/product\/6453","targetHints":{"allow":["GET"]}}],"collection":[{"href":"https:\/\/klamotslawek.pl\/index.php?rest_route=\/wp\/v2\/product"}],"about":[{"href":"https:\/\/klamotslawek.pl\/index.php?rest_route=\/wp\/v2\/types\/product"}],"replies":[{"embeddable":true,"href":"https:\/\/klamotslawek.pl\/index.php?rest_route=%2Fwp%2Fv2%2Fcomments&post=6453"}],"wp:featuredmedia":[{"embeddable":true,"href":"https:\/\/klamotslawek.pl\/index.php?rest_route=\/wp\/v2\/media\/6454"}],"wp:attachment":[{"href":"https:\/\/klamotslawek.pl\/index.php?rest_route=%2Fwp%2Fv2%2Fmedia&parent=6453"}],"wp:term":[{"taxonomy":"product_brand","embeddable":true,"href":"https:\/\/klamotslawek.pl\/index.php?rest_route=%2Fwp%2Fv2%2Fproduct_brand&post=6453"},{"taxonomy":"product_cat","embeddable":true,"href":"https:\/\/klamotslawek.pl\/index.php?rest_route=%2Fwp%2Fv2%2Fproduct_cat&post=6453"},{"taxonomy":"product_tag","embeddable":true,"href":"https:\/\/klamotslawek.pl\/index.php?rest_route=%2Fwp%2Fv2%2Fproduct_tag&post=6453"}],"curies":[{"name":"wp","href":"https:\/\/api.w.org\/{rel}","templated":true}]}}