{"id":6366,"date":"2025-11-28T11:06:35","date_gmt":"2025-11-28T11:06:35","guid":{"rendered":"https:\/\/klamotslawek.pl\/?post_type=product&#038;p=6366"},"modified":"2025-11-30T17:02:38","modified_gmt":"2025-11-30T17:02:38","slug":"donica-oslona-mosiadz-miedz-390","status":"publish","type":"product","link":"https:\/\/klamotslawek.pl\/?product=donica-oslona-mosiadz-miedz-390","title":{"rendered":"donica, os\u0142ona mosi\u0105dz + mied\u017a \/ 390"},"content":{"rendered":"<p>&nbsp;<\/p>\n<p>Sprzedam\u00a0 donic\u0119, os\u0142on\u0119 donicy.<\/p>\n<p>Wysoko\u015b\u0107\u00a0 27 cm<\/p>\n<p>Istnieje mo\u017cliwo\u015b\u0107 wysy\u0142ki\u00a0 u\u017cywana donica ozdobiony motywami z br\u0105zu i miedzi. Ciekawy element dekoracyjny, kt\u00f3ry nadaje wn\u0119trzu unikalny charakter.<\/p>\n","protected":false},"excerpt":{"rendered":"<p>&nbsp; Sprzedam\u00a0 donic\u0119, os\u0142on\u0119 donicy. Wysoko\u015b\u0107\u00a0 27 cm Istnieje mo\u017cliwo\u015b\u0107 wysy\u0142ki\u00a0 u\u017cywana donica ozdobiony motywami z br\u0105zu i miedzi. Ciekawy element dekoracyjny, kt\u00f3ry nadaje wn\u0119trzu unikalny charakter.<\/p>\n","protected":false},"featured_media":6367,"comment_status":"open","ping_status":"closed","template":"","meta":{"_kadence_starter_templates_imported_post":false,"_kad_post_transparent":"default","_kad_post_title":"","_kad_post_layout":"default","_kad_post_sidebar_id":"","_kad_post_content_style":"default","_kad_post_vertical_padding":"default","_kad_post_feature":"","_kad_post_feature_position":"","_kad_post_header":false,"_kad_post_footer":false,"_kad_post_classname":""},"product_brand":[],"product_cat":[24],"product_tag":[],"class_list":{"0":"post-6366","1":"product","2":"type-product","3":"status-publish","4":"has-post-thumbnail","6":"product_cat-dekoracje","8":"first","9":"instock","10":"taxable","11":"shipping-taxable","12":"purchasable","13":"product-type-simple","14":"entry","15":"content-bg","16":"loop-entry"},"_links":{"self":[{"href":"https:\/\/klamotslawek.pl\/index.php?rest_route=\/wp\/v2\/product\/6366","targetHints":{"allow":["GET"]}}],"collection":[{"href":"https:\/\/klamotslawek.pl\/index.php?rest_route=\/wp\/v2\/product"}],"about":[{"href":"https:\/\/klamotslawek.pl\/index.php?rest_route=\/wp\/v2\/types\/product"}],"replies":[{"embeddable":true,"href":"https:\/\/klamotslawek.pl\/index.php?rest_route=%2Fwp%2Fv2%2Fcomments&post=6366"}],"wp:featuredmedia":[{"embeddable":true,"href":"https:\/\/klamotslawek.pl\/index.php?rest_route=\/wp\/v2\/media\/6367"}],"wp:attachment":[{"href":"https:\/\/klamotslawek.pl\/index.php?rest_route=%2Fwp%2Fv2%2Fmedia&parent=6366"}],"wp:term":[{"taxonomy":"product_brand","embeddable":true,"href":"https:\/\/klamotslawek.pl\/index.php?rest_route=%2Fwp%2Fv2%2Fproduct_brand&post=6366"},{"taxonomy":"product_cat","embeddable":true,"href":"https:\/\/klamotslawek.pl\/index.php?rest_route=%2Fwp%2Fv2%2Fproduct_cat&post=6366"},{"taxonomy":"product_tag","embeddable":true,"href":"https:\/\/klamotslawek.pl\/index.php?rest_route=%2Fwp%2Fv2%2Fproduct_tag&post=6366"}],"curies":[{"name":"wp","href":"https:\/\/api.w.org\/{rel}","templated":true}]}}