{"id":6310,"date":"2025-11-26T22:01:26","date_gmt":"2025-11-26T22:01:26","guid":{"rendered":"https:\/\/klamotslawek.pl\/?post_type=product&#038;p=6310"},"modified":"2025-11-26T22:01:26","modified_gmt":"2025-11-26T22:01:26","slug":"nozyce-do-zywoplotu-aeg-335","status":"publish","type":"product","link":"https:\/\/klamotslawek.pl\/?product=nozyce-do-zywoplotu-aeg-335","title":{"rendered":"no\u017cyce do \u017cywop\u0142otu  AEG \/ 335"},"content":{"rendered":"<p>&nbsp;<\/p>\n<p>Sprzedam elektryczny sekator przeznaczony do przycinania i kszta\u0142towania \u017cywop\u0142ot\u00f3w oraz krzew\u00f3w.<br \/>\nMarka AEG jest niemieckim producentem sprz\u0119tu AGD i narz\u0119dzi, znanym z niezawodno\u015bci.<\/p>\n<p>Urz\u0105dzenie charakteryzuje si\u0119 nisk\u0105 wag\u0105 i d\u0142ug\u0105 listw\u0105 tn\u0105c\u0105<\/p>\n<p>Sprawne w 100% w dobrym stanie technicznym , stan wizualny zgodny ze zdj\u0119ciami , mo\u017cliwa wysy\u0142ka kurierem<\/p>\n<p>&nbsp;<\/p>\n","protected":false},"excerpt":{"rendered":"<p>&nbsp; Sprzedam elektryczny sekator przeznaczony do przycinania i kszta\u0142towania \u017cywop\u0142ot\u00f3w oraz krzew\u00f3w. Marka AEG jest niemieckim producentem sprz\u0119tu AGD i narz\u0119dzi, znanym z niezawodno\u015bci. Urz\u0105dzenie charakteryzuje si\u0119 nisk\u0105 wag\u0105 i d\u0142ug\u0105 listw\u0105 tn\u0105c\u0105 Sprawne w 100% w dobrym stanie technicznym , stan wizualny zgodny ze zdj\u0119ciami , mo\u017cliwa wysy\u0142ka kurierem &nbsp;<\/p>\n","protected":false},"featured_media":6311,"comment_status":"open","ping_status":"closed","template":"","meta":{"_kadence_starter_templates_imported_post":false,"_kad_post_transparent":"default","_kad_post_title":"","_kad_post_layout":"default","_kad_post_sidebar_id":"","_kad_post_content_style":"default","_kad_post_vertical_padding":"default","_kad_post_feature":"","_kad_post_feature_position":"","_kad_post_header":false,"_kad_post_footer":false,"_kad_post_classname":""},"product_brand":[],"product_cat":[26],"product_tag":[],"class_list":{"0":"post-6310","1":"product","2":"type-product","3":"status-publish","4":"has-post-thumbnail","6":"product_cat-narzedzia","8":"first","9":"instock","10":"taxable","11":"shipping-taxable","12":"purchasable","13":"product-type-simple","14":"entry","15":"content-bg","16":"loop-entry"},"_links":{"self":[{"href":"https:\/\/klamotslawek.pl\/index.php?rest_route=\/wp\/v2\/product\/6310","targetHints":{"allow":["GET"]}}],"collection":[{"href":"https:\/\/klamotslawek.pl\/index.php?rest_route=\/wp\/v2\/product"}],"about":[{"href":"https:\/\/klamotslawek.pl\/index.php?rest_route=\/wp\/v2\/types\/product"}],"replies":[{"embeddable":true,"href":"https:\/\/klamotslawek.pl\/index.php?rest_route=%2Fwp%2Fv2%2Fcomments&post=6310"}],"wp:featuredmedia":[{"embeddable":true,"href":"https:\/\/klamotslawek.pl\/index.php?rest_route=\/wp\/v2\/media\/6311"}],"wp:attachment":[{"href":"https:\/\/klamotslawek.pl\/index.php?rest_route=%2Fwp%2Fv2%2Fmedia&parent=6310"}],"wp:term":[{"taxonomy":"product_brand","embeddable":true,"href":"https:\/\/klamotslawek.pl\/index.php?rest_route=%2Fwp%2Fv2%2Fproduct_brand&post=6310"},{"taxonomy":"product_cat","embeddable":true,"href":"https:\/\/klamotslawek.pl\/index.php?rest_route=%2Fwp%2Fv2%2Fproduct_cat&post=6310"},{"taxonomy":"product_tag","embeddable":true,"href":"https:\/\/klamotslawek.pl\/index.php?rest_route=%2Fwp%2Fv2%2Fproduct_tag&post=6310"}],"curies":[{"name":"wp","href":"https:\/\/api.w.org\/{rel}","templated":true}]}}