{"id":6287,"date":"2025-11-26T21:29:17","date_gmt":"2025-11-26T21:29:17","guid":{"rendered":"https:\/\/klamotslawek.pl\/?post_type=product&#038;p=6287"},"modified":"2025-12-03T21:43:13","modified_gmt":"2025-12-03T21:43:13","slug":"duza-klatka-dla-zwierzatka-324","status":"publish","type":"product","link":"https:\/\/klamotslawek.pl\/?product=duza-klatka-dla-zwierzatka-324","title":{"rendered":"du\u017ca klatka dla zwierz\u0105tka \/ 324"},"content":{"rendered":"<p>&nbsp;<\/p>\n<p>&nbsp;<\/p>\n<p>sprzedam du\u017c\u0105 klatk\u0119 dla zwierz\u0105tka w dobrym stanie , nie zniszczona , plastik nie pop\u0119kany , stan wizualny klatki zgodny ze zdj\u0119ciami , wymiar : 120\/60 cm , wysoko\u015b\u0107 50 cm , mo\u017cliwa wysy\u0142ka kurierem<\/p>\n","protected":false},"excerpt":{"rendered":"<p>&nbsp; &nbsp; sprzedam du\u017c\u0105 klatk\u0119 dla zwierz\u0105tka w dobrym stanie , nie zniszczona , plastik nie pop\u0119kany , stan wizualny klatki zgodny ze zdj\u0119ciami , wymiar : 120\/60 cm , wysoko\u015b\u0107 50 cm , mo\u017cliwa wysy\u0142ka kurierem<\/p>\n","protected":false},"featured_media":0,"comment_status":"open","ping_status":"closed","template":"","meta":{"_kadence_starter_templates_imported_post":false,"_kad_post_transparent":"default","_kad_post_title":"","_kad_post_layout":"default","_kad_post_sidebar_id":"","_kad_post_content_style":"default","_kad_post_vertical_padding":"default","_kad_post_feature":"","_kad_post_feature_position":"","_kad_post_header":false,"_kad_post_footer":false,"_kad_post_classname":""},"product_brand":[],"product_cat":[27],"product_tag":[],"class_list":{"0":"post-6287","1":"product","2":"type-product","3":"status-publish","5":"product_cat-rozne","7":"first","8":"instock","9":"taxable","10":"shipping-taxable","11":"purchasable","12":"product-type-simple","13":"entry","14":"content-bg","15":"loop-entry"},"_links":{"self":[{"href":"https:\/\/klamotslawek.pl\/index.php?rest_route=\/wp\/v2\/product\/6287","targetHints":{"allow":["GET"]}}],"collection":[{"href":"https:\/\/klamotslawek.pl\/index.php?rest_route=\/wp\/v2\/product"}],"about":[{"href":"https:\/\/klamotslawek.pl\/index.php?rest_route=\/wp\/v2\/types\/product"}],"replies":[{"embeddable":true,"href":"https:\/\/klamotslawek.pl\/index.php?rest_route=%2Fwp%2Fv2%2Fcomments&post=6287"}],"wp:attachment":[{"href":"https:\/\/klamotslawek.pl\/index.php?rest_route=%2Fwp%2Fv2%2Fmedia&parent=6287"}],"wp:term":[{"taxonomy":"product_brand","embeddable":true,"href":"https:\/\/klamotslawek.pl\/index.php?rest_route=%2Fwp%2Fv2%2Fproduct_brand&post=6287"},{"taxonomy":"product_cat","embeddable":true,"href":"https:\/\/klamotslawek.pl\/index.php?rest_route=%2Fwp%2Fv2%2Fproduct_cat&post=6287"},{"taxonomy":"product_tag","embeddable":true,"href":"https:\/\/klamotslawek.pl\/index.php?rest_route=%2Fwp%2Fv2%2Fproduct_tag&post=6287"}],"curies":[{"name":"wp","href":"https:\/\/api.w.org\/{rel}","templated":true}]}}