{"id":5971,"date":"2025-11-10T15:33:10","date_gmt":"2025-11-10T15:33:10","guid":{"rendered":"https:\/\/klamotslawek.pl\/?post_type=product&#038;p=5971"},"modified":"2025-11-10T15:40:18","modified_gmt":"2025-11-10T15:40:18","slug":"rozdrabniacz-do-galezi-kompostu-duzy-metalowy-305","status":"publish","type":"product","link":"https:\/\/klamotslawek.pl\/?product=rozdrabniacz-do-galezi-kompostu-duzy-metalowy-305","title":{"rendered":"Rozdrabniacz do ga\u0142\u0119zi kompostu du\u017cy metalowy \/ 305"},"content":{"rendered":"<p>&nbsp;<\/p>\n<p>&nbsp;<\/p>\n<p>Oferuje rozdrabniacz do ga\u0142\u0119zi Niemieckiej produkcji Gloria, niezast\u0105piony w pracach przydomowych i ogr\u00f3dkach. Jest idealnym urz\u0105dzeniem do rozdrabniania ga\u0142\u0119zi, krzew\u00f3w i kompostu. Uzyskany materia\u0142 doskonale nadaje si\u0119 do przygotowania kompostu lub do palenia, jak i r\u00f3wnie\u017c na podsypk\u0119 pod drzewka, krzewy itd. Bardzo mocny i wydajny silnik indukcyjny o mocy 2200 watt, dzi\u0119ki czemu praca idzie szybko. Rozdrabniacz jest solidnie wykonany z bardzo dobrych materia\u0142\u00f3w, obudowa metalowa, nie jest to marketowy chi\u0144ski rozdrabniacz, kt\u00f3ry po kilku u\u017cyciach potrzebuje jecha\u0107 na serwis, z ma\u0142ym komutatorowym silniczkiem. Rozdrabniacz posiada tarcze z dwoma no\u017cami z hartowanej stali, kt\u00f3re mo\u017cna ostrzy\u0107 i wymienia\u0107. Rozdrabniacz jest w pe\u0142ni sprawny, stan wizualny zgodny ze zdj\u0119ciami. Jest to profesjonalny rozdrabniacz solidnie wykonany.<\/p>\n<p>GRATIS NOWY PRZED\u0141U\u017bACZ I 5 WORK\u00d3W NA UROBEK.<\/p>\n<p>\u015arednica max ga\u0142\u0119zi 4 cm<br \/>\nNapi\u0119cie 230 V z gniazdka<br \/>\nWaga urz\u0105dzenia +\/- 60 Kg<br \/>\nStan wizualny zgodny ze zdj\u0119ciami , mo\u017cliwa wysy\u0142ka kurierem , transport<\/p>\n","protected":false},"excerpt":{"rendered":"<p>&nbsp; &nbsp; Oferuje rozdrabniacz do ga\u0142\u0119zi Niemieckiej produkcji Gloria, niezast\u0105piony w pracach przydomowych i ogr\u00f3dkach. Jest idealnym urz\u0105dzeniem do rozdrabniania ga\u0142\u0119zi, krzew\u00f3w i kompostu. Uzyskany materia\u0142 doskonale nadaje si\u0119 do przygotowania kompostu lub do palenia, jak i r\u00f3wnie\u017c na podsypk\u0119 pod drzewka, krzewy itd. Bardzo mocny i wydajny silnik indukcyjny o mocy 2200 watt, dzi\u0119ki&#8230;<\/p>\n","protected":false},"featured_media":5972,"comment_status":"open","ping_status":"closed","template":"","meta":{"_kadence_starter_templates_imported_post":false,"_kad_post_transparent":"default","_kad_post_title":"","_kad_post_layout":"default","_kad_post_sidebar_id":"","_kad_post_content_style":"default","_kad_post_vertical_padding":"default","_kad_post_feature":"","_kad_post_feature_position":"","_kad_post_header":false,"_kad_post_footer":false,"_kad_post_classname":""},"product_brand":[],"product_cat":[26],"product_tag":[],"class_list":{"0":"post-5971","1":"product","2":"type-product","3":"status-publish","4":"has-post-thumbnail","6":"product_cat-narzedzia","8":"first","9":"instock","10":"taxable","11":"shipping-taxable","12":"purchasable","13":"product-type-simple","14":"entry","15":"content-bg","16":"loop-entry"},"_links":{"self":[{"href":"https:\/\/klamotslawek.pl\/index.php?rest_route=\/wp\/v2\/product\/5971","targetHints":{"allow":["GET"]}}],"collection":[{"href":"https:\/\/klamotslawek.pl\/index.php?rest_route=\/wp\/v2\/product"}],"about":[{"href":"https:\/\/klamotslawek.pl\/index.php?rest_route=\/wp\/v2\/types\/product"}],"replies":[{"embeddable":true,"href":"https:\/\/klamotslawek.pl\/index.php?rest_route=%2Fwp%2Fv2%2Fcomments&post=5971"}],"wp:featuredmedia":[{"embeddable":true,"href":"https:\/\/klamotslawek.pl\/index.php?rest_route=\/wp\/v2\/media\/5972"}],"wp:attachment":[{"href":"https:\/\/klamotslawek.pl\/index.php?rest_route=%2Fwp%2Fv2%2Fmedia&parent=5971"}],"wp:term":[{"taxonomy":"product_brand","embeddable":true,"href":"https:\/\/klamotslawek.pl\/index.php?rest_route=%2Fwp%2Fv2%2Fproduct_brand&post=5971"},{"taxonomy":"product_cat","embeddable":true,"href":"https:\/\/klamotslawek.pl\/index.php?rest_route=%2Fwp%2Fv2%2Fproduct_cat&post=5971"},{"taxonomy":"product_tag","embeddable":true,"href":"https:\/\/klamotslawek.pl\/index.php?rest_route=%2Fwp%2Fv2%2Fproduct_tag&post=5971"}],"curies":[{"name":"wp","href":"https:\/\/api.w.org\/{rel}","templated":true}]}}