{"id":5867,"date":"2025-10-28T11:46:56","date_gmt":"2025-10-28T11:46:56","guid":{"rendered":"https:\/\/klamotslawek.pl\/?post_type=product&#038;p=5867"},"modified":"2025-10-28T11:46:56","modified_gmt":"2025-10-28T11:46:56","slug":"twinny-load-plus-bagaznik-rowerowy-na-hak-2-rowery-236","status":"publish","type":"product","link":"https:\/\/klamotslawek.pl\/?product=twinny-load-plus-bagaznik-rowerowy-na-hak-2-rowery-236","title":{"rendered":"TWINNY LOAD PLUS baga\u017cnik rowerowy na hak 2 rowery  \/ 236"},"content":{"rendered":"<p>&nbsp;<\/p>\n<p>&nbsp;<\/p>\n<p>mam na sprzeda\u017c baga\u017cnik rowerowy holenderskiej marki TWINNY LOAD, w wersji PLUS<\/p>\n<p>Dane podstawowe:<br \/>\nna 2 rowery<br \/>\nsolidna stalowa konstrukcja<br \/>\nno\u015bno\u015b\u0107 50\/75 kg (zobacz opis ni\u017cej)<br \/>\nwtyczka podw\u00f3jna 7 pin<\/p>\n<p>Dodatkowe informacje:<br \/>\nsolidna stalowa konstrukcja<br \/>\nmonta\u017c za korb\u0119\/peda\u0142a (2 wysoko\u015bci)<br \/>\nbezpieczne mocowanie &#8211; pewne i stabilne<br \/>\nmo\u017cliwo\u015b\u0107 odchylenia\/przybli\u017cenia rower\u00f3w wzgl\u0119dem siebie<br \/>\nopaski na ko\u0142a<br \/>\nStan techniczny:<br \/>\nw dobrym stanie technicznym<\/p>\n<p>o\u015bwietlenie sprawne<\/p>\n<p>Stan wizualny zgodny ze zdj\u0119ciami , proponuj\u0119 odbi\u00f3r osobisty , mo\u017cliwa wysy\u0142ka kurierem , transport<\/p>\n","protected":false},"excerpt":{"rendered":"<p>&nbsp; &nbsp; mam na sprzeda\u017c baga\u017cnik rowerowy holenderskiej marki TWINNY LOAD, w wersji PLUS Dane podstawowe: na 2 rowery solidna stalowa konstrukcja no\u015bno\u015b\u0107 50\/75 kg (zobacz opis ni\u017cej) wtyczka podw\u00f3jna 7 pin Dodatkowe informacje: solidna stalowa konstrukcja monta\u017c za korb\u0119\/peda\u0142a (2 wysoko\u015bci) bezpieczne mocowanie &#8211; pewne i stabilne mo\u017cliwo\u015b\u0107 odchylenia\/przybli\u017cenia rower\u00f3w wzgl\u0119dem siebie opaski na&#8230;<\/p>\n","protected":false},"featured_media":5872,"comment_status":"open","ping_status":"closed","template":"","meta":{"_kadence_starter_templates_imported_post":false,"_kad_post_transparent":"default","_kad_post_title":"","_kad_post_layout":"default","_kad_post_sidebar_id":"","_kad_post_content_style":"default","_kad_post_vertical_padding":"default","_kad_post_feature":"","_kad_post_feature_position":"","_kad_post_header":false,"_kad_post_footer":false,"_kad_post_classname":""},"product_brand":[],"product_cat":[27],"product_tag":[],"class_list":{"0":"post-5867","1":"product","2":"type-product","3":"status-publish","4":"has-post-thumbnail","6":"product_cat-rozne","8":"first","9":"instock","10":"taxable","11":"shipping-taxable","12":"purchasable","13":"product-type-simple","14":"entry","15":"content-bg","16":"loop-entry"},"_links":{"self":[{"href":"https:\/\/klamotslawek.pl\/index.php?rest_route=\/wp\/v2\/product\/5867","targetHints":{"allow":["GET"]}}],"collection":[{"href":"https:\/\/klamotslawek.pl\/index.php?rest_route=\/wp\/v2\/product"}],"about":[{"href":"https:\/\/klamotslawek.pl\/index.php?rest_route=\/wp\/v2\/types\/product"}],"replies":[{"embeddable":true,"href":"https:\/\/klamotslawek.pl\/index.php?rest_route=%2Fwp%2Fv2%2Fcomments&post=5867"}],"wp:featuredmedia":[{"embeddable":true,"href":"https:\/\/klamotslawek.pl\/index.php?rest_route=\/wp\/v2\/media\/5872"}],"wp:attachment":[{"href":"https:\/\/klamotslawek.pl\/index.php?rest_route=%2Fwp%2Fv2%2Fmedia&parent=5867"}],"wp:term":[{"taxonomy":"product_brand","embeddable":true,"href":"https:\/\/klamotslawek.pl\/index.php?rest_route=%2Fwp%2Fv2%2Fproduct_brand&post=5867"},{"taxonomy":"product_cat","embeddable":true,"href":"https:\/\/klamotslawek.pl\/index.php?rest_route=%2Fwp%2Fv2%2Fproduct_cat&post=5867"},{"taxonomy":"product_tag","embeddable":true,"href":"https:\/\/klamotslawek.pl\/index.php?rest_route=%2Fwp%2Fv2%2Fproduct_tag&post=5867"}],"curies":[{"name":"wp","href":"https:\/\/api.w.org\/{rel}","templated":true}]}}