{"id":5531,"date":"2025-10-14T15:37:29","date_gmt":"2025-10-14T15:37:29","guid":{"rendered":"https:\/\/klamotslawek.pl\/?post_type=product&#038;p=5531"},"modified":"2025-10-14T15:37:29","modified_gmt":"2025-10-14T15:37:29","slug":"szlifierka-oscyjacyjna-delta-bosch-pda-120e-120w-162","status":"publish","type":"product","link":"https:\/\/klamotslawek.pl\/?product=szlifierka-oscyjacyjna-delta-bosch-pda-120e-120w-162","title":{"rendered":"Szlifierka Oscyjacyjna Delta Bosch PDA 120E 120W \/ 162"},"content":{"rendered":"<p>&nbsp;<\/p>\n<p>&nbsp;<\/p>\n<p>&nbsp;<\/p>\n<section class=\"section\">\n<div class=\"item item-12\">\n<section class=\"text-item\"><a href=\"https:\/\/allegro.pl\/listing?string=elektronarz%C4%99dzia%20bosch\">BOSCH<\/a>\u00a0PDA 120E<\/p>\n<p>SPRZ\u0118T PRZETESTOWANY, JEST W PE\u0141NI SPRAWNY<\/p>\n<p>WIZUALNIE JAK NA ZDJ\u0118CIACH<\/p>\n<p>PRZEDMIOT U\u017bYWANY<\/p>\n<p>SPRZEDAWANY TAK JAK WIDA\u0106 NA ZDJ\u0118CIACH, ZATEM JE\u015aLI CZEGO\u015a NIE WIDA\u0106 TO ZNACZY, \u017bE TEGO NIE MA.<\/p>\n<p>&nbsp;<\/p>\n<\/section>\n<\/div>\n<\/section>\n<section class=\"section\">\n<div class=\"item item-6\">\n<section class=\"text-item\">G\u0142\u00f3wne cechy produktu:<\/p>\n<ul>\n<li>Moc: 120W<\/li>\n<li>Regulacja obrot\u00f3w<\/li>\n<\/ul>\n<\/section>\n<\/div>\n<\/section>\n","protected":false},"excerpt":{"rendered":"<p>&nbsp; &nbsp; &nbsp; BOSCH\u00a0PDA 120E SPRZ\u0118T PRZETESTOWANY, JEST W PE\u0141NI SPRAWNY WIZUALNIE JAK NA ZDJ\u0118CIACH PRZEDMIOT U\u017bYWANY SPRZEDAWANY TAK JAK WIDA\u0106 NA ZDJ\u0118CIACH, ZATEM JE\u015aLI CZEGO\u015a NIE WIDA\u0106 TO ZNACZY, \u017bE TEGO NIE MA. &nbsp; G\u0142\u00f3wne cechy produktu: Moc: 120W Regulacja obrot\u00f3w<\/p>\n","protected":false},"featured_media":5532,"comment_status":"open","ping_status":"closed","template":"","meta":{"_kadence_starter_templates_imported_post":false,"_kad_post_transparent":"default","_kad_post_title":"","_kad_post_layout":"default","_kad_post_sidebar_id":"","_kad_post_content_style":"default","_kad_post_vertical_padding":"default","_kad_post_feature":"","_kad_post_feature_position":"","_kad_post_header":false,"_kad_post_footer":false,"_kad_post_classname":""},"product_brand":[],"product_cat":[26],"product_tag":[],"class_list":{"0":"post-5531","1":"product","2":"type-product","3":"status-publish","4":"has-post-thumbnail","6":"product_cat-narzedzia","8":"first","9":"instock","10":"taxable","11":"shipping-taxable","12":"purchasable","13":"product-type-simple","14":"entry","15":"content-bg","16":"loop-entry"},"_links":{"self":[{"href":"https:\/\/klamotslawek.pl\/index.php?rest_route=\/wp\/v2\/product\/5531","targetHints":{"allow":["GET"]}}],"collection":[{"href":"https:\/\/klamotslawek.pl\/index.php?rest_route=\/wp\/v2\/product"}],"about":[{"href":"https:\/\/klamotslawek.pl\/index.php?rest_route=\/wp\/v2\/types\/product"}],"replies":[{"embeddable":true,"href":"https:\/\/klamotslawek.pl\/index.php?rest_route=%2Fwp%2Fv2%2Fcomments&post=5531"}],"wp:featuredmedia":[{"embeddable":true,"href":"https:\/\/klamotslawek.pl\/index.php?rest_route=\/wp\/v2\/media\/5532"}],"wp:attachment":[{"href":"https:\/\/klamotslawek.pl\/index.php?rest_route=%2Fwp%2Fv2%2Fmedia&parent=5531"}],"wp:term":[{"taxonomy":"product_brand","embeddable":true,"href":"https:\/\/klamotslawek.pl\/index.php?rest_route=%2Fwp%2Fv2%2Fproduct_brand&post=5531"},{"taxonomy":"product_cat","embeddable":true,"href":"https:\/\/klamotslawek.pl\/index.php?rest_route=%2Fwp%2Fv2%2Fproduct_cat&post=5531"},{"taxonomy":"product_tag","embeddable":true,"href":"https:\/\/klamotslawek.pl\/index.php?rest_route=%2Fwp%2Fv2%2Fproduct_tag&post=5531"}],"curies":[{"name":"wp","href":"https:\/\/api.w.org\/{rel}","templated":true}]}}