{"id":5497,"date":"2025-10-14T15:00:16","date_gmt":"2025-10-14T15:00:16","guid":{"rendered":"https:\/\/klamotslawek.pl\/?post_type=product&#038;p=5497"},"modified":"2025-10-14T15:00:16","modified_gmt":"2025-10-14T15:00:16","slug":"lampa-podlogowa-197","status":"publish","type":"product","link":"https:\/\/klamotslawek.pl\/?product=lampa-podlogowa-197","title":{"rendered":"lampa pod\u0142ogowa \/ 197"},"content":{"rendered":"<p>sprzedam lamp\u0119 pod\u0142ogow\u0105 w dobrym stanie , nie zniszczona , stan wizualny lampy zgodny ze zdj\u0119ciami , lampa posiada regulacj\u0119 wysoko\u015bci aba\u017curu , wysoko\u015b\u0107 max 158 cm , stan wizualny lampy zgodny ze zdj\u0119ciami<\/p>\n","protected":false},"excerpt":{"rendered":"<p>sprzedam lamp\u0119 pod\u0142ogow\u0105 w dobrym stanie , nie zniszczona , stan wizualny lampy zgodny ze zdj\u0119ciami , lampa posiada regulacj\u0119 wysoko\u015bci aba\u017curu , wysoko\u015b\u0107 max 158 cm , stan wizualny lampy zgodny ze zdj\u0119ciami<\/p>\n","protected":false},"featured_media":5491,"comment_status":"open","ping_status":"closed","template":"","meta":{"_kadence_starter_templates_imported_post":false,"_kad_post_transparent":"default","_kad_post_title":"","_kad_post_layout":"default","_kad_post_sidebar_id":"","_kad_post_content_style":"default","_kad_post_vertical_padding":"default","_kad_post_feature":"","_kad_post_feature_position":"","_kad_post_header":false,"_kad_post_footer":false,"_kad_post_classname":""},"product_brand":[],"product_cat":[24],"product_tag":[],"class_list":{"0":"post-5497","1":"product","2":"type-product","3":"status-publish","4":"has-post-thumbnail","6":"product_cat-dekoracje","8":"first","9":"instock","10":"taxable","11":"shipping-taxable","12":"purchasable","13":"product-type-simple","14":"entry","15":"content-bg","16":"loop-entry"},"_links":{"self":[{"href":"https:\/\/klamotslawek.pl\/index.php?rest_route=\/wp\/v2\/product\/5497","targetHints":{"allow":["GET"]}}],"collection":[{"href":"https:\/\/klamotslawek.pl\/index.php?rest_route=\/wp\/v2\/product"}],"about":[{"href":"https:\/\/klamotslawek.pl\/index.php?rest_route=\/wp\/v2\/types\/product"}],"replies":[{"embeddable":true,"href":"https:\/\/klamotslawek.pl\/index.php?rest_route=%2Fwp%2Fv2%2Fcomments&post=5497"}],"wp:featuredmedia":[{"embeddable":true,"href":"https:\/\/klamotslawek.pl\/index.php?rest_route=\/wp\/v2\/media\/5491"}],"wp:attachment":[{"href":"https:\/\/klamotslawek.pl\/index.php?rest_route=%2Fwp%2Fv2%2Fmedia&parent=5497"}],"wp:term":[{"taxonomy":"product_brand","embeddable":true,"href":"https:\/\/klamotslawek.pl\/index.php?rest_route=%2Fwp%2Fv2%2Fproduct_brand&post=5497"},{"taxonomy":"product_cat","embeddable":true,"href":"https:\/\/klamotslawek.pl\/index.php?rest_route=%2Fwp%2Fv2%2Fproduct_cat&post=5497"},{"taxonomy":"product_tag","embeddable":true,"href":"https:\/\/klamotslawek.pl\/index.php?rest_route=%2Fwp%2Fv2%2Fproduct_tag&post=5497"}],"curies":[{"name":"wp","href":"https:\/\/api.w.org\/{rel}","templated":true}]}}