{"id":5162,"date":"2025-09-18T08:39:20","date_gmt":"2025-09-18T08:39:20","guid":{"rendered":"https:\/\/klamotslawek.pl\/?post_type=product&#038;p=5162"},"modified":"2025-09-18T08:39:20","modified_gmt":"2025-09-18T08:39:20","slug":"maszyna-do-szycia-801","status":"publish","type":"product","link":"https:\/\/klamotslawek.pl\/?product=maszyna-do-szycia-801","title":{"rendered":"maszyna do szycia  \/ 801"},"content":{"rendered":"<p>&nbsp;<\/p>\n<p>&nbsp;<\/p>\n<p>Maszyna do szycia u\u017cywana. Idealna dla pasjonat\u00f3w krawiectwa i majsterkowania. Solidna konstrukcja i prosta obs\u0142uga pozwalaj\u0105 szybko i precyzyjnie wykona\u0107 wszelkie projekty. Doskona\u0142e narz\u0119dzie do domowego u\u017cytku.<br \/>\nStan wizualny maszyny zgodny ze zdj\u0119ciami , sprawna , dzia\u0142a bez zarzut\u00f3w , mo\u017cliwa wysy\u0142ka kurierem , transport<\/p>\n","protected":false},"excerpt":{"rendered":"<p>&nbsp; &nbsp; Maszyna do szycia u\u017cywana. Idealna dla pasjonat\u00f3w krawiectwa i majsterkowania. Solidna konstrukcja i prosta obs\u0142uga pozwalaj\u0105 szybko i precyzyjnie wykona\u0107 wszelkie projekty. Doskona\u0142e narz\u0119dzie do domowego u\u017cytku. Stan wizualny maszyny zgodny ze zdj\u0119ciami , sprawna , dzia\u0142a bez zarzut\u00f3w , mo\u017cliwa wysy\u0142ka kurierem , transport<\/p>\n","protected":false},"featured_media":5163,"comment_status":"open","ping_status":"closed","template":"","meta":{"_kadence_starter_templates_imported_post":false,"_kad_post_transparent":"default","_kad_post_title":"","_kad_post_layout":"default","_kad_post_sidebar_id":"","_kad_post_content_style":"default","_kad_post_vertical_padding":"default","_kad_post_feature":"","_kad_post_feature_position":"","_kad_post_header":false,"_kad_post_footer":false,"_kad_post_classname":""},"product_brand":[],"product_cat":[27],"product_tag":[],"class_list":{"0":"post-5162","1":"product","2":"type-product","3":"status-publish","4":"has-post-thumbnail","6":"product_cat-rozne","8":"first","9":"instock","10":"taxable","11":"shipping-taxable","12":"purchasable","13":"product-type-simple","14":"entry","15":"content-bg","16":"loop-entry"},"_links":{"self":[{"href":"https:\/\/klamotslawek.pl\/index.php?rest_route=\/wp\/v2\/product\/5162","targetHints":{"allow":["GET"]}}],"collection":[{"href":"https:\/\/klamotslawek.pl\/index.php?rest_route=\/wp\/v2\/product"}],"about":[{"href":"https:\/\/klamotslawek.pl\/index.php?rest_route=\/wp\/v2\/types\/product"}],"replies":[{"embeddable":true,"href":"https:\/\/klamotslawek.pl\/index.php?rest_route=%2Fwp%2Fv2%2Fcomments&post=5162"}],"wp:featuredmedia":[{"embeddable":true,"href":"https:\/\/klamotslawek.pl\/index.php?rest_route=\/wp\/v2\/media\/5163"}],"wp:attachment":[{"href":"https:\/\/klamotslawek.pl\/index.php?rest_route=%2Fwp%2Fv2%2Fmedia&parent=5162"}],"wp:term":[{"taxonomy":"product_brand","embeddable":true,"href":"https:\/\/klamotslawek.pl\/index.php?rest_route=%2Fwp%2Fv2%2Fproduct_brand&post=5162"},{"taxonomy":"product_cat","embeddable":true,"href":"https:\/\/klamotslawek.pl\/index.php?rest_route=%2Fwp%2Fv2%2Fproduct_cat&post=5162"},{"taxonomy":"product_tag","embeddable":true,"href":"https:\/\/klamotslawek.pl\/index.php?rest_route=%2Fwp%2Fv2%2Fproduct_tag&post=5162"}],"curies":[{"name":"wp","href":"https:\/\/api.w.org\/{rel}","templated":true}]}}