{"id":2408,"date":"2024-06-17T13:59:02","date_gmt":"2024-06-17T13:59:02","guid":{"rendered":"https:\/\/klamotslawek.pl\/?post_type=product&#038;p=2408"},"modified":"2024-06-17T13:59:02","modified_gmt":"2024-06-17T13:59:02","slug":"zestaw-mebli-prl-szafka-z-lustrem-dwie-szafki-nocne-684","status":"publish","type":"product","link":"https:\/\/klamotslawek.pl\/?product=zestaw-mebli-prl-szafka-z-lustrem-dwie-szafki-nocne-684","title":{"rendered":"zestaw mebli PRL &#8211; szafka z lustrem + dwie szafki nocne \/ 684"},"content":{"rendered":"<p>sprzedam komplet mebli PRL &#8211; szafk\u0119 z lustrem plus dwie szafki nocne , stan mebli oceniam na dobry , wysoki po\u0142ysk , nie zniszczone , na ka\u017cdej szafce jest szk\u0142o , stan wizualny mebli zgodny ze zdj\u0119ciami , wymiar : szafki nocna blat 33\/60 cm , wysoko\u015b\u0107 46 cm g\u0142\u0119boko\u015b\u0107 boczna 30 cm , , szafka z lustrem blat 44\/126 cm , wysoko\u015b\u0107 do blatu 46 cm , wysoko\u015b\u0107 z gzymsem 53 cm , lustro wysoko\u015b\u0107 120 cm , szeroko\u015b\u0107 92 cm , ca\u0142kowita wysoko\u015b\u0107 lustra 164 cm , proponuj\u0119 odbi\u00f3r osobisty , mo\u017cliwa wysy\u0142ka kurierem , transport<\/p>\n","protected":false},"excerpt":{"rendered":"<p>SPRZEDAM KOMPLET\u00a0 MEBKI DO SYPIALNII\u00a0 PRL<\/p>\n","protected":false},"featured_media":2409,"comment_status":"open","ping_status":"closed","template":"","meta":{"_kadence_starter_templates_imported_post":false,"_kad_post_transparent":"default","_kad_post_title":"","_kad_post_layout":"default","_kad_post_sidebar_id":"","_kad_post_content_style":"default","_kad_post_vertical_padding":"default","_kad_post_feature":"","_kad_post_feature_position":"","_kad_post_header":false,"_kad_post_footer":false,"_kad_post_classname":""},"product_brand":[],"product_cat":[22],"product_tag":[],"class_list":{"0":"post-2408","1":"product","2":"type-product","3":"status-publish","4":"has-post-thumbnail","6":"product_cat-meble","8":"first","9":"instock","10":"taxable","11":"shipping-taxable","12":"purchasable","13":"product-type-simple","14":"entry","15":"content-bg","16":"loop-entry"},"_links":{"self":[{"href":"https:\/\/klamotslawek.pl\/index.php?rest_route=\/wp\/v2\/product\/2408","targetHints":{"allow":["GET"]}}],"collection":[{"href":"https:\/\/klamotslawek.pl\/index.php?rest_route=\/wp\/v2\/product"}],"about":[{"href":"https:\/\/klamotslawek.pl\/index.php?rest_route=\/wp\/v2\/types\/product"}],"replies":[{"embeddable":true,"href":"https:\/\/klamotslawek.pl\/index.php?rest_route=%2Fwp%2Fv2%2Fcomments&post=2408"}],"wp:featuredmedia":[{"embeddable":true,"href":"https:\/\/klamotslawek.pl\/index.php?rest_route=\/wp\/v2\/media\/2409"}],"wp:attachment":[{"href":"https:\/\/klamotslawek.pl\/index.php?rest_route=%2Fwp%2Fv2%2Fmedia&parent=2408"}],"wp:term":[{"taxonomy":"product_brand","embeddable":true,"href":"https:\/\/klamotslawek.pl\/index.php?rest_route=%2Fwp%2Fv2%2Fproduct_brand&post=2408"},{"taxonomy":"product_cat","embeddable":true,"href":"https:\/\/klamotslawek.pl\/index.php?rest_route=%2Fwp%2Fv2%2Fproduct_cat&post=2408"},{"taxonomy":"product_tag","embeddable":true,"href":"https:\/\/klamotslawek.pl\/index.php?rest_route=%2Fwp%2Fv2%2Fproduct_tag&post=2408"}],"curies":[{"name":"wp","href":"https:\/\/api.w.org\/{rel}","templated":true}]}}