{"id":2345,"date":"2024-06-03T16:49:16","date_gmt":"2024-06-03T16:49:16","guid":{"rendered":"https:\/\/klamotslawek.pl\/?post_type=product&#038;p=2345"},"modified":"2024-06-03T16:49:16","modified_gmt":"2024-06-03T16:49:16","slug":"kredens-180","status":"publish","type":"product","link":"https:\/\/klamotslawek.pl\/?product=kredens-180","title":{"rendered":"Kredens \/ 180"},"content":{"rendered":"<p>Mamy do zaoferowania stylowy kredens . Mebel sk\u0142ada si\u0119 z dw\u00f3ch cz\u0119\u015bci. D\u00f3\u0142 to pojemna komoda osadzona na zdobionej podstawie. G\u00f3ra to przeszklona nadstawka wyko\u0144czona ozdobnymi listwami i szprosami. Wymiary: wysoko\u015b\u0107 \u2013 200cm , g\u00f3rny gzyms 35\/148 cm , cz\u0119\u015b\u0107 oszklona 34\/140 cm , wysoko\u015b\u0107 do blatu 81 cm , komoda 42\/158 cm Stan wizualny kredensu zgodny ze zdj\u0119ciami , proponuj\u0119 odbi\u00f3r osobisty , oczywi\u015bcie na \u017cyczenie wysy\u0142ka zaufanym kurierem prywatnym , transport<\/p>\n","protected":false},"excerpt":{"rendered":"<p>sprzedam kredens<\/p>\n","protected":false},"featured_media":2346,"comment_status":"open","ping_status":"closed","template":"","meta":{"_kadence_starter_templates_imported_post":false,"_kad_post_transparent":"default","_kad_post_title":"","_kad_post_layout":"default","_kad_post_sidebar_id":"","_kad_post_content_style":"default","_kad_post_vertical_padding":"default","_kad_post_feature":"","_kad_post_feature_position":"","_kad_post_header":false,"_kad_post_footer":false,"_kad_post_classname":""},"product_brand":[],"product_cat":[22],"product_tag":[],"class_list":{"0":"post-2345","1":"product","2":"type-product","3":"status-publish","4":"has-post-thumbnail","6":"product_cat-meble","8":"first","9":"instock","10":"taxable","11":"shipping-taxable","12":"purchasable","13":"product-type-simple","14":"entry","15":"content-bg","16":"loop-entry"},"_links":{"self":[{"href":"https:\/\/klamotslawek.pl\/index.php?rest_route=\/wp\/v2\/product\/2345","targetHints":{"allow":["GET"]}}],"collection":[{"href":"https:\/\/klamotslawek.pl\/index.php?rest_route=\/wp\/v2\/product"}],"about":[{"href":"https:\/\/klamotslawek.pl\/index.php?rest_route=\/wp\/v2\/types\/product"}],"replies":[{"embeddable":true,"href":"https:\/\/klamotslawek.pl\/index.php?rest_route=%2Fwp%2Fv2%2Fcomments&post=2345"}],"wp:featuredmedia":[{"embeddable":true,"href":"https:\/\/klamotslawek.pl\/index.php?rest_route=\/wp\/v2\/media\/2346"}],"wp:attachment":[{"href":"https:\/\/klamotslawek.pl\/index.php?rest_route=%2Fwp%2Fv2%2Fmedia&parent=2345"}],"wp:term":[{"taxonomy":"product_brand","embeddable":true,"href":"https:\/\/klamotslawek.pl\/index.php?rest_route=%2Fwp%2Fv2%2Fproduct_brand&post=2345"},{"taxonomy":"product_cat","embeddable":true,"href":"https:\/\/klamotslawek.pl\/index.php?rest_route=%2Fwp%2Fv2%2Fproduct_cat&post=2345"},{"taxonomy":"product_tag","embeddable":true,"href":"https:\/\/klamotslawek.pl\/index.php?rest_route=%2Fwp%2Fv2%2Fproduct_tag&post=2345"}],"curies":[{"name":"wp","href":"https:\/\/api.w.org\/{rel}","templated":true}]}}