{"id":2145,"date":"2024-04-22T16:56:25","date_gmt":"2024-04-22T16:56:25","guid":{"rendered":"https:\/\/klamotslawek.pl\/?post_type=product&#038;p=2145"},"modified":"2024-04-22T16:56:25","modified_gmt":"2024-04-22T16:56:25","slug":"szafka-274","status":"publish","type":"product","link":"https:\/\/klamotslawek.pl\/?product=szafka-274","title":{"rendered":"szafka \/ 274"},"content":{"rendered":"<p>sprzedam ma\u0142\u0105 drewnian\u0105 szafk\u0119 w dobrym stanie , stan wizualny szafki zgodny ze zdj\u0119ciami , wymiar : wysoko\u015b\u0107 61 cm , blat 28,5\/49 cm ,proponuj\u0119 odbi\u00f3r osobisty , mo\u017cliwa wysy\u0142ka kurierem , transport<\/p>\n","protected":false},"excerpt":{"rendered":"<p>SPRZEDAM MA\u0141\u0104 SZAFK\u0118<\/p>\n","protected":false},"featured_media":2146,"comment_status":"open","ping_status":"closed","template":"","meta":{"_kadence_starter_templates_imported_post":false,"_kad_post_transparent":"default","_kad_post_title":"","_kad_post_layout":"default","_kad_post_sidebar_id":"","_kad_post_content_style":"default","_kad_post_vertical_padding":"default","_kad_post_feature":"","_kad_post_feature_position":"","_kad_post_header":false,"_kad_post_footer":false,"_kad_post_classname":""},"product_brand":[],"product_cat":[22],"product_tag":[],"class_list":{"0":"post-2145","1":"product","2":"type-product","3":"status-publish","4":"has-post-thumbnail","6":"product_cat-meble","8":"first","9":"instock","10":"taxable","11":"shipping-taxable","12":"purchasable","13":"product-type-simple","14":"entry","15":"content-bg","16":"loop-entry"},"_links":{"self":[{"href":"https:\/\/klamotslawek.pl\/index.php?rest_route=\/wp\/v2\/product\/2145","targetHints":{"allow":["GET"]}}],"collection":[{"href":"https:\/\/klamotslawek.pl\/index.php?rest_route=\/wp\/v2\/product"}],"about":[{"href":"https:\/\/klamotslawek.pl\/index.php?rest_route=\/wp\/v2\/types\/product"}],"replies":[{"embeddable":true,"href":"https:\/\/klamotslawek.pl\/index.php?rest_route=%2Fwp%2Fv2%2Fcomments&post=2145"}],"wp:featuredmedia":[{"embeddable":true,"href":"https:\/\/klamotslawek.pl\/index.php?rest_route=\/wp\/v2\/media\/2146"}],"wp:attachment":[{"href":"https:\/\/klamotslawek.pl\/index.php?rest_route=%2Fwp%2Fv2%2Fmedia&parent=2145"}],"wp:term":[{"taxonomy":"product_brand","embeddable":true,"href":"https:\/\/klamotslawek.pl\/index.php?rest_route=%2Fwp%2Fv2%2Fproduct_brand&post=2145"},{"taxonomy":"product_cat","embeddable":true,"href":"https:\/\/klamotslawek.pl\/index.php?rest_route=%2Fwp%2Fv2%2Fproduct_cat&post=2145"},{"taxonomy":"product_tag","embeddable":true,"href":"https:\/\/klamotslawek.pl\/index.php?rest_route=%2Fwp%2Fv2%2Fproduct_tag&post=2145"}],"curies":[{"name":"wp","href":"https:\/\/api.w.org\/{rel}","templated":true}]}}