{"id":1950,"date":"2024-04-05T12:36:24","date_gmt":"2024-04-05T12:36:24","guid":{"rendered":"https:\/\/klamotslawek.pl\/?post_type=product&#038;p=1950"},"modified":"2024-04-05T12:36:24","modified_gmt":"2024-04-05T12:36:24","slug":"stolik-niski-480","status":"publish","type":"product","link":"https:\/\/klamotslawek.pl\/?product=stolik-niski-480","title":{"rendered":"stolik niski \/ 480"},"content":{"rendered":"<p>sprzedam niski stolik w dobrym stanie , stan wizualny stolika zgodny ze zdj\u0119ciami , wymiar : wysoko\u015b\u0107 45 cm , blat 46\/73 cm<\/p>\n","protected":false},"excerpt":{"rendered":"<p>sprzedam niski stolik<\/p>\n","protected":false},"featured_media":1951,"comment_status":"open","ping_status":"closed","template":"","meta":{"_kadence_starter_templates_imported_post":false,"_kad_post_transparent":"default","_kad_post_title":"","_kad_post_layout":"default","_kad_post_sidebar_id":"","_kad_post_content_style":"default","_kad_post_vertical_padding":"default","_kad_post_feature":"","_kad_post_feature_position":"","_kad_post_header":false,"_kad_post_footer":false,"_kad_post_classname":""},"product_brand":[],"product_cat":[22],"product_tag":[],"class_list":{"0":"post-1950","1":"product","2":"type-product","3":"status-publish","4":"has-post-thumbnail","6":"product_cat-meble","8":"first","9":"instock","10":"taxable","11":"shipping-taxable","12":"purchasable","13":"product-type-simple","14":"entry","15":"content-bg","16":"loop-entry"},"_links":{"self":[{"href":"https:\/\/klamotslawek.pl\/index.php?rest_route=\/wp\/v2\/product\/1950","targetHints":{"allow":["GET"]}}],"collection":[{"href":"https:\/\/klamotslawek.pl\/index.php?rest_route=\/wp\/v2\/product"}],"about":[{"href":"https:\/\/klamotslawek.pl\/index.php?rest_route=\/wp\/v2\/types\/product"}],"replies":[{"embeddable":true,"href":"https:\/\/klamotslawek.pl\/index.php?rest_route=%2Fwp%2Fv2%2Fcomments&post=1950"}],"wp:featuredmedia":[{"embeddable":true,"href":"https:\/\/klamotslawek.pl\/index.php?rest_route=\/wp\/v2\/media\/1951"}],"wp:attachment":[{"href":"https:\/\/klamotslawek.pl\/index.php?rest_route=%2Fwp%2Fv2%2Fmedia&parent=1950"}],"wp:term":[{"taxonomy":"product_brand","embeddable":true,"href":"https:\/\/klamotslawek.pl\/index.php?rest_route=%2Fwp%2Fv2%2Fproduct_brand&post=1950"},{"taxonomy":"product_cat","embeddable":true,"href":"https:\/\/klamotslawek.pl\/index.php?rest_route=%2Fwp%2Fv2%2Fproduct_cat&post=1950"},{"taxonomy":"product_tag","embeddable":true,"href":"https:\/\/klamotslawek.pl\/index.php?rest_route=%2Fwp%2Fv2%2Fproduct_tag&post=1950"}],"curies":[{"name":"wp","href":"https:\/\/api.w.org\/{rel}","templated":true}]}}