{"id":1489,"date":"2024-03-11T16:44:11","date_gmt":"2024-03-11T16:44:11","guid":{"rendered":"https:\/\/klamotslawek.pl\/?post_type=product&#038;p=1489"},"modified":"2024-03-11T16:44:11","modified_gmt":"2024-03-11T16:44:11","slug":"stylowy-kredens-234","status":"publish","type":"product","link":"https:\/\/klamotslawek.pl\/?product=stylowy-kredens-234","title":{"rendered":"stylowy kredens \/ 234"},"content":{"rendered":"<p>mam do sprzedania kredens w dobrym stanie , nie zniszczony , stabilny , super si\u0119 prezentuje , stan wizualny mebla zgodny ze zdj\u0119ciami ,,, mebel sk\u0142ada si\u0119 z dw\u00f3ch cz\u0119\u015bci , wymiar &#8212; wysoko\u015b\u0107 204 cm , g\u00f3rny gzyms 46\/174 cm , wysoko\u015b\u0107 komody- do\u0142u 75 cm , szeroko\u015b\u0107 g\u00f3ry 163 cm , proponuj\u0119 odbi\u00f3r osobisty , oczywi\u015bcie na \u017cyczenie transport , ewentualnie wysy\u0142ka kurierem<\/p>\n","protected":false},"excerpt":{"rendered":"<p>mam do sprzedania stylowy kredens<\/p>\n","protected":false},"featured_media":1490,"comment_status":"open","ping_status":"closed","template":"","meta":{"_kadence_starter_templates_imported_post":false,"_kad_post_transparent":"default","_kad_post_title":"","_kad_post_layout":"default","_kad_post_sidebar_id":"","_kad_post_content_style":"default","_kad_post_vertical_padding":"default","_kad_post_feature":"","_kad_post_feature_position":"","_kad_post_header":false,"_kad_post_footer":false,"_kad_post_classname":""},"product_brand":[],"product_cat":[22],"product_tag":[],"class_list":{"0":"post-1489","1":"product","2":"type-product","3":"status-publish","4":"has-post-thumbnail","6":"product_cat-meble","8":"first","9":"instock","10":"taxable","11":"shipping-taxable","12":"purchasable","13":"product-type-simple","14":"entry","15":"content-bg","16":"loop-entry"},"_links":{"self":[{"href":"https:\/\/klamotslawek.pl\/index.php?rest_route=\/wp\/v2\/product\/1489","targetHints":{"allow":["GET"]}}],"collection":[{"href":"https:\/\/klamotslawek.pl\/index.php?rest_route=\/wp\/v2\/product"}],"about":[{"href":"https:\/\/klamotslawek.pl\/index.php?rest_route=\/wp\/v2\/types\/product"}],"replies":[{"embeddable":true,"href":"https:\/\/klamotslawek.pl\/index.php?rest_route=%2Fwp%2Fv2%2Fcomments&post=1489"}],"wp:featuredmedia":[{"embeddable":true,"href":"https:\/\/klamotslawek.pl\/index.php?rest_route=\/wp\/v2\/media\/1490"}],"wp:attachment":[{"href":"https:\/\/klamotslawek.pl\/index.php?rest_route=%2Fwp%2Fv2%2Fmedia&parent=1489"}],"wp:term":[{"taxonomy":"product_brand","embeddable":true,"href":"https:\/\/klamotslawek.pl\/index.php?rest_route=%2Fwp%2Fv2%2Fproduct_brand&post=1489"},{"taxonomy":"product_cat","embeddable":true,"href":"https:\/\/klamotslawek.pl\/index.php?rest_route=%2Fwp%2Fv2%2Fproduct_cat&post=1489"},{"taxonomy":"product_tag","embeddable":true,"href":"https:\/\/klamotslawek.pl\/index.php?rest_route=%2Fwp%2Fv2%2Fproduct_tag&post=1489"}],"curies":[{"name":"wp","href":"https:\/\/api.w.org\/{rel}","templated":true}]}}